{"id":148090,"date":"2021-01-15T10:56:35","date_gmt":"2021-01-15T10:56:35","guid":{"rendered":"https:\/\/codengine3.ch\/?product=import-placeholder-for-206793"},"modified":"2022-03-31T11:56:53","modified_gmt":"2022-03-31T09:56:53","slug":"england-nord","status":"publish","type":"product","link":"https:\/\/pizbube.ch\/en\/shop\/england-nord\/","title":{"rendered":"England Nord"},"content":{"rendered":"<p>mit Lake District, Yorkshire Dales, Northumberland &#8211; 60 Touren<\/p>\n<p>Der Norden von England ist hierzulande als Ziel f\u00fcr einen Wanderurlaub nicht<br \/>\nallzu bekannt, dies aber v\u00f6llig zu Unrecht. Nicht umsonst geh\u00f6ren Lake<br \/>\nDistrict und Yorkshire Dales zu den bekanntesten Wanderregionen<br \/>\nGro\u00dfbritanniens und k\u00f6nnen selbst anspruchsvolle Wanderer begeistern. Doch<br \/>\nauch hinter weniger bekannten Namen wie North York Moors, Northumberland Coast<br \/>\noder Cheviot Hills verbergen sich erstklassige Wanderreviere mit<br \/>\natemberaubenden Landschaften und Hunderten von Wanderm\u00f6glichkeiten aller<br \/>\nL\u00e4ngen und Schwierigkeitsgrade.<\/p>\n<p>Ob schroffe Bergwelt, ausgedehnte Heidegebiete, vielgestaltige K\u00fcsten,<br \/>\nSeenlandschaften oder idyllische H\u00fcgel: F\u00fcr jeden Geschmack gibt es geeignete<br \/>\nTouren. Selten befindet sich landschaftlich so Unterschiedliches in so enger<br \/>\nNachbarschaft. Mit Steinkreisen und R\u00f6merforts, Burgen und Ruinen,<br \/>\nHerrenh\u00e4usern, G\u00e4rten und Parks sind au\u00dferdem spannende Entdeckungen<br \/>\ngarantiert. H\u00fcbsche Ortschaften und urige Pubs runden so manche Wanderung ab.<\/p>\n<p>Dieser Rother Wanderf\u00fchrer stellt in 60 Touren die unterschiedlichen<br \/>\nLandschaften und Regionen im Norden von England vor. Die Anforderungen reichen<br \/>\nvom einfachen Spaziergang f\u00fcr die ganze Familie bis zur anspruchsvollen Tour<br \/>\nmit alpinem Charakter. Alle Tourenvorschl\u00e4ge sind leicht nachvollziehbar mit<br \/>\neiner ausf\u00fchrlichen Wegbeschreibung, einem Kartenausschnitt mit eingetragenem<br \/>\nRoutenverlauf, einem aussagekr\u00e4ftigen H\u00f6henprofil und GPS-Daten zum Download<br \/>\ndargestellt. Die abwechslungsreichen Farbfotos vermitteln einen ersten<br \/>\nEindruck von dieser spannenden Wanderregion.<\/p>\n<p>1. Auflage 2014; 184 Seiten mit 101 Farbabbildungen<br \/>\n60 H\u00f6henprofile, 60 Wanderk\u00e4rtchen im Ma\u00dfstab 1:50.000, 1:75.000 und 1:100.000<br \/>\nsowie zwei \u00dcbersichtskarten im Ma\u00dfstab 1:2.000.000 und 1:3.500.000<\/p>","protected":false},"excerpt":{"rendered":"<ul>\n<li><a href=\"https:\/\/pizbube.ch\/wp-content\/uploads\/attachments\/a_022\/70EB37C7992F70A0B974AC4EC9945F02.pdf\" target=\"_blank\" rel=\"noopener\">PDF: England Nord_Inhalt.pdf<\/a><\/li>\n<\/ul>","protected":false},"featured_media":36146,"template":"","meta":[],"product_brand":[],"product_cat":[21605],"product_tag":[],"class_list":{"0":"post-148090","1":"product","2":"type-product","3":"status-publish","4":"has-post-thumbnail","6":"product_cat-wanderfuehrer-trekking","7":"pa_autor-gilcher","8":"pa_erscheinungsjahr-21550","9":"pa_region-grossbritannien-scottland","10":"pa_sprache-de","12":"first","13":"instock","14":"taxable","15":"shipping-taxable","16":"purchasable","17":"product-type-simple"},"_links":{"self":[{"href":"https:\/\/pizbube.ch\/en\/wp-json\/wp\/v2\/product\/148090","targetHints":{"allow":["GET"]}}],"collection":[{"href":"https:\/\/pizbube.ch\/en\/wp-json\/wp\/v2\/product"}],"about":[{"href":"https:\/\/pizbube.ch\/en\/wp-json\/wp\/v2\/types\/product"}],"wp:featuredmedia":[{"embeddable":true,"href":"https:\/\/pizbube.ch\/en\/wp-json\/wp\/v2\/media\/36146"}],"wp:attachment":[{"href":"https:\/\/pizbube.ch\/en\/wp-json\/wp\/v2\/media?parent=148090"}],"wp:term":[{"taxonomy":"product_brand","embeddable":true,"href":"https:\/\/pizbube.ch\/en\/wp-json\/wp\/v2\/product_brand?post=148090"},{"taxonomy":"product_cat","embeddable":true,"href":"https:\/\/pizbube.ch\/en\/wp-json\/wp\/v2\/product_cat?post=148090"},{"taxonomy":"product_tag","embeddable":true,"href":"https:\/\/pizbube.ch\/en\/wp-json\/wp\/v2\/product_tag?post=148090"}],"curies":[{"name":"wp","href":"https:\/\/api.w.org\/{rel}","templated":true}]}}