{"id":148093,"date":"2021-01-15T10:56:35","date_gmt":"2021-01-15T10:56:35","guid":{"rendered":"https:\/\/codengine3.ch\/?product=import-placeholder-for-200694"},"modified":"2021-01-15T11:00:02","modified_gmt":"2021-01-15T11:00:02","slug":"england-sued-zwischen-dover-london-jurassic-coast-und-exmoor","status":"publish","type":"product","link":"https:\/\/pizbube.ch\/en\/shop\/england-sued-zwischen-dover-london-jurassic-coast-und-exmoor\/","title":{"rendered":"England S\u00fcd &#8211; Zwischen Dover, London, Jurassic Coast und Exmoor"},"content":{"rendered":"<p>England at its best! Die mystischen Steingiganten von Stonehenge, der<br \/>\nsagenumwobene Glastonbury Tor, die wei\u00dfen Kreidefelsen von Dover \u2013 das sind<br \/>\nnur einige der Highlights, die es in Englands S\u00fcden zu entdecken gibt. Mit dem<br \/>\nRother Wanderf\u00fchrer England S\u00fcd lassen sich wildromantische Landschaften,<br \/>\ndramatische K\u00fcstenabschnitte, grandiose G\u00e4rten und Parks erkunden.<\/p>\n<p>56 abwechslungsreiche Touren bieten ein spannendes Programm f\u00fcr Familien,<br \/>\nGenusswanderer und Kulturhungrige: Malerische Spazierg\u00e4nge oder l\u00e4ngere<br \/>\nTagestouren f\u00fchren durch Kent, den \u00bbGarten Englands\u00ab, oder \u00fcber die Isle of<br \/>\nWight. Erwandern Sie Dorset mit der spektakul\u00e4ren Jurassic Coast, Wiltshire<br \/>\nmit seinen pr\u00e4historischen Zeugnissen oder das einsame Exmoor im \u00e4u\u00dfersten<br \/>\nWesten von Somerset. Mittelalterliche Burgen, pr\u00e4chtige Herrenh\u00e4user und<br \/>\nreetgedeckte Cottages laden zur Fotopause ein. Und wer wollte nicht in einem<br \/>\nder h\u00fcbschen D\u00f6rfer mit den urigen Pubs einen kleinen Zwischenstopp einlegen?<\/p>\n<p>Exakte Wegbeschreibungen, aussagekr\u00e4ftige H\u00f6henprofile, Wanderk\u00e4rtchen und<br \/>\nGPS-Tracks zum Download machen jede Wanderung leicht nachvollziehbar. Die<br \/>\nvielen zus\u00e4tzlichen Ausflugstipps lassen garantiert keine Langeweile<br \/>\naufkommen.<\/p>","protected":false},"excerpt":{"rendered":"<ul>\n<li><a href=\"https:\/\/pizbube.ch\/wp-content\/uploads\/attachments\/a_004\/3EF70BB3BE32EB124BF9042ECB006562.pdf\" target=\"_blank\" rel=\"noopener\">PDF: england_sud_inhalt.pdf<\/a><\/li>\n<\/ul>","protected":false},"featured_media":27635,"template":"","meta":[],"product_brand":[],"product_cat":[21605],"product_tag":[],"class_list":{"0":"post-148093","1":"product","2":"type-product","3":"status-publish","4":"has-post-thumbnail","6":"product_cat-wanderfuehrer-trekking","7":"pa_autor-gilcher","8":"pa_erscheinungsjahr-21597","9":"pa_region-grossbritannien-scottland","10":"pa_sprache-de","12":"first","13":"instock","14":"taxable","15":"shipping-taxable","16":"purchasable","17":"product-type-simple"},"_links":{"self":[{"href":"https:\/\/pizbube.ch\/en\/wp-json\/wp\/v2\/product\/148093","targetHints":{"allow":["GET"]}}],"collection":[{"href":"https:\/\/pizbube.ch\/en\/wp-json\/wp\/v2\/product"}],"about":[{"href":"https:\/\/pizbube.ch\/en\/wp-json\/wp\/v2\/types\/product"}],"wp:featuredmedia":[{"embeddable":true,"href":"https:\/\/pizbube.ch\/en\/wp-json\/wp\/v2\/media\/27635"}],"wp:attachment":[{"href":"https:\/\/pizbube.ch\/en\/wp-json\/wp\/v2\/media?parent=148093"}],"wp:term":[{"taxonomy":"product_brand","embeddable":true,"href":"https:\/\/pizbube.ch\/en\/wp-json\/wp\/v2\/product_brand?post=148093"},{"taxonomy":"product_cat","embeddable":true,"href":"https:\/\/pizbube.ch\/en\/wp-json\/wp\/v2\/product_cat?post=148093"},{"taxonomy":"product_tag","embeddable":true,"href":"https:\/\/pizbube.ch\/en\/wp-json\/wp\/v2\/product_tag?post=148093"}],"curies":[{"name":"wp","href":"https:\/\/api.w.org\/{rel}","templated":true}]}}