{"id":148097,"date":"2021-01-15T10:56:35","date_gmt":"2021-01-15T10:56:35","guid":{"rendered":"https:\/\/codengine3.ch\/?product=import-placeholder-for-206741"},"modified":"2023-07-27T12:00:51","modified_gmt":"2023-07-27T10:00:51","slug":"toppturar-i-sogn","status":"publish","type":"product","link":"https:\/\/pizbube.ch\/en\/shop\/toppturar-i-sogn\/","title":{"rendered":"Toppturar i Sogn"},"content":{"rendered":"<p>Skiforer til Sogndalssalen, Fjaerland, Jostedalen og Hurrungane<\/p>\n<p>Toppturar i Sogn er ein skif\u00f8rar til 69 fjell i omr\u00e5da Sogndalsdalen,<br \/>\nFj\u00e6rland, Jostedalen og Hurrungane. Sogn har dei siste \u00e5ra blitt kjend som eit<br \/>\nskiomr\u00e5de i verdsklasse for den som er i stand til \u00e5 ta seg til topps for eiga<br \/>\nmaskin. Her finn du alt fr\u00e5 spektakul\u00e6re tindar til botnlaus puddersn\u00f8.<\/p>\n<p>Boka er delt inn i tre hovudomr\u00e5de. Sogndalsdalen og Fj\u00e6rland er heimebana for<br \/>\ndet sterkt veksande skimilj\u00f8et i Sogndal og bygdene rundt. Sn\u00f8mengdene er<br \/>\nstore og stabile, og nedb\u00f8ren kjem gjerne med mindre vind enn det ein er van<br \/>\nmed i andre delar av landet. Mange stader er det gode tilh\u00f8ve for<br \/>\nskogskj\u00f8ring, og det er gode grunnar til at Sogndalsdalen er laussn\u00f8bikkjene<br \/>\nsin favoritt.<\/p>\n<p>Hurrungane er det ikoniske fjellomr\u00e5det lengst vest i Jotunheimen, mest kjend<br \/>\nfor klatreklassikaren Store Skagast\u00f8lstind. Fjell som Store Ringstind,<br \/>\nFanar\u00e5ken og Nordre Dyrhaugstind er h\u00f8ge, majestetiske og klassiske<br \/>\nv\u00e5rskiturer. Toppane er tilgjengelege for dei fleste toppturentusiastar. Men<br \/>\nher finst ogs\u00e5 stupbratte renner og flankar som berre kan tilr\u00e5dast for dei<br \/>\nmest erfarne, som den karakteristiske renna p\u00e5 Austabotntind.<\/p>\n<p>Mellom desse to mest kjende omr\u00e5da finn vi Jostedalen. Det store og vide<br \/>\nomr\u00e5det ved<br \/>\nJostedalsbreen, der ein skientusiast kan finne alt ein kan draume om. Her er<br \/>\nh\u00f8ge toppar, brear, bratte renner og herleg skogsk\u00f8yring. Jostedalen er<br \/>\nframleis forholdsvis lite bes\u00f8kt av andre enn dei lokale toppturfolka, som<br \/>\ntruleg er blant dei i Noreg som har tilgang til mest nyfallen nysn\u00f8 kvar<br \/>\neinaste vinter.<\/p>\n<p>Toppturar i Sogn er ein unik vegvisar til desse tre omr\u00e5da. Alle turane er<br \/>\ndetaljert skildra med ruteinnteikningar p\u00e5 flyfotografi. Til kvar enkelt del<br \/>\nf\u00f8lgjer eit kart med oversikt over toppane. Boka er rikt illustrert med 160<br \/>\nturbilete i tillegg til flyfotografia. Toppturar i Sogninneheld \u00f3g kapittel om<br \/>\nskihistorie, skred, v\u00ear og tips for turar p\u00e5 v\u00e5rsn\u00f8.<\/p>","protected":false},"excerpt":{"rendered":"<p>Skiforer til Sogndalssalen, Fjaerland, Jostedalen og Hurrungane Toppturar i Sogn er ein skif\u00f8rar til 69 fjell i omr\u00e5da Sogndalsdalen, Fj\u00e6rland, Jostedalen og Hurrungane. Sogn har dei siste \u00e5ra blitt kjend som eit skiomr\u00e5de i verdsklasse for den som er i stand til \u00e5 ta seg til topps for eiga maskin. Her finn du alt fr\u00e5 [&#8230;]\n","protected":false},"featured_media":35994,"template":"","meta":[],"product_brand":[],"product_cat":[21540],"product_tag":[],"class_list":{"0":"post-148097","1":"product","2":"type-product","3":"status-publish","4":"has-post-thumbnail","6":"product_cat-fuehrerliteratur-alpin-winter","7":"pa_autor-bjorhusdal-haslestad-vereide","8":"pa_erscheinungsjahr-21568","9":"pa_region-skandinavien-norwegen-schweden-finnland","10":"pa_sprache-norw","12":"first","13":"onbackorder","14":"taxable","15":"shipping-taxable","16":"purchasable","17":"product-type-simple"},"_links":{"self":[{"href":"https:\/\/pizbube.ch\/en\/wp-json\/wp\/v2\/product\/148097","targetHints":{"allow":["GET"]}}],"collection":[{"href":"https:\/\/pizbube.ch\/en\/wp-json\/wp\/v2\/product"}],"about":[{"href":"https:\/\/pizbube.ch\/en\/wp-json\/wp\/v2\/types\/product"}],"wp:featuredmedia":[{"embeddable":true,"href":"https:\/\/pizbube.ch\/en\/wp-json\/wp\/v2\/media\/35994"}],"wp:attachment":[{"href":"https:\/\/pizbube.ch\/en\/wp-json\/wp\/v2\/media?parent=148097"}],"wp:term":[{"taxonomy":"product_brand","embeddable":true,"href":"https:\/\/pizbube.ch\/en\/wp-json\/wp\/v2\/product_brand?post=148097"},{"taxonomy":"product_cat","embeddable":true,"href":"https:\/\/pizbube.ch\/en\/wp-json\/wp\/v2\/product_cat?post=148097"},{"taxonomy":"product_tag","embeddable":true,"href":"https:\/\/pizbube.ch\/en\/wp-json\/wp\/v2\/product_tag?post=148097"}],"curies":[{"name":"wp","href":"https:\/\/api.w.org\/{rel}","templated":true}]}}