{"id":148100,"date":"2021-01-15T10:56:35","date_gmt":"2021-01-15T10:56:35","guid":{"rendered":"https:\/\/codengine3.ch\/?product=import-placeholder-for-204478"},"modified":"2021-01-15T14:33:35","modified_gmt":"2021-01-15T14:33:35","slug":"jotunheimen-vest-150000","status":"publish","type":"product","link":"https:\/\/pizbube.ch\/en\/shop\/jotunheimen-vest-150000\/","title":{"rendered":"Jotunheimen Vest 1:50`000"},"content":{"rendered":"<p>Turkart 2505 Jotunheimen Vest  <\/p>\n<p>Sie finden auf diesen Karten alle wichtigen Informationen wie markierte und<br \/>\nunmarkierte Fu\u00dfwege, Ganzjahres-Fu\u00dfg\u00e4ngerbr\u00fccken, Sommer-Fu\u00dfg\u00e4ngerbr\u00fccken,<br \/>\ngesch\u00e4tzte Wanderdauer in Stunden, preparierte Skipisten, markierte Skipisten,<br \/>\nbeleuchtete Skipisten, Skilifte, Winterrouten, Fahrradwege,<br \/>\nAngelm\u00f6glichkeiten, Kleinwildjagdreviere, Kletterm\u00f6glichkeiten,<br \/>\nLanglaufloipen, Naturpfade, Notunterk\u00fcnfte, bewirtschaftete und<br \/>\nunbewirtschaftete Touristenh\u00fctten, Aussichtspunkte, Verleih (Verkauf),<br \/>\nbehindertengerechte Einrichtungen, gef\u00fchrte Gletscherwanderungen,<br \/>\nCampingpl\u00e4tze und -h\u00fctten, Hotels, Touristeninformation, Cafeterien,<br \/>\nLebensmittelgesch\u00e4fte, Naturinformationszentrum, allgemeine Parkpl\u00e4tze und<br \/>\nWinterparkpl\u00e4tze, Rastst\u00e4tten, Restaurants, Toiletten, Herbergen, Wasserf\u00e4lle,<br \/>\nAltertumsdenkm\u00e4ler, kulturelle Monumente, Sehensw\u00fcrdigkeiten, Wohngebiete und<br \/>\nGeb\u00e4ude, Schulen, Kirchen, andere kulturelle Merkmale, Grenzen, Reliefs,<br \/>\nVegetation und Bodenbedeckung, Verkehrswege usw.<br \/>\nZweisprachige Legende in Norwegisch und Englisch  <\/p>","protected":false},"excerpt":{"rendered":"<p>Turkart 2505 Jotunheimen Vest Sie finden auf diesen Karten alle wichtigen Informationen wie markierte und unmarkierte Fu\u00dfwege, Ganzjahres-Fu\u00dfg\u00e4ngerbr\u00fccken, Sommer-Fu\u00dfg\u00e4ngerbr\u00fccken, gesch\u00e4tzte Wanderdauer in Stunden, preparierte Skipisten, markierte Skipisten, beleuchtete Skipisten, Skilifte, Winterrouten, Fahrradwege, Angelm\u00f6glichkeiten, Kleinwildjagdreviere, Kletterm\u00f6glichkeiten, Langlaufloipen, Naturpfade, Notunterk\u00fcnfte, bewirtschaftete und unbewirtschaftete Touristenh\u00fctten, Aussichtspunkte, Verleih (Verkauf), behindertengerechte Einrichtungen, gef\u00fchrte Gletscherwanderungen, Campingpl\u00e4tze und -h\u00fctten, Hotels, Touristeninformation, Cafeterien, [&#8230;]\n","protected":false},"featured_media":32406,"template":"","meta":[],"product_brand":[],"product_cat":[21543],"product_tag":[],"class_list":{"0":"post-148100","1":"product","2":"type-product","3":"status-publish","4":"has-post-thumbnail","6":"product_cat-landkarten","7":"pa_autor-nordeca","8":"pa_erscheinungsjahr-21568","9":"pa_region-skandinavien-norwegen-schweden-finnland","10":"pa_sprache-en-norw","12":"first","13":"instock","14":"taxable","15":"shipping-taxable","16":"purchasable","17":"product-type-simple"},"_links":{"self":[{"href":"https:\/\/pizbube.ch\/en\/wp-json\/wp\/v2\/product\/148100","targetHints":{"allow":["GET"]}}],"collection":[{"href":"https:\/\/pizbube.ch\/en\/wp-json\/wp\/v2\/product"}],"about":[{"href":"https:\/\/pizbube.ch\/en\/wp-json\/wp\/v2\/types\/product"}],"wp:featuredmedia":[{"embeddable":true,"href":"https:\/\/pizbube.ch\/en\/wp-json\/wp\/v2\/media\/32406"}],"wp:attachment":[{"href":"https:\/\/pizbube.ch\/en\/wp-json\/wp\/v2\/media?parent=148100"}],"wp:term":[{"taxonomy":"product_brand","embeddable":true,"href":"https:\/\/pizbube.ch\/en\/wp-json\/wp\/v2\/product_brand?post=148100"},{"taxonomy":"product_cat","embeddable":true,"href":"https:\/\/pizbube.ch\/en\/wp-json\/wp\/v2\/product_cat?post=148100"},{"taxonomy":"product_tag","embeddable":true,"href":"https:\/\/pizbube.ch\/en\/wp-json\/wp\/v2\/product_tag?post=148100"}],"curies":[{"name":"wp","href":"https:\/\/api.w.org\/{rel}","templated":true}]}}