{"id":148103,"date":"2021-01-15T10:56:35","date_gmt":"2021-01-15T10:56:35","guid":{"rendered":"https:\/\/codengine3.ch\/?product=import-placeholder-for-206136"},"modified":"2021-01-15T14:46:40","modified_gmt":"2021-01-15T14:46:40","slug":"wanderkartenmappe-hemsedal-150000","status":"publish","type":"product","link":"https:\/\/pizbube.ch\/en\/shop\/wanderkartenmappe-hemsedal-150000\/","title":{"rendered":"Wanderkartenmappe Hemsedal 1:50`000"},"content":{"rendered":"<p>Turkart Hemsedal Nord \/ Hemsedal Sor  <\/p>\n<p>Wanderkartenmappe Hemsedal Nord und S\u00fcd jeweils im Ma\u00dfstab 1:50 000<br \/>\n(Topographische Karten mit UTM-Gitter)  <\/p>\n<p>Diese Wanderkarten im Ma\u00dfstab 1:50.000 decken sowohl den n\u00f6rdlichen als auch<br \/>\nden s\u00fcdlichen Teil von Hemsedal ab.<br \/>\nSie finden auf diesen Karten alle wichtigen Informationen wie markierte und<br \/>\nunmarkierte Fu\u00dfwege, markierte und preparierte Skipisten, markierte Skipisten,<br \/>\nWinterwege, beleuchtete Skipisten, Skilifte, Rodelbahnen, Abfahrtspisten,<br \/>\nBadepl\u00e4tze, Angelm\u00f6glichkeiten, einfache H\u00fctten, Golf, Luftsportanlagen,<br \/>\nNotunterk\u00fcnfte, Kanufahren, Kletterm\u00f6glichkeiten, Reiten, Schie\u00dfbahnen,<br \/>\nVerkauf\/Verleih, Aussichtspunkte, bewirtschaftete und unbewirtschaftete<br \/>\nH\u00fctten, Biathlonstrecken, Banken, Tankstellen, Entsorgungsstelle f\u00fcr<br \/>\nWohnmobile, Campingh\u00fctten, Campingpl\u00e4tze, Wohnwagenpl\u00e4tze, Erste-Hilfe-<br \/>\nStationen, Agrar-Tourismus, Hotels, Touristeninformation, Cafeterien,<br \/>\nLebensmittelgesch\u00e4fte, Parkpl\u00e4tze, Winterparkpl\u00e4tze, Jachth\u00e4fen, Restaurants,<br \/>\nToiletten, behindertengerechte Einrichtungen, Museen, Sehensw\u00fcrdigkeiten,<br \/>\nStra\u00dfen, Wege, bewohnte Gebiete und Geb\u00e4ude, Kirchen, Schulen, andere<br \/>\nkulturelle Merkmale, Grenzen, Reliefs, Vegetation und Bodenbedeckung,<br \/>\nVerkehrswege usw.<br \/>\nDes weiteren sind auf der R\u00fcckseite der Karten in norwegischer Sprache kurze,<br \/>\ninformative Texte in norwegischer Sprache und die wichtigsten Notrufnummern<br \/>\nabgedruckt.  <\/p>\n<p>Zweisprachige Legende in Norwegisch und Englisch<\/p>","protected":false},"excerpt":{"rendered":"<p>Turkart Hemsedal Nord \/ Hemsedal Sor Wanderkartenmappe Hemsedal Nord und S\u00fcd jeweils im Ma\u00dfstab 1:50 000 (Topographische Karten mit UTM-Gitter) Diese Wanderkarten im Ma\u00dfstab 1:50.000 decken sowohl den n\u00f6rdlichen als auch den s\u00fcdlichen Teil von Hemsedal ab. Sie finden auf diesen Karten alle wichtigen Informationen wie markierte und unmarkierte Fu\u00dfwege, markierte und preparierte Skipisten, markierte [&#8230;]\n","protected":false},"featured_media":35065,"template":"","meta":[],"product_brand":[],"product_cat":[21543],"product_tag":[],"class_list":{"0":"post-148103","1":"product","2":"type-product","3":"status-publish","4":"has-post-thumbnail","6":"product_cat-landkarten","7":"pa_autor-ugland-it","8":"pa_erscheinungsjahr-21842","9":"pa_region-skandinavien-norwegen-schweden-finnland","10":"pa_sprache-e","11":"pa_sprache-norw","13":"first","14":"instock","15":"taxable","16":"shipping-taxable","17":"purchasable","18":"product-type-simple"},"_links":{"self":[{"href":"https:\/\/pizbube.ch\/en\/wp-json\/wp\/v2\/product\/148103","targetHints":{"allow":["GET"]}}],"collection":[{"href":"https:\/\/pizbube.ch\/en\/wp-json\/wp\/v2\/product"}],"about":[{"href":"https:\/\/pizbube.ch\/en\/wp-json\/wp\/v2\/types\/product"}],"wp:featuredmedia":[{"embeddable":true,"href":"https:\/\/pizbube.ch\/en\/wp-json\/wp\/v2\/media\/35065"}],"wp:attachment":[{"href":"https:\/\/pizbube.ch\/en\/wp-json\/wp\/v2\/media?parent=148103"}],"wp:term":[{"taxonomy":"product_brand","embeddable":true,"href":"https:\/\/pizbube.ch\/en\/wp-json\/wp\/v2\/product_brand?post=148103"},{"taxonomy":"product_cat","embeddable":true,"href":"https:\/\/pizbube.ch\/en\/wp-json\/wp\/v2\/product_cat?post=148103"},{"taxonomy":"product_tag","embeddable":true,"href":"https:\/\/pizbube.ch\/en\/wp-json\/wp\/v2\/product_tag?post=148103"}],"curies":[{"name":"wp","href":"https:\/\/api.w.org\/{rel}","templated":true}]}}