{"id":148105,"date":"2021-01-15T10:56:35","date_gmt":"2021-01-15T10:56:35","guid":{"rendered":"https:\/\/codengine3.ch\/?product=import-placeholder-for-201896"},"modified":"2025-07-16T09:48:34","modified_gmt":"2025-07-16T07:48:34","slug":"norwegen-sued","status":"publish","type":"product","link":"https:\/\/pizbube.ch\/en\/shop\/norwegen-sued\/","title":{"rendered":"Norwegen &#8211; Der S\u00fcden"},"content":{"rendered":"<p>52 Fjord- und Bergwanderungen zwischen Oslo, Kap Lindesnes und Sognefjord<\/p>\n<p><span class=\"value\">Unber\u00fchrte Landschaften, glasklare Seen und atemberaubende Fjorde \u2013 Norwegens S\u00fcden ist ein Traumziel f\u00fcr alle, die gerne drau\u00dfen unterwegs sind. Wer hier wandert, erlebt echte \u00bbUrnatur\u00ab: schmale Stege \u00fcber sprudelnde B\u00e4che, Mahlzeiten im Freien und N\u00e4chte unter dem Sternenhimmel geh\u00f6ren einfach dazu.<\/span><\/p>\n<p>Der Rother Wanderf\u00fchrer \u00bbNorwegen \u2013 Der S\u00fcden\u00ab pr\u00e4sentiert 52 sorgf\u00e4ltig ausgew\u00e4hlte Wanderungen zwischen Oslo, dem s\u00fcdlichsten Punkt Kap Lindesnes und dem gewaltigen Sognefjord. Die Wanderungen f\u00fchren durch einige der sch\u00f6nsten Regionen Norwegens \u2013 von der felsigen K\u00fcste bei Kristiansand bis zu den offenen Hochheiden und Aussichtsbergen in Telemark, Valdres und Gudbrandsdalen. Auch die eindrucksvollen Felsszenerien in Rogaland und die m\u00e4chtigen Fjorde rund um den Sognefjord werden durch abwechslungsreiche Wanderungen erschlossen. In den Nationalparks Langsua, Folgefonna und Hardangervidda warten weite Hochebenen, glitzernde Seen und beeindruckende Gipfelpanoramen \u2013 eine Landschaft, wie sie urspr\u00fcnglicher und nordischer kaum sein k\u00f6nnte.<\/p>\n<p>Die Tourenauswahl ist so vielf\u00e4ltig wie das Land selbst: von familienfreundlichen Ausfl\u00fcgen, die sich wunderbar in jeden Norwegen-Urlaub einf\u00fcgen, bis hin zu fordernden Gipfeltouren f\u00fcr ambitionierte Bergfreunde. Als besonderes Highlight enth\u00e4lt der Wanderf\u00fchrer auch mehrt\u00e4gige H\u00fcttentouren, die tief hinein in die stille Wildnis Norwegens f\u00fchren und ein intensives Naturerlebnis versprechen.<\/p>\n<p>Alle Wanderungen werden mit einer zuverl\u00e4ssigen Wegbeschreibung, einer detaillierten Karte mit eingezeichnetem Routenverlauf sowie einem aussagekr\u00e4ftigen H\u00f6henprofil vorgestellt. Informationen zu Ausgangspunkten, Anforderungen, Einkehrm\u00f6glichkeiten und vielem mehr sind \u00fcbersichtlich aufbereitet. GPS-Tracks, die zum Download bereitstehen, machen die Orientierung in Norwegens S\u00fcden einfach. Praktische Tipps rund ums Wandern in Norwegen machen diesen Wanderf\u00fchrer zu einem idealen Begleiter f\u00fcr alle, die das skandinavische Outdoor-Paradies aktiv entdecken m\u00f6chten.<\/p>\n<p>52 Wanderk\u00e4rtchen im Ma\u00dfstab 1:25.000, 1:50.000, 1:75.000, 1:100.000, 1:150.000 und 1:200.000,<br \/>\n52 H\u00f6henprofile, zwei \u00dcbersichtskarte im Ma\u00dfstab 1:2.500.000 und 1:4.000.000<\/p>\n<p>184 Seiten,<br \/>\n10. Auflage 2025<\/p>","protected":false},"excerpt":{"rendered":"<p>52 Fjord- und Bergwanderungen zwischen Oslo, Kap Lindesnes und Sognefjord Unber\u00fchrte Landschaften, glasklare Seen und atemberaubende Fjorde \u2013 Norwegens S\u00fcden ist ein Traumziel f\u00fcr alle, die gerne drau\u00dfen unterwegs sind. Wer hier wandert, erlebt echte \u00bbUrnatur\u00ab: schmale Stege \u00fcber sprudelnde B\u00e4che, Mahlzeiten im Freien und N\u00e4chte unter dem Sternenhimmel geh\u00f6ren einfach dazu. Der Rother Wanderf\u00fchrer [&#8230;]\n","protected":false},"featured_media":180499,"template":"","meta":[],"product_brand":[],"product_cat":[21605],"product_tag":[],"class_list":{"0":"post-148105","1":"product","2":"type-product","3":"status-publish","4":"has-post-thumbnail","6":"product_cat-wanderfuehrer-trekking","7":"pa_autor-kostial","8":"pa_erscheinungsjahr-27415","9":"pa_region-skandinavien-norwegen-schweden-finnland","10":"pa_sprache-de","12":"first","13":"instock","14":"taxable","15":"shipping-taxable","16":"purchasable","17":"product-type-simple"},"_links":{"self":[{"href":"https:\/\/pizbube.ch\/en\/wp-json\/wp\/v2\/product\/148105","targetHints":{"allow":["GET"]}}],"collection":[{"href":"https:\/\/pizbube.ch\/en\/wp-json\/wp\/v2\/product"}],"about":[{"href":"https:\/\/pizbube.ch\/en\/wp-json\/wp\/v2\/types\/product"}],"wp:featuredmedia":[{"embeddable":true,"href":"https:\/\/pizbube.ch\/en\/wp-json\/wp\/v2\/media\/180499"}],"wp:attachment":[{"href":"https:\/\/pizbube.ch\/en\/wp-json\/wp\/v2\/media?parent=148105"}],"wp:term":[{"taxonomy":"product_brand","embeddable":true,"href":"https:\/\/pizbube.ch\/en\/wp-json\/wp\/v2\/product_brand?post=148105"},{"taxonomy":"product_cat","embeddable":true,"href":"https:\/\/pizbube.ch\/en\/wp-json\/wp\/v2\/product_cat?post=148105"},{"taxonomy":"product_tag","embeddable":true,"href":"https:\/\/pizbube.ch\/en\/wp-json\/wp\/v2\/product_tag?post=148105"}],"curies":[{"name":"wp","href":"https:\/\/api.w.org\/{rel}","templated":true}]}}