{"id":148108,"date":"2021-01-15T10:56:36","date_gmt":"2021-01-15T10:56:36","guid":{"rendered":"https:\/\/codengine3.ch\/?product=import-placeholder-for-200344"},"modified":"2021-01-15T10:56:42","modified_gmt":"2021-01-15T10:56:42","slug":"der-letzte-schnee","status":"publish","type":"product","link":"https:\/\/pizbube.ch\/en\/shop\/der-letzte-schnee\/","title":{"rendered":"Der letzte Schnee"},"content":{"rendered":"<p>\nEin Winter in den B\u00fcndner Bergen. Was tun, wenn der grosse Schnee ausbleibt &#8211;<br \/>\nund mit ihm die G\u00e4ste? Paul und Georg stehen wie jedes Jahr an ihrem alten<br \/>\nSchlepplift, so schnell bringt den ordentlichen Georg nichts aus der Ruhe und<br \/>\nden grossen Fabulierer Paul nichts zum Schweigen.<\/p>\n<p>Zu allem f\u00e4llt ihm eine Geschichte ein, um das grosse Verschwinden aufzuhalten<br \/>\nund die verkehrte Welt wieder ins Lot zu bringen. Er redet \u00fcber die Kapriolen<br \/>\ndes Wetters und \u00fcber das Gl\u00fcck des Lebens, er spricht \u00fcber seine grosse Liebe<br \/>\nClaire und \u00fcber den Sohn, der macht, was er will. Er erz\u00e4hlt vom Leben in den<br \/>\nBergen, von Vorfahren und Vorbildern, von Sieg und Niederlage, Schule und<br \/>\nErziehung, und r\u00e4sonniert \u00fcber die zeitlosen Fragen nach Herkunft und Zukunft.<\/p>\n<p>Arno Camenisch beschreibt auf seine unverkennbar eigenwillige Art bildstark<br \/>\nund pr\u00e4zise vom Ende und Verschwinden in einem Tal im Wandel der Zeit, w\u00e4hrend<br \/>\nder Schlepplift im Hintergrund regelm\u00e4ssig rattert wie der Lauf der Welt.  <\/p>","protected":false},"excerpt":{"rendered":"<p>Ein Winter in den B\u00fcndner Bergen. Was tun, wenn der grosse Schnee ausbleibt &#8211; und mit ihm die G\u00e4ste? Paul und Georg stehen wie jedes Jahr an ihrem alten Schlepplift, so schnell bringt den ordentlichen Georg nichts aus der Ruhe und den grossen Fabulierer Paul nichts zum Schweigen. Zu allem f\u00e4llt ihm eine Geschichte ein, [&#8230;]\n","protected":false},"featured_media":26616,"template":"","meta":[],"product_brand":[],"product_cat":[21629],"product_tag":[],"class_list":{"0":"post-148108","1":"product","2":"type-product","3":"status-publish","4":"has-post-thumbnail","6":"product_cat-belletristik","7":"pa_autor-camenisch","8":"pa_erscheinungsjahr-21546","9":"pa_region-schweiz","10":"pa_sprache-de","12":"first","13":"instock","14":"taxable","15":"shipping-taxable","16":"purchasable","17":"product-type-simple"},"_links":{"self":[{"href":"https:\/\/pizbube.ch\/en\/wp-json\/wp\/v2\/product\/148108","targetHints":{"allow":["GET"]}}],"collection":[{"href":"https:\/\/pizbube.ch\/en\/wp-json\/wp\/v2\/product"}],"about":[{"href":"https:\/\/pizbube.ch\/en\/wp-json\/wp\/v2\/types\/product"}],"wp:featuredmedia":[{"embeddable":true,"href":"https:\/\/pizbube.ch\/en\/wp-json\/wp\/v2\/media\/26616"}],"wp:attachment":[{"href":"https:\/\/pizbube.ch\/en\/wp-json\/wp\/v2\/media?parent=148108"}],"wp:term":[{"taxonomy":"product_brand","embeddable":true,"href":"https:\/\/pizbube.ch\/en\/wp-json\/wp\/v2\/product_brand?post=148108"},{"taxonomy":"product_cat","embeddable":true,"href":"https:\/\/pizbube.ch\/en\/wp-json\/wp\/v2\/product_cat?post=148108"},{"taxonomy":"product_tag","embeddable":true,"href":"https:\/\/pizbube.ch\/en\/wp-json\/wp\/v2\/product_tag?post=148108"}],"curies":[{"name":"wp","href":"https:\/\/api.w.org\/{rel}","templated":true}]}}