{"id":148109,"date":"2021-01-15T10:56:36","date_gmt":"2021-01-15T10:56:36","guid":{"rendered":"https:\/\/codengine3.ch\/?product=import-placeholder-for-205743"},"modified":"2021-01-15T14:43:35","modified_gmt":"2021-01-15T14:43:35","slug":"sez-ner","status":"publish","type":"product","link":"https:\/\/pizbube.ch\/en\/shop\/sez-ner\/","title":{"rendered":"Sez Ner"},"content":{"rendered":"<p>Arno Camenisch beschreibt in seinem Erstling das Leben von Senn, Zusenn und<br \/>\nzweier Hirten-buben w\u00e4hrend eines Sommers auf der Alp Stavonas am Fu\u00dfe des Piz<br \/>\nSezner in der Surselva des Kantons Graub\u00fcnden. In kurzen Prosa-st\u00fccken erz\u00e4hlt<br \/>\ner von K\u00fchen und Schweinen, Katzen und Hunden, der Polenta und dem K\u00e4se, dem<br \/>\nAlkohol und den Rauchwaren, von Wind und Wetter, Mann und Frau, den Leuten aus<br \/>\ndem Unterland und den Bauern aus den T\u00e4lern Graub\u00fcndens. Dass Camenisch seine<br \/>\nTexte nicht \u00fcbersetzt, sondern auf R\u00e4toromanisch und auf Deutsch schreibt,<br \/>\ngibt ihnen ihren ganz eigenen Klang, in der Rauheit und Melodi\u00f6sit\u00e4t, Kraft<br \/>\nund Zartheit eine suggestive Verbindung eingehen. Distanz und N\u00e4he sind auch<br \/>\ndie bezeichnenden Momente von Camenischs Beschreibungskunst: Alles ist sehr<br \/>\nnah und genau gesehen, und doch wird nichts blo\u00df-gestellt, kann alles diskret<br \/>\nbleiben und sich in seiner Unmittelbarkeit bergen.<br \/>\n(Taschenbuchausgabe)  <\/p>","protected":false},"excerpt":{"rendered":"<p>Arno Camenisch beschreibt in seinem Erstling das Leben von Senn, Zusenn und zweier Hirten-buben w\u00e4hrend eines Sommers auf der Alp Stavonas am Fu\u00dfe des Piz Sezner in der Surselva des Kantons Graub\u00fcnden. In kurzen Prosa-st\u00fccken erz\u00e4hlt er von K\u00fchen und Schweinen, Katzen und Hunden, der Polenta und dem K\u00e4se, dem Alkohol und den Rauchwaren, von [&#8230;]\n","protected":false},"featured_media":34559,"template":"","meta":[],"product_brand":[],"product_cat":[21629],"product_tag":[],"class_list":{"0":"post-148109","1":"product","2":"type-product","3":"status-publish","4":"has-post-thumbnail","6":"product_cat-belletristik","7":"pa_autor-camenisch","8":"pa_erscheinungsjahr-21621","9":"pa_region-schweiz","10":"pa_sprache-de-raetrom","12":"first","13":"instock","14":"taxable","15":"shipping-taxable","16":"purchasable","17":"product-type-simple"},"_links":{"self":[{"href":"https:\/\/pizbube.ch\/en\/wp-json\/wp\/v2\/product\/148109","targetHints":{"allow":["GET"]}}],"collection":[{"href":"https:\/\/pizbube.ch\/en\/wp-json\/wp\/v2\/product"}],"about":[{"href":"https:\/\/pizbube.ch\/en\/wp-json\/wp\/v2\/types\/product"}],"wp:featuredmedia":[{"embeddable":true,"href":"https:\/\/pizbube.ch\/en\/wp-json\/wp\/v2\/media\/34559"}],"wp:attachment":[{"href":"https:\/\/pizbube.ch\/en\/wp-json\/wp\/v2\/media?parent=148109"}],"wp:term":[{"taxonomy":"product_brand","embeddable":true,"href":"https:\/\/pizbube.ch\/en\/wp-json\/wp\/v2\/product_brand?post=148109"},{"taxonomy":"product_cat","embeddable":true,"href":"https:\/\/pizbube.ch\/en\/wp-json\/wp\/v2\/product_cat?post=148109"},{"taxonomy":"product_tag","embeddable":true,"href":"https:\/\/pizbube.ch\/en\/wp-json\/wp\/v2\/product_tag?post=148109"}],"curies":[{"name":"wp","href":"https:\/\/api.w.org\/{rel}","templated":true}]}}