{"id":148110,"date":"2021-01-15T10:56:36","date_gmt":"2021-01-15T10:56:36","guid":{"rendered":"https:\/\/codengine3.ch\/?product=import-placeholder-for-202534"},"modified":"2021-01-15T12:37:07","modified_gmt":"2021-01-15T12:37:07","slug":"snow","status":"publish","type":"product","link":"https:\/\/pizbube.ch\/en\/shop\/snow\/","title":{"rendered":"snow"},"content":{"rendered":"<p>In Thomas Flechtners Fotografien wird Schnee zur Metapher f\u00fcr Zeitlosigkeit,<br \/>\nStillstand, Ruhe, Distanz und Einsamkeit. Die Zivilisation ebenso wie die<br \/>\nunber\u00fchrte Landschaft erliegen der sanften Schwere des Elements. K\u00e4lte bleibt<br \/>\neine \u00e4usserliche Erinnerung. Vielmehr wecken die menschenleeren Bilder eine<br \/>\nSehnsucht nach Stille und Durchsicht.<br \/>\nIn Flechtner&#8216; s photographs, snow become a metaphor for timelessness,<br \/>\nstillness, peace, distance and loneliness. Photographs also admit an abstract<br \/>\naesthetic perception of the composition and the enormous diversity of<br \/>\nphotographic white.<\/p>","protected":false},"excerpt":{"rendered":"<p>In Thomas Flechtners Fotografien wird Schnee zur Metapher f\u00fcr Zeitlosigkeit, Stillstand, Ruhe, Distanz und Einsamkeit. Die Zivilisation ebenso wie die unber\u00fchrte Landschaft erliegen der sanften Schwere des Elements. K\u00e4lte bleibt eine \u00e4usserliche Erinnerung. Vielmehr wecken die menschenleeren Bilder eine Sehnsucht nach Stille und Durchsicht. In Flechtner&#8216; s photographs, snow become a metaphor for timelessness, stillness, [&#8230;]\n","protected":false},"featured_media":29935,"template":"","meta":[],"product_brand":[],"product_cat":[21580],"product_tag":[],"class_list":{"0":"post-148110","1":"product","2":"type-product","3":"status-publish","4":"has-post-thumbnail","6":"product_cat-kunst-kultur","7":"pa_autor-flechtner","8":"pa_erscheinungsjahr-22242","9":"pa_region-schweiz","10":"pa_sprache-d","11":"pa_sprache-e","13":"first","14":"instock","15":"taxable","16":"shipping-taxable","17":"purchasable","18":"product-type-simple"},"_links":{"self":[{"href":"https:\/\/pizbube.ch\/en\/wp-json\/wp\/v2\/product\/148110","targetHints":{"allow":["GET"]}}],"collection":[{"href":"https:\/\/pizbube.ch\/en\/wp-json\/wp\/v2\/product"}],"about":[{"href":"https:\/\/pizbube.ch\/en\/wp-json\/wp\/v2\/types\/product"}],"wp:featuredmedia":[{"embeddable":true,"href":"https:\/\/pizbube.ch\/en\/wp-json\/wp\/v2\/media\/29935"}],"wp:attachment":[{"href":"https:\/\/pizbube.ch\/en\/wp-json\/wp\/v2\/media?parent=148110"}],"wp:term":[{"taxonomy":"product_brand","embeddable":true,"href":"https:\/\/pizbube.ch\/en\/wp-json\/wp\/v2\/product_brand?post=148110"},{"taxonomy":"product_cat","embeddable":true,"href":"https:\/\/pizbube.ch\/en\/wp-json\/wp\/v2\/product_cat?post=148110"},{"taxonomy":"product_tag","embeddable":true,"href":"https:\/\/pizbube.ch\/en\/wp-json\/wp\/v2\/product_tag?post=148110"}],"curies":[{"name":"wp","href":"https:\/\/api.w.org\/{rel}","templated":true}]}}