{"id":148111,"date":"2021-01-15T10:56:36","date_gmt":"2021-01-15T10:56:36","guid":{"rendered":"https:\/\/codengine3.ch\/?product=import-placeholder-for-204718"},"modified":"2021-01-15T14:35:43","modified_gmt":"2021-01-15T14:35:43","slug":"die-kur","status":"publish","type":"product","link":"https:\/\/pizbube.ch\/en\/shop\/die-kur\/","title":{"rendered":"Die Kur"},"content":{"rendered":"<p>\nEin Mann und eine Frau, im Herbst ihres Lebens, verschl\u00e4gt es wegen einem<br \/>\nTombola-Gewinn in ein nobles F\u00fcnf-Stern-Hotel ins sch\u00f6ne Engadin.  <\/p>\n<p>W\u00e4hrend sie in diesen paar Tagen und N\u00e4chten ihre Sehns\u00fcchte wieder aufleben<br \/>\nsp\u00fcrt und aufbl\u00fcht, f\u00fchlt er sich wie auf seinem letzten Gang.<br \/>\nZum Gl\u00fcck hat er seinen Plastiksack dabei, der auf alle Lebenslagen eine<br \/>\nAntwort enth\u00e4lt.<\/p>\n<p>In 47 Bildern begleiten wir die beiden und werden Zeugen ihrer Lebensbilanz &#8211;<br \/>\nwo kommen wir her, was wollten wir werden, und wo gehen wir hin? Die Liebe,<br \/>\ndas Leben und der Tod stellen ihnen die zeitlosen Fragen, auf die sie ihre<br \/>\neigenen Antworten haben, bevor es endg\u00fcltig dunkel wird.  <\/p>\n<p>Arno Camenisch zeigt sich in seinem Roman als Meister ebenso skurriler wie<br \/>\nmenschlich vertrauter Geschichten, die auf das absolut existentielle Minimum<br \/>\nreduziert sind.  <\/p>","protected":false},"excerpt":{"rendered":"<p>Ein Mann und eine Frau, im Herbst ihres Lebens, verschl\u00e4gt es wegen einem Tombola-Gewinn in ein nobles F\u00fcnf-Stern-Hotel ins sch\u00f6ne Engadin. W\u00e4hrend sie in diesen paar Tagen und N\u00e4chten ihre Sehns\u00fcchte wieder aufleben sp\u00fcrt und aufbl\u00fcht, f\u00fchlt er sich wie auf seinem letzten Gang. Zum Gl\u00fcck hat er seinen Plastiksack dabei, der auf alle Lebenslagen [&#8230;]\n","protected":false},"featured_media":33071,"template":"","meta":[],"product_brand":[],"product_cat":[21629],"product_tag":[],"class_list":{"0":"post-148111","1":"product","2":"type-product","3":"status-publish","4":"has-post-thumbnail","6":"product_cat-belletristik","7":"pa_autor-camenisch","8":"pa_erscheinungsjahr-21597","9":"pa_region-schweiz","10":"pa_sprache-de","12":"first","13":"instock","14":"taxable","15":"shipping-taxable","16":"purchasable","17":"product-type-simple"},"_links":{"self":[{"href":"https:\/\/pizbube.ch\/en\/wp-json\/wp\/v2\/product\/148111","targetHints":{"allow":["GET"]}}],"collection":[{"href":"https:\/\/pizbube.ch\/en\/wp-json\/wp\/v2\/product"}],"about":[{"href":"https:\/\/pizbube.ch\/en\/wp-json\/wp\/v2\/types\/product"}],"wp:featuredmedia":[{"embeddable":true,"href":"https:\/\/pizbube.ch\/en\/wp-json\/wp\/v2\/media\/33071"}],"wp:attachment":[{"href":"https:\/\/pizbube.ch\/en\/wp-json\/wp\/v2\/media?parent=148111"}],"wp:term":[{"taxonomy":"product_brand","embeddable":true,"href":"https:\/\/pizbube.ch\/en\/wp-json\/wp\/v2\/product_brand?post=148111"},{"taxonomy":"product_cat","embeddable":true,"href":"https:\/\/pizbube.ch\/en\/wp-json\/wp\/v2\/product_cat?post=148111"},{"taxonomy":"product_tag","embeddable":true,"href":"https:\/\/pizbube.ch\/en\/wp-json\/wp\/v2\/product_tag?post=148111"}],"curies":[{"name":"wp","href":"https:\/\/api.w.org\/{rel}","templated":true}]}}