{"id":148115,"date":"2021-01-15T10:56:42","date_gmt":"2021-01-15T10:56:42","guid":{"rendered":"https:\/\/codengine3.ch\/?product=import-placeholder-for-200346"},"modified":"2023-05-06T09:50:04","modified_gmt":"2023-05-06T07:50:04","slug":"klettersteigatlas-suedtirol-dolomiten-gardasee","status":"publish","type":"product","link":"https:\/\/pizbube.ch\/en\/shop\/klettersteigatlas-suedtirol-dolomiten-gardasee\/","title":{"rendered":"Klettersteigatlas S\u00fcdtirol &#8211; Dolomiten &#8211; Gardasee"},"content":{"rendered":"<p>111 Klettersteige f\u00fcr Einsteiger und K\u00f6nner<\/p>\n<p>In diesem Sammelband werden 111 der sch\u00f6nsten Klettersteige in S\u00fcdtirol, in<br \/>\nden Dolomiten und am Gardasee vorgestellt. Es werden Routen f\u00fcr Einsteiger<br \/>\naufgezeigt, aber auch anspruchsvolle Klettersteige, die ausschlie\u00dflich den<br \/>\nExperten auf diesem Gebiet vorbehalten sind.<\/p>\n<p>Alle angef\u00fchrten Routen werden in 5 Schwierigkeitsgrade unterteilt. Die<br \/>\nKlettersteige sind versehen mit eingezeichneten Routen auf Luftbildern oder<br \/>\ndetailliert auf topografischen Skizzen dargestellt, sowie mit ausf\u00fchrlichen<br \/>\nDarstellungen der technischen Details, allgemeinen Routeninformationen und den<br \/>\nCharakteristiken des Klettersteiges.<\/p>\n<p>Die APP zum Buch erm\u00f6glicht das Offline-Navigieren zu s\u00e4mtlichen Zustiegen und<br \/>\nRouten.<\/p>\n<p>2., aktual. und erweiterte Auflage 2020<br \/>\n368 Seiten<\/p>","protected":false},"excerpt":{"rendered":"<p>111 Klettersteige f\u00fcr Einsteiger und K\u00f6nner In diesem Sammelband werden 111 der sch\u00f6nsten Klettersteige in S\u00fcdtirol, in den Dolomiten und am Gardasee vorgestellt. Es werden Routen f\u00fcr Einsteiger aufgezeigt, aber auch anspruchsvolle Klettersteige, die ausschlie\u00dflich den Experten auf diesem Gebiet vorbehalten sind. Alle angef\u00fchrten Routen werden in 5 Schwierigkeitsgrade unterteilt. Die Klettersteige sind versehen mit [&#8230;]\n","protected":false},"featured_media":167496,"template":"","meta":[],"product_brand":[],"product_cat":[21544],"product_tag":[],"class_list":{"0":"post-148115","1":"product","2":"type-product","3":"status-publish","4":"has-post-thumbnail","6":"product_cat-fuehrerliteratur-alpin-sommer","7":"pa_autor-zelger","8":"pa_erscheinungsjahr-21558","9":"pa_region-italien","10":"pa_sprache-de","12":"first","13":"instock","14":"taxable","15":"shipping-taxable","16":"purchasable","17":"product-type-simple"},"_links":{"self":[{"href":"https:\/\/pizbube.ch\/en\/wp-json\/wp\/v2\/product\/148115","targetHints":{"allow":["GET"]}}],"collection":[{"href":"https:\/\/pizbube.ch\/en\/wp-json\/wp\/v2\/product"}],"about":[{"href":"https:\/\/pizbube.ch\/en\/wp-json\/wp\/v2\/types\/product"}],"wp:featuredmedia":[{"embeddable":true,"href":"https:\/\/pizbube.ch\/en\/wp-json\/wp\/v2\/media\/167496"}],"wp:attachment":[{"href":"https:\/\/pizbube.ch\/en\/wp-json\/wp\/v2\/media?parent=148115"}],"wp:term":[{"taxonomy":"product_brand","embeddable":true,"href":"https:\/\/pizbube.ch\/en\/wp-json\/wp\/v2\/product_brand?post=148115"},{"taxonomy":"product_cat","embeddable":true,"href":"https:\/\/pizbube.ch\/en\/wp-json\/wp\/v2\/product_cat?post=148115"},{"taxonomy":"product_tag","embeddable":true,"href":"https:\/\/pizbube.ch\/en\/wp-json\/wp\/v2\/product_tag?post=148115"}],"curies":[{"name":"wp","href":"https:\/\/api.w.org\/{rel}","templated":true}]}}