{"id":148116,"date":"2021-01-15T10:56:42","date_gmt":"2021-01-15T10:56:42","guid":{"rendered":"https:\/\/codengine3.ch\/?product=import-placeholder-for-208540"},"modified":"2022-11-09T10:45:12","modified_gmt":"2022-11-09T09:45:12","slug":"leichte-klettersteige-dolomiten","status":"publish","type":"product","link":"https:\/\/pizbube.ch\/en\/shop\/leichte-klettersteige-dolomiten\/","title":{"rendered":"Leichte Klettersteige Dolomiten"},"content":{"rendered":"<p>60 Klettersteige f\u00fcr Einsteiger in den bleichen Bergen<\/p>\n<p>Die Dolomiten sind ein Paradies f\u00fcr Klettersteiggeher. Sie bieten Routen aller<br \/>\nSchwierigkeitsgrade. Speziell f\u00fcr Einsteiger beschreibt \u00bbKlettersteigpapst\u00ab<br \/>\nEugen E. H\u00fcsler in seinem aktuellen Tourenf\u00fchrer 70 leichte Vie Ferrate in den<br \/>\nDolomiten S\u00fcdtirols, des Trentino und des Bellunese. Mit detaillierten<br \/>\nInformationen zu Schwierigkeiten und Anforderungen jeder Tour: f\u00fcr h\u00f6chsten<br \/>\nKlettersteiggenuss auf der Sonnenseite der Alpen!<\/p>\n<p>Kartonierter Einband; 144 Seiten.<\/p>","protected":false},"excerpt":{"rendered":"<p>60 Klettersteige f\u00fcr Einsteiger in den bleichen Bergen Die Dolomiten sind ein Paradies f\u00fcr Klettersteiggeher. Sie bieten Routen aller Schwierigkeitsgrade. Speziell f\u00fcr Einsteiger beschreibt \u00bbKlettersteigpapst\u00ab Eugen E. H\u00fcsler in seinem aktuellen Tourenf\u00fchrer 70 leichte Vie Ferrate in den Dolomiten S\u00fcdtirols, des Trentino und des Bellunese. Mit detaillierten Informationen zu Schwierigkeiten und Anforderungen jeder Tour: f\u00fcr [&#8230;]\n","protected":false},"featured_media":40500,"template":"","meta":[],"product_brand":[],"product_cat":[21544],"product_tag":[],"class_list":{"0":"post-148116","1":"product","2":"type-product","3":"status-publish","4":"has-post-thumbnail","6":"product_cat-fuehrerliteratur-alpin-sommer","7":"pa_autor-huesler","8":"pa_erscheinungsjahr-21568","9":"pa_region-italien","10":"pa_sprache-de","12":"first","13":"outofstock","14":"taxable","15":"shipping-taxable","16":"purchasable","17":"product-type-simple"},"_links":{"self":[{"href":"https:\/\/pizbube.ch\/en\/wp-json\/wp\/v2\/product\/148116","targetHints":{"allow":["GET"]}}],"collection":[{"href":"https:\/\/pizbube.ch\/en\/wp-json\/wp\/v2\/product"}],"about":[{"href":"https:\/\/pizbube.ch\/en\/wp-json\/wp\/v2\/types\/product"}],"wp:featuredmedia":[{"embeddable":true,"href":"https:\/\/pizbube.ch\/en\/wp-json\/wp\/v2\/media\/40500"}],"wp:attachment":[{"href":"https:\/\/pizbube.ch\/en\/wp-json\/wp\/v2\/media?parent=148116"}],"wp:term":[{"taxonomy":"product_brand","embeddable":true,"href":"https:\/\/pizbube.ch\/en\/wp-json\/wp\/v2\/product_brand?post=148116"},{"taxonomy":"product_cat","embeddable":true,"href":"https:\/\/pizbube.ch\/en\/wp-json\/wp\/v2\/product_cat?post=148116"},{"taxonomy":"product_tag","embeddable":true,"href":"https:\/\/pizbube.ch\/en\/wp-json\/wp\/v2\/product_tag?post=148116"}],"curies":[{"name":"wp","href":"https:\/\/api.w.org\/{rel}","templated":true}]}}