{"id":148117,"date":"2021-01-15T10:56:42","date_gmt":"2021-01-15T10:56:42","guid":{"rendered":"https:\/\/codengine3.ch\/?product=import-placeholder-for-207185"},"modified":"2025-08-08T12:43:31","modified_gmt":"2025-08-08T10:43:31","slug":"dolomiten-ohne-grenzen","status":"publish","type":"product","link":"https:\/\/pizbube.ch\/en\/shop\/dolomiten-ohne-grenzen\/","title":{"rendered":"DOLOMITEN OHNE GRENZEN"},"content":{"rendered":"<p>Der Grenzen verbindende Klettersteigh\u00f6henweg der Dolomiten<\/p>\n<p>Dolomiten ohne Grenzen ist der l\u00e4ngste zusammenh\u00e4ngende Via Ferrata Trail der<br \/>\nWelt.<\/p>\n<p>In atemberaubender Gebirgslandschaft verbindet er in neun anspruchsvollen<br \/>\nTagesetappen zw\u00f6lf Klettersteige und 17 Bergh\u00fctten zu einer Rundtour und<br \/>\n\u00fcberwindet dabei Provinz-, Staats und Sprachgrenzen. Insgesamt k\u00f6nnen 125<br \/>\nKilometer und 12.000 H\u00f6henmeter auf hochalpinen Klettersteigen und Wanderwegen<br \/>\nim UNESCO Weltnaturerbe Dolomiten zur\u00fcckgelegt werden.<\/p>\n<p>Die Route folgt den historischen Steigen entlang der Frontlinie des Ersten<br \/>\nWeltkriegs. Abseits von D\u00f6rfern und Stra\u00dfen verbindet sie die Provinzen<br \/>\nS\u00fcdtirol und Belluno in Italien und Osttirol in \u00d6sterreich. Genau 100 Jahre<br \/>\nnach Kriegsende wurde der Rundweg auf Initiative von Bepi Monti, dem Betreiber<br \/>\nder Carduccih\u00fctte, mit Hilfe eines EU-Projekts als Klettersteig Friedensweg<br \/>\ner\u00f6ffnet.<\/p>\n<p>Sein Grundgedanke dabei war, dass Berge nicht eine Barriere darstellen,<br \/>\nsondern vielmehr einen Ort der Begegnung zwischen verschiedenen V\u00f6lkern,<br \/>\nSprachen und Kulturen. So spiegelt Dolomiten ohne Grenzen die Idee eines<br \/>\nvereinten und solidarischen Europas ohne Grenzen wider. Auch Reinhold Messner,<br \/>\nder sein Leben lang das verbindende Element der Berge hervorgehoben hat, war<br \/>\nund ist von der Initiative begeistert und hat das Projekt neben zahlreichen<br \/>\nweiteren Helfer*innen tatkr\u00e4ftig unterst\u00fctzt.<\/p>\n<p>Zum F\u00fchrer gibt es eine Wanderkarte im Ma\u00dfstab 1:25000 mit den neun Etappen<br \/>\nund den jeweiligen Varianten.<\/p>\n<p>96 Seiten<\/p>","protected":false},"excerpt":{"rendered":"<p>Der Grenzen verbindende Klettersteigh\u00f6henweg der Dolomiten Dolomiten ohne Grenzen ist der l\u00e4ngste zusammenh\u00e4ngende Via Ferrata Trail der Welt. In atemberaubender Gebirgslandschaft verbindet er in neun anspruchsvollen Tagesetappen zw\u00f6lf Klettersteige und 17 Bergh\u00fctten zu einer Rundtour und \u00fcberwindet dabei Provinz-, Staats und Sprachgrenzen. Insgesamt k\u00f6nnen 125 Kilometer und 12.000 H\u00f6henmeter auf hochalpinen Klettersteigen und Wanderwegen im [&#8230;]\n","protected":false},"featured_media":180261,"template":"","meta":[],"product_brand":[],"product_cat":[21544],"product_tag":[],"class_list":{"0":"post-148117","1":"product","2":"type-product","3":"status-publish","4":"has-post-thumbnail","6":"product_cat-fuehrerliteratur-alpin-sommer","7":"pa_autor-rogger","8":"pa_erscheinungsjahr-21558","9":"pa_region-italien","10":"pa_sprache-de","12":"first","13":"outofstock","14":"taxable","15":"shipping-taxable","16":"purchasable","17":"product-type-simple"},"_links":{"self":[{"href":"https:\/\/pizbube.ch\/en\/wp-json\/wp\/v2\/product\/148117","targetHints":{"allow":["GET"]}}],"collection":[{"href":"https:\/\/pizbube.ch\/en\/wp-json\/wp\/v2\/product"}],"about":[{"href":"https:\/\/pizbube.ch\/en\/wp-json\/wp\/v2\/types\/product"}],"wp:featuredmedia":[{"embeddable":true,"href":"https:\/\/pizbube.ch\/en\/wp-json\/wp\/v2\/media\/180261"}],"wp:attachment":[{"href":"https:\/\/pizbube.ch\/en\/wp-json\/wp\/v2\/media?parent=148117"}],"wp:term":[{"taxonomy":"product_brand","embeddable":true,"href":"https:\/\/pizbube.ch\/en\/wp-json\/wp\/v2\/product_brand?post=148117"},{"taxonomy":"product_cat","embeddable":true,"href":"https:\/\/pizbube.ch\/en\/wp-json\/wp\/v2\/product_cat?post=148117"},{"taxonomy":"product_tag","embeddable":true,"href":"https:\/\/pizbube.ch\/en\/wp-json\/wp\/v2\/product_tag?post=148117"}],"curies":[{"name":"wp","href":"https:\/\/api.w.org\/{rel}","templated":true}]}}