{"id":148118,"date":"2021-01-15T10:56:42","date_gmt":"2021-01-15T10:56:42","guid":{"rendered":"https:\/\/codengine3.ch\/?product=import-placeholder-for-204552"},"modified":"2021-01-15T14:34:22","modified_gmt":"2021-01-15T14:34:22","slug":"extrem-am-berg-taschenbuchausgabe","status":"publish","type":"product","link":"https:\/\/pizbube.ch\/en\/shop\/extrem-am-berg-taschenbuchausgabe\/","title":{"rendered":"Extrem am Berg (Taschenbuchausgabe)"},"content":{"rendered":"<p>Mit 20 Alpin-Stars im Gespr\u00e4ch<\/p>\n<p>Was fasziniert Gerlinde Kaltenbrunner an den Achttausendern? Wann f\u00fchlt sich<br \/>\nStefan Glowacz klein und dem\u00fctig? Was geht in Ueli Steck vor, wenn er solo die<br \/>\nschwierigsten W\u00e4nde durchsteigt? Mit einf\u00fchlsamen Gespr\u00e4chen und kraftvollen<br \/>\nSchwarz-Wei\u00df-Aufnahmen leuchtet Dirk von Nayhau\u00df 20 Top-Alpinisten und<br \/>\n-Kletterer aus drei Kontinenten bis in die hintersten Ecken ihrer<br \/>\nPers\u00f6nlichkeit aus.  <\/p>\n<p>Darunter aktuelle Stars wie Steve House, Dean Potter, David Lama, die<br \/>\nHuberbuam und Berglegenden wie Reinhold Messner, Kurt Diemberger und Chris<br \/>\nBonington.  <\/p>","protected":false},"excerpt":{"rendered":"<ul>\n<li><a href=\"https:\/\/pizbube.ch\/wp-content\/uploads\/attachments\/a_015\/52833E72076E27D40847F06E518C0270.pdf\" target=\"_blank\" rel=\"noopener\">PDF: Leseprobe Extrem am Berg<\/a><\/li>\n<\/ul>\n<ul>\n<li><b>INFO: Vergriffen, keine Neuauflage <b><\/li>\n<\/ul>","protected":false},"featured_media":32624,"template":"","meta":[],"product_brand":[],"product_cat":[21542],"product_tag":[],"class_list":{"0":"post-148118","1":"product","2":"type-product","3":"status-publish","4":"has-post-thumbnail","6":"product_cat-sachbuecher-dokumentationen","7":"pa_autor-von-nayhauss","8":"pa_erscheinungsjahr-21568","9":"pa_region-deutschland","10":"pa_sprache-de","12":"first","13":"outofstock","14":"taxable","15":"shipping-taxable","16":"purchasable","17":"product-type-simple"},"_links":{"self":[{"href":"https:\/\/pizbube.ch\/en\/wp-json\/wp\/v2\/product\/148118","targetHints":{"allow":["GET"]}}],"collection":[{"href":"https:\/\/pizbube.ch\/en\/wp-json\/wp\/v2\/product"}],"about":[{"href":"https:\/\/pizbube.ch\/en\/wp-json\/wp\/v2\/types\/product"}],"wp:featuredmedia":[{"embeddable":true,"href":"https:\/\/pizbube.ch\/en\/wp-json\/wp\/v2\/media\/32624"}],"wp:attachment":[{"href":"https:\/\/pizbube.ch\/en\/wp-json\/wp\/v2\/media?parent=148118"}],"wp:term":[{"taxonomy":"product_brand","embeddable":true,"href":"https:\/\/pizbube.ch\/en\/wp-json\/wp\/v2\/product_brand?post=148118"},{"taxonomy":"product_cat","embeddable":true,"href":"https:\/\/pizbube.ch\/en\/wp-json\/wp\/v2\/product_cat?post=148118"},{"taxonomy":"product_tag","embeddable":true,"href":"https:\/\/pizbube.ch\/en\/wp-json\/wp\/v2\/product_tag?post=148118"}],"curies":[{"name":"wp","href":"https:\/\/api.w.org\/{rel}","templated":true}]}}