{"id":148119,"date":"2021-01-15T10:56:42","date_gmt":"2021-01-15T10:56:42","guid":{"rendered":"https:\/\/codengine3.ch\/?product=import-placeholder-for-208572"},"modified":"2021-01-15T17:55:26","modified_gmt":"2021-01-15T17:55:26","slug":"wenn-grenzen-keine-sind-management-und-bergsteigen","status":"publish","type":"product","link":"https:\/\/pizbube.ch\/en\/shop\/wenn-grenzen-keine-sind-management-und-bergsteigen\/","title":{"rendered":"Wenn Grenzen keine sind &#8211; Management und Bergsteigen"},"content":{"rendered":"<p>Wie Manager das Optimum aus sich herausholen  <\/p>\n<p>Ausdauer, Selbstmotivation, Leistung, Verantwortung \u2013 Bergsteiger und Manager<br \/>\nverbindet mehr, als die meisten denken. In seinem neuen Buch pr\u00e4sentiert<br \/>\nBestsellerautor Fredmund Malik das Bergsteigen als facettenreiche<br \/>\nLebensschule, in der man zentrale Erkenntnisse f\u00fcr ein wirksames Management<br \/>\nund ein erf\u00fclltes Leben gewinnen kann. Malik ist \u00fcberzeugt: Beruf und<br \/>\nPrivatleben sind vereinbar, Erfolg und Lebensqualit\u00e4t kein Widerspruch.<br \/>\nGewohnt scharfsinnig votiert er gegen einen Dauerzustand \u00bbam Limit\u00ab und die<br \/>\nVorstellung, Topmanager m\u00fcssten st\u00e4ndig \u00bbBerge versetzen\u00ab. Ein Pl\u00e4doyer f\u00fcr<br \/>\nmehr Freude an Leistung.<\/p>","protected":false},"excerpt":{"rendered":"<p>Wie Manager das Optimum aus sich herausholen Ausdauer, Selbstmotivation, Leistung, Verantwortung \u2013 Bergsteiger und Manager verbindet mehr, als die meisten denken. In seinem neuen Buch pr\u00e4sentiert Bestsellerautor Fredmund Malik das Bergsteigen als facettenreiche Lebensschule, in der man zentrale Erkenntnisse f\u00fcr ein wirksames Management und ein erf\u00fclltes Leben gewinnen kann. Malik ist \u00fcberzeugt: Beruf und Privatleben [&#8230;]\n","protected":false},"featured_media":40618,"template":"","meta":[],"product_brand":[],"product_cat":[21542],"product_tag":[],"class_list":{"0":"post-148119","1":"product","2":"type-product","3":"status-publish","4":"has-post-thumbnail","6":"product_cat-sachbuecher-dokumentationen","7":"pa_autor-malik","8":"pa_erscheinungsjahr-21550","9":"pa_region-deutschland","10":"pa_sprache-de","12":"first","13":"instock","14":"taxable","15":"shipping-taxable","16":"purchasable","17":"product-type-simple"},"_links":{"self":[{"href":"https:\/\/pizbube.ch\/en\/wp-json\/wp\/v2\/product\/148119","targetHints":{"allow":["GET"]}}],"collection":[{"href":"https:\/\/pizbube.ch\/en\/wp-json\/wp\/v2\/product"}],"about":[{"href":"https:\/\/pizbube.ch\/en\/wp-json\/wp\/v2\/types\/product"}],"wp:featuredmedia":[{"embeddable":true,"href":"https:\/\/pizbube.ch\/en\/wp-json\/wp\/v2\/media\/40618"}],"wp:attachment":[{"href":"https:\/\/pizbube.ch\/en\/wp-json\/wp\/v2\/media?parent=148119"}],"wp:term":[{"taxonomy":"product_brand","embeddable":true,"href":"https:\/\/pizbube.ch\/en\/wp-json\/wp\/v2\/product_brand?post=148119"},{"taxonomy":"product_cat","embeddable":true,"href":"https:\/\/pizbube.ch\/en\/wp-json\/wp\/v2\/product_cat?post=148119"},{"taxonomy":"product_tag","embeddable":true,"href":"https:\/\/pizbube.ch\/en\/wp-json\/wp\/v2\/product_tag?post=148119"}],"curies":[{"name":"wp","href":"https:\/\/api.w.org\/{rel}","templated":true}]}}