{"id":148120,"date":"2021-01-15T10:56:42","date_gmt":"2021-01-15T10:56:42","guid":{"rendered":"https:\/\/codengine3.ch\/?product=import-placeholder-for-207335"},"modified":"2025-10-25T11:31:00","modified_gmt":"2025-10-25T09:31:00","slug":"die-last-der-schatten-wenn-alpinisten-nicht-die-ganze-wahrheit-sagen","status":"publish","type":"product","link":"https:\/\/pizbube.ch\/en\/shop\/die-last-der-schatten-wenn-alpinisten-nicht-die-ganze-wahrheit-sagen\/","title":{"rendered":"Die Last der Schatten &#8211; Wenn Alpinisten nicht die ganze Wahrheit sagen"},"content":{"rendered":"<p>&#171;Ich war nicht auf dem Gipfel des K2, wie ich es vor ein paar Tagen<br \/>\nf\u00e4lschlicherweise bekannt gegeben habe.&#187; Das Eingest\u00e4ndnis des<br \/>\n\u00f6sterreichischen &#171;Skyrunners&#187; Christian Stangl ersch\u00fctterte Ende des Sommers<br \/>\n2010 die internationale Bergsteigerszene.Betrug und T\u00e4uschung, Fake News und<br \/>\nPost Truth: Wer meint, die Welt des Alpinismus sei diesbez\u00fcglich ein<br \/>\nunbefleckter Ort, der irrt. Schon viele Male sind in der \u00d6ffentlichkeit<br \/>\nZweifel aufgekommen, ob Bergsteiger hinsichtlich einer sportlichen Leistung<br \/>\ngelogen oder zumindest nicht die ganze Wahrheit gesagt haben.<\/p>\n<p>Das neue Buch des renommierten Tessiner Journalisten und Bergf\u00fchrers Mario<br \/>\nCasella n\u00e4hert sich diesem vielschichtigen Thema packend und mit<br \/>\npsychologischem Feingef\u00fchl an. Christian Stangl, Walter Bonatti, Maurice<br \/>\nHerzog, Tomo Cesen, Reinhold Messner &#8230; Die Liste der Alpinisten, die zu<br \/>\nirgendeinem Zeitpunkt ihrer Karriere der L\u00fcge bezichtigt wurden oder wie im<br \/>\nFalle Stangls eine L\u00fcge eingestanden, ist illuster. Teilweise blieben die<br \/>\nAnschuldigungen und Vorw\u00fcrfe jahrzehntelang virulent, und in vielen F\u00e4llen<br \/>\nkonnte niemals zweifelsfrei nachgewiesen werden, ob die Alpinisten gelogen<br \/>\nhatten oder nicht.<\/p>\n<p>Aber Casella geht es nicht um das Aufdecken der Wahrheit. Er fragt vielmehr,<br \/>\nwelche Motivationen dem Abweichen von der Wahrheit im einzelnen Fall zugrunde<br \/>\nlagen, und beschreibt die Mechanismen und Prozesse im Umgang mit der<br \/>\n(tats\u00e4chlichen oder unterstellten) L\u00fcge in \u00d6ffentlichkeit und Medien. Auch die<br \/>\nBez\u00fcge zu anderen Schattenseiten des Hochleistungssports (Erfolgsdruck, Doping<br \/>\nund Drogensucht, Depression und Burnout) werden transparent gemacht &#8211; spannend<br \/>\nund hochaktuell.<\/p>\n<p>1. Auflage 2028,<br \/>\n<span class=\"value\">192 Seiten<\/span><\/p>","protected":false},"excerpt":{"rendered":"<p>&#171;Ich war nicht auf dem Gipfel des K2, wie ich es vor ein paar Tagen f\u00e4lschlicherweise bekannt gegeben habe.&#187; Das Eingest\u00e4ndnis des \u00f6sterreichischen &#171;Skyrunners&#187; Christian Stangl ersch\u00fctterte Ende des Sommers 2010 die internationale Bergsteigerszene.Betrug und T\u00e4uschung, Fake News und Post Truth: Wer meint, die Welt des Alpinismus sei diesbez\u00fcglich ein unbefleckter Ort, der irrt. Schon [&#8230;]\n","protected":false},"featured_media":181877,"template":"","meta":[],"product_brand":[],"product_cat":[21542],"product_tag":[],"class_list":{"0":"post-148120","1":"product","2":"type-product","3":"status-publish","4":"has-post-thumbnail","6":"product_cat-sachbuecher-dokumentationen","7":"pa_autor-casella","8":"pa_erscheinungsjahr-21546","9":"pa_region-schweiz","10":"pa_sprache-de","12":"first","13":"instock","14":"taxable","15":"shipping-taxable","16":"purchasable","17":"product-type-simple"},"_links":{"self":[{"href":"https:\/\/pizbube.ch\/en\/wp-json\/wp\/v2\/product\/148120","targetHints":{"allow":["GET"]}}],"collection":[{"href":"https:\/\/pizbube.ch\/en\/wp-json\/wp\/v2\/product"}],"about":[{"href":"https:\/\/pizbube.ch\/en\/wp-json\/wp\/v2\/types\/product"}],"wp:featuredmedia":[{"embeddable":true,"href":"https:\/\/pizbube.ch\/en\/wp-json\/wp\/v2\/media\/181877"}],"wp:attachment":[{"href":"https:\/\/pizbube.ch\/en\/wp-json\/wp\/v2\/media?parent=148120"}],"wp:term":[{"taxonomy":"product_brand","embeddable":true,"href":"https:\/\/pizbube.ch\/en\/wp-json\/wp\/v2\/product_brand?post=148120"},{"taxonomy":"product_cat","embeddable":true,"href":"https:\/\/pizbube.ch\/en\/wp-json\/wp\/v2\/product_cat?post=148120"},{"taxonomy":"product_tag","embeddable":true,"href":"https:\/\/pizbube.ch\/en\/wp-json\/wp\/v2\/product_tag?post=148120"}],"curies":[{"name":"wp","href":"https:\/\/api.w.org\/{rel}","templated":true}]}}