{"id":148121,"date":"2021-01-15T10:56:42","date_gmt":"2021-01-15T10:56:42","guid":{"rendered":"https:\/\/codengine3.ch\/?product=import-placeholder-for-200348"},"modified":"2025-01-15T14:26:08","modified_gmt":"2025-01-15T13:26:08","slug":"telemark-lehrplan","status":"publish","type":"product","link":"https:\/\/pizbube.ch\/en\/shop\/telemark-lehrplan\/","title":{"rendered":"Telemark Lehrplan"},"content":{"rendered":"<p>Zum Start der neuen Partnerschaft zwischen INTERSKI DEUTSCHLAND e.V. und dem<br \/>\nVerlag pietsch erscheinen die beiden Schneesportlehrpl\u00e4ne Kinder und<br \/>\nJugendliche sowie Telemark jetzt v\u00f6llig neu konzipiert. Beide ber\u00fccksichtigen<br \/>\ndie aktuellen Entwicklungen hinsichtlich Unterrichtsdidaktik\/-methodik und<br \/>\n-p\u00e4dagogik bzw. Fahrtechnik und Material. Sie enthalten alle wichtigen<br \/>\nGrundlagen, viele Praxisbeispiele sowie Kurs- und Trainingsprogramme und<br \/>\nerm\u00f6glichen so eine direkte Umsetzung der Lehrinhalte in die Unterrichtspraxis<br \/>\nbzw. das eigene Training.<\/p>\n<p>Nachdem dem Telemark lange Zeit der Makel anhaftete, eine Wintersportart f\u00fcr<br \/>\newig Gestrige zu sein, erm\u00f6glicht das moderne Material heutzutage eine gro\u00dfe<br \/>\nBewegungsfreiheit. Mit seinem gro\u00dfen Einsatzbereich, ob beim Carven, im<br \/>\nPulverschnee, in der Buckelpiste oder auf Touren und Skiwanderungen ist<br \/>\nTelemark das verbindende Glied zwischen der alpinischen und der norwegischen<br \/>\nSchneesportwelt.<\/p>\n<p>Dieses Buch zeigt, wie Anf\u00e4nger in vier \u00dcbungsschritten schnell und einfach<br \/>\ndie Telemarktechnik erlernen, sodass sie schon nach kurzer Zeit \u00fcber sich und<br \/>\ndie neue Fahrweise staunen. Den routinierten Telemark-Freaks werden Tipps<br \/>\ngegeben, wie sie ihre Technik in der Buckelpiste, beim Kurzschwung, beim<br \/>\nCarven, im Rennsport und beim Kurzschwingen noch weiter verbessern k\u00f6nnen.<br \/>\nAu\u00dferdem gibt dieses Buch einen Einblick in die Telemarkgeschichte, einen<br \/>\n\u00dcberblick \u00fcber das zum Telemark notwendige Equipment und einen Tele-Guide, der<br \/>\ndie angesagtesten Skigebiete f\u00fcr Telemarker vorstellt.<\/p>","protected":false},"excerpt":{"rendered":"<p>Zum Start der neuen Partnerschaft zwischen INTERSKI DEUTSCHLAND e.V. und dem Verlag pietsch erscheinen die beiden Schneesportlehrpl\u00e4ne Kinder und Jugendliche sowie Telemark jetzt v\u00f6llig neu konzipiert. Beide ber\u00fccksichtigen die aktuellen Entwicklungen hinsichtlich Unterrichtsdidaktik\/-methodik und -p\u00e4dagogik bzw. Fahrtechnik und Material. Sie enthalten alle wichtigen Grundlagen, viele Praxisbeispiele sowie Kurs- und Trainingsprogramme und erm\u00f6glichen so eine direkte [&#8230;]\n","protected":false},"featured_media":26632,"template":"","meta":[],"product_brand":[],"product_cat":[21538],"product_tag":[],"class_list":{"0":"post-148121","1":"product","2":"type-product","3":"status-publish","4":"has-post-thumbnail","6":"product_cat-lehrbuecher","7":"pa_erscheinungsjahr-21830","8":"pa_region-alpin-winter","9":"pa_sprache-de","11":"first","12":"instock","13":"taxable","14":"shipping-taxable","15":"purchasable","16":"product-type-simple"},"_links":{"self":[{"href":"https:\/\/pizbube.ch\/en\/wp-json\/wp\/v2\/product\/148121","targetHints":{"allow":["GET"]}}],"collection":[{"href":"https:\/\/pizbube.ch\/en\/wp-json\/wp\/v2\/product"}],"about":[{"href":"https:\/\/pizbube.ch\/en\/wp-json\/wp\/v2\/types\/product"}],"wp:featuredmedia":[{"embeddable":true,"href":"https:\/\/pizbube.ch\/en\/wp-json\/wp\/v2\/media\/26632"}],"wp:attachment":[{"href":"https:\/\/pizbube.ch\/en\/wp-json\/wp\/v2\/media?parent=148121"}],"wp:term":[{"taxonomy":"product_brand","embeddable":true,"href":"https:\/\/pizbube.ch\/en\/wp-json\/wp\/v2\/product_brand?post=148121"},{"taxonomy":"product_cat","embeddable":true,"href":"https:\/\/pizbube.ch\/en\/wp-json\/wp\/v2\/product_cat?post=148121"},{"taxonomy":"product_tag","embeddable":true,"href":"https:\/\/pizbube.ch\/en\/wp-json\/wp\/v2\/product_tag?post=148121"}],"curies":[{"name":"wp","href":"https:\/\/api.w.org\/{rel}","templated":true}]}}