{"id":148124,"date":"2021-01-15T10:56:42","date_gmt":"2021-01-15T10:56:42","guid":{"rendered":"https:\/\/codengine3.ch\/?product=import-placeholder-for-205694"},"modified":"2021-01-15T14:43:13","modified_gmt":"2021-01-15T14:43:13","slug":"telemark-der-klick-mit-der-freien-ferse","status":"publish","type":"product","link":"https:\/\/pizbube.ch\/en\/shop\/telemark-der-klick-mit-der-freien-ferse\/","title":{"rendered":"Telemark Der Klick mit der freien Ferse."},"content":{"rendered":"<p>\nDer Telemark-Stil stellt den Ursprung des alpinen Skifahrens dar. Durch die<br \/>\nletzten technologischen Neuerungen, die mehr Bewegungsfreiheit erm\u00f6glichen,<br \/>\nhat sich Telemark zu einem absoluten Trend entwickelt.<\/p>\n<p>In diesem Ratgeber liefern mit Patrick Droste und Christian Keller zwei<br \/>\nSzenegr\u00f6\u00dfen topaktuelle Hinweise f\u00fcr Anf\u00e4nger wie auch f\u00fcr Fortgeschrittene.<br \/>\nVom richtigen Material \u00fcber Technik und Methodik bis hin zu den verschiedenen<br \/>\nDisziplinen und Tipps zu interessanten Veranstaltungen &#8211; der Leser findet<br \/>\nbrandaktuelle Informationen leicht verst\u00e4ndlich aufbereitet.<br \/>\nZahlr. Farbfotos. 125 S.  <\/p>","protected":false},"excerpt":{"rendered":"<p>Der Telemark-Stil stellt den Ursprung des alpinen Skifahrens dar. Durch die letzten technologischen Neuerungen, die mehr Bewegungsfreiheit erm\u00f6glichen, hat sich Telemark zu einem absoluten Trend entwickelt. In diesem Ratgeber liefern mit Patrick Droste und Christian Keller zwei Szenegr\u00f6\u00dfen topaktuelle Hinweise f\u00fcr Anf\u00e4nger wie auch f\u00fcr Fortgeschrittene. Vom richtigen Material \u00fcber Technik und Methodik bis hin [&#8230;]\n","protected":false},"featured_media":34501,"template":"","meta":[],"product_brand":[],"product_cat":[21538],"product_tag":[],"class_list":{"0":"post-148124","1":"product","2":"type-product","3":"status-publish","4":"has-post-thumbnail","6":"product_cat-lehrbuecher","7":"pa_autor-droste","8":"pa_erscheinungsjahr-21842","9":"pa_region-alpin-winter","10":"pa_sprache-de","12":"first","13":"outofstock","14":"taxable","15":"shipping-taxable","16":"purchasable","17":"product-type-simple"},"_links":{"self":[{"href":"https:\/\/pizbube.ch\/en\/wp-json\/wp\/v2\/product\/148124","targetHints":{"allow":["GET"]}}],"collection":[{"href":"https:\/\/pizbube.ch\/en\/wp-json\/wp\/v2\/product"}],"about":[{"href":"https:\/\/pizbube.ch\/en\/wp-json\/wp\/v2\/types\/product"}],"wp:featuredmedia":[{"embeddable":true,"href":"https:\/\/pizbube.ch\/en\/wp-json\/wp\/v2\/media\/34501"}],"wp:attachment":[{"href":"https:\/\/pizbube.ch\/en\/wp-json\/wp\/v2\/media?parent=148124"}],"wp:term":[{"taxonomy":"product_brand","embeddable":true,"href":"https:\/\/pizbube.ch\/en\/wp-json\/wp\/v2\/product_brand?post=148124"},{"taxonomy":"product_cat","embeddable":true,"href":"https:\/\/pizbube.ch\/en\/wp-json\/wp\/v2\/product_cat?post=148124"},{"taxonomy":"product_tag","embeddable":true,"href":"https:\/\/pizbube.ch\/en\/wp-json\/wp\/v2\/product_tag?post=148124"}],"curies":[{"name":"wp","href":"https:\/\/api.w.org\/{rel}","templated":true}]}}