{"id":148127,"date":"2021-01-15T10:56:42","date_gmt":"2021-01-15T10:56:42","guid":{"rendered":"https:\/\/codengine3.ch\/?product=import-placeholder-for-200349"},"modified":"2021-01-15T10:56:46","modified_gmt":"2021-01-15T10:56:46","slug":"wandern-in-der-stadt-basel","status":"publish","type":"product","link":"https:\/\/pizbube.ch\/en\/shop\/wandern-in-der-stadt-basel\/","title":{"rendered":"Wandern in der Stadt Basel"},"content":{"rendered":"<p>Stadtwanderungen \u2013 16 zu Fu\u00df, eine in Badehose \u2013 f\u00fcr alle, die Basel und das<br \/>\nDreil\u00e4ndereck von einer neuen Seite entdecken m\u00f6chten.<br \/>\nUrbanes Wanderparadies Basel<\/p>\n<p>Wandern in der Stadt Basel \u2013 geht das? Es geht sogar sehr gut! Nie einen<br \/>\nRucksack packen, Fahrpl\u00e4ne studieren oder sich um eine Wetterprognose k\u00fcmmern<br \/>\nzu m\u00fcssen \u2013 in Basel sind \u00d6V und Verpflegung immer in der N\u00e4he. So weit die<br \/>\npraktischen Qualit\u00e4ten des Stadtwanderns.<\/p>\n<p>Das Vergn\u00fcgen kommt mit der Vertiefung. Die 17 vorgeschlagenen Touren \u2013 16 zu<br \/>\nFu\u00df, eine in Badehose \u2013 laden ein, die vielen Gesichter Basels zu entdecken:<br \/>\nzum Beispiel eine R\u00e4tselwanderung durch die Basler Altstadt, eine ein- bis<br \/>\nzweit\u00e4gige Umrundung des Kantons, eine \u00bbChemiewanderung\u00ab oder Touren entlang<br \/>\nvon Basels Kunst- und Architektur-Highlights. Abstecher nach S\u00fcdbaden,<br \/>\ndarunter eine Weinwanderung nach \u00d6tlingen und ins Elsass \u2013 Petite Camargue,<br \/>\nder \u00bbUrwald am Rhein\u00ab \u2013 machen auch Basels Nachbarn im Dreil\u00e4ndereck greifbar.<\/p>\n<p>Entstanden ist ein Mix aus Wanderbuch, Stadtf\u00fchrer, Geschichtsbuch und<br \/>\nGeschichtenbuch. Ein Buch fu\u0308r Touristen, f\u00fcr Heimwehbasler, f\u00fcr Einheimische<br \/>\nohnehin. Kurzum: fu\u0308r alle, die Basel von einer neuen Seite entdecken m\u00f6chten.<\/p>","protected":false},"excerpt":{"rendered":"<p>Stadtwanderungen \u2013 16 zu Fu\u00df, eine in Badehose \u2013 f\u00fcr alle, die Basel und das Dreil\u00e4ndereck von einer neuen Seite entdecken m\u00f6chten. Urbanes Wanderparadies Basel Wandern in der Stadt Basel \u2013 geht das? Es geht sogar sehr gut! Nie einen Rucksack packen, Fahrpl\u00e4ne studieren oder sich um eine Wetterprognose k\u00fcmmern zu m\u00fcssen \u2013 in Basel [&#8230;]\n","protected":false},"featured_media":26636,"template":"","meta":[],"product_brand":[],"product_cat":[21605],"product_tag":[],"class_list":{"0":"post-148127","1":"product","2":"type-product","3":"status-publish","4":"has-post-thumbnail","6":"product_cat-wanderfuehrer-trekking","7":"pa_autor-kuerschner-widmer-koschmieder","8":"pa_erscheinungsjahr-21597","9":"pa_region-schweiz","10":"pa_sprache-de","12":"first","13":"instock","14":"taxable","15":"shipping-taxable","16":"purchasable","17":"product-type-simple"},"_links":{"self":[{"href":"https:\/\/pizbube.ch\/en\/wp-json\/wp\/v2\/product\/148127","targetHints":{"allow":["GET"]}}],"collection":[{"href":"https:\/\/pizbube.ch\/en\/wp-json\/wp\/v2\/product"}],"about":[{"href":"https:\/\/pizbube.ch\/en\/wp-json\/wp\/v2\/types\/product"}],"wp:featuredmedia":[{"embeddable":true,"href":"https:\/\/pizbube.ch\/en\/wp-json\/wp\/v2\/media\/26636"}],"wp:attachment":[{"href":"https:\/\/pizbube.ch\/en\/wp-json\/wp\/v2\/media?parent=148127"}],"wp:term":[{"taxonomy":"product_brand","embeddable":true,"href":"https:\/\/pizbube.ch\/en\/wp-json\/wp\/v2\/product_brand?post=148127"},{"taxonomy":"product_cat","embeddable":true,"href":"https:\/\/pizbube.ch\/en\/wp-json\/wp\/v2\/product_cat?post=148127"},{"taxonomy":"product_tag","embeddable":true,"href":"https:\/\/pizbube.ch\/en\/wp-json\/wp\/v2\/product_tag?post=148127"}],"curies":[{"name":"wp","href":"https:\/\/api.w.org\/{rel}","templated":true}]}}