{"id":148128,"date":"2021-01-15T10:56:42","date_gmt":"2021-01-15T10:56:42","guid":{"rendered":"https:\/\/codengine3.ch\/?product=import-placeholder-for-207170"},"modified":"2024-07-16T10:28:05","modified_gmt":"2024-07-16T08:28:05","slug":"wandern-in-der-stadt-zuerich","status":"publish","type":"product","link":"https:\/\/pizbube.ch\/en\/shop\/wandern-in-der-stadt-zuerich\/","title":{"rendered":"Wandern in der Stadt Z\u00fcrich"},"content":{"rendered":"<p>Wandern einmal anders! Die Stadt Z\u00fcrich einmal anders!<br \/>\nUrbanes Wanderparadies<\/p>\n<p>Die passionierten Bergwanderer Ursula Bauer, J\u00fcrg Frischknecht und Marco<br \/>\nVolken schn\u00fcren die Wanderschuhe f\u00fcr einmal in der Stadt. Sie haben Z\u00fcrich von<br \/>\nNord nach S\u00fcd und von Ost nach West durchstreift, dabei die Stadt, in der sie<br \/>\nseit Jahrzehnten zu Hause sind, neu entdeckt.<br \/>\nIn drei- bis f\u00fcnfst\u00fcndigen Wanderungen erschlie\u00dfen sie ein \u00fcberraschendes<br \/>\nParadies f\u00fcr Wanderer:<\/p>\n<p>\u2013 Wandern, wo Z\u00fcrich am gr\u00fcnsten ist: auf dem \u00dcetliberg und im Werenbachtobel,<br \/>\nan der Sihl<br \/>\nund am Z\u00fcrichhorn.<br \/>\n\u2013 Wandern, wo Z\u00fcrich am farbigsten ist: in den Rebbergen und bota\u00adnischen<br \/>\nG\u00e4rten, im Tropenhaus und in der Masoala-Halle.<br \/>\n\u2013 Wandern, wo H\u00fcgel zu H\u00fcgelchen werden: vom Entlisberg zum Lindenhof.<br \/>\n\u2013 Wandern, wo auf Industriebrachen das urbane Z\u00fcrich boomt: vom<\/p>\n<p>Prime Tower bis zu den Freitagstaschen in Neu-Oerlikon, vom Google-Sitz bis<br \/>\nzum Schiffbau.<br \/>\n\u2013 Wandern, wo Z\u00fcrich am sonnigsten ist: vom Dolder Grand zum Vrenelisg\u00e4rtli.<br \/>\n\u2013 Wandern, wo man im Wolfswinkel und im \u00bbKleeblatt\u00ab schl\u00e4ft: die Gartenstadt<br \/>\nSchwamendingen und das ehemalige Bauerndorf Affoltern.<br \/>\n\u2013 Wandern, wo sich die Katzen Gute Nacht sagen: am Katzenbach,<br \/>\nam Katzensee und am B\u00fcsisee<\/p>\n<p>\u2013 Wandern, wo man auch in Wanderschuhen einkehren kann:<br \/>\nvom \u00adMuggenb\u00fchl zum Adlisberg.<br \/>\n\u2013 Flanieren, wo schon Gottfried Keller und James Joyce promenierten:<br \/>\nim Platzspitz und am See.<\/p>\n<p>5. aktualis. Auflg. 2018<\/p>","protected":false},"excerpt":{"rendered":"<p>Wandern einmal anders! Die Stadt Z\u00fcrich einmal anders! Urbanes Wanderparadies Die passionierten Bergwanderer Ursula Bauer, J\u00fcrg Frischknecht und Marco Volken schn\u00fcren die Wanderschuhe f\u00fcr einmal in der Stadt. Sie haben Z\u00fcrich von Nord nach S\u00fcd und von Ost nach West durchstreift, dabei die Stadt, in der sie seit Jahrzehnten zu Hause sind, neu entdeckt. In [&#8230;]\n","protected":false},"featured_media":161271,"template":"","meta":[],"product_brand":[],"product_cat":[21605],"product_tag":[],"class_list":{"0":"post-148128","1":"product","2":"type-product","3":"status-publish","4":"has-post-thumbnail","6":"product_cat-wanderfuehrer-trekking","7":"pa_autor-bauer-frischknecht-volken","8":"pa_erscheinungsjahr-21546","9":"pa_region-schweiz","10":"pa_sprache-de","12":"first","13":"instock","14":"taxable","15":"shipping-taxable","16":"purchasable","17":"product-type-simple"},"_links":{"self":[{"href":"https:\/\/pizbube.ch\/en\/wp-json\/wp\/v2\/product\/148128","targetHints":{"allow":["GET"]}}],"collection":[{"href":"https:\/\/pizbube.ch\/en\/wp-json\/wp\/v2\/product"}],"about":[{"href":"https:\/\/pizbube.ch\/en\/wp-json\/wp\/v2\/types\/product"}],"wp:featuredmedia":[{"embeddable":true,"href":"https:\/\/pizbube.ch\/en\/wp-json\/wp\/v2\/media\/161271"}],"wp:attachment":[{"href":"https:\/\/pizbube.ch\/en\/wp-json\/wp\/v2\/media?parent=148128"}],"wp:term":[{"taxonomy":"product_brand","embeddable":true,"href":"https:\/\/pizbube.ch\/en\/wp-json\/wp\/v2\/product_brand?post=148128"},{"taxonomy":"product_cat","embeddable":true,"href":"https:\/\/pizbube.ch\/en\/wp-json\/wp\/v2\/product_cat?post=148128"},{"taxonomy":"product_tag","embeddable":true,"href":"https:\/\/pizbube.ch\/en\/wp-json\/wp\/v2\/product_tag?post=148128"}],"curies":[{"name":"wp","href":"https:\/\/api.w.org\/{rel}","templated":true}]}}