{"id":148129,"date":"2021-01-15T10:56:43","date_gmt":"2021-01-15T10:56:43","guid":{"rendered":"https:\/\/codengine3.ch\/?product=import-placeholder-for-204898"},"modified":"2021-01-15T14:37:08","modified_gmt":"2021-01-15T14:37:08","slug":"basel-gotthard","status":"publish","type":"product","link":"https:\/\/pizbube.ch\/en\/shop\/basel-gotthard\/","title":{"rendered":"Basel &#8211; Gotthard"},"content":{"rendered":"<p>Zu Fuss durch die Kulturlandschaft Schweiz<br \/>\nEin Wanderf\u00fchrer f\u00fcr vielseitig interessierte Kulturwanderer  <\/p>\n<p>Das Tun und Lassen der Menschen pr\u00e4gt die Landschaft im Laufe der Zeit<br \/>\nvielf\u00e4ltig und l\u00e4sst sie zur Kulturlandschaft werden. Und wer mit offenen<br \/>\nAugen und wachen Sinnen durch diese Kulturlandschaft geht, wird zum<br \/>\nKulturwanderer. Das Zufussgehen ist die notwendige Basis f\u00fcr das Erfahren von<br \/>\nKulturlandschaft und historischen Spuren. An solche Kulturwanderer richtet<br \/>\nsich der Wanderf\u00fchrer Basel -Gotthard. Auf offiziellen Wanderwegen,<br \/>\neingezeichnet auf der gut lesbaren Landeskarte 1: 50 000, f\u00fchrt die Route<br \/>\ndurch die Kulturlandschaft Schweiz. Die Wege weisen einen m\u00f6glichst hohen Grad<br \/>\nan so genannter historischer Substanz auf: Hohlwege, Alp- und Saumwege,<br \/>\nAlleen, Karrgeleise. Dazu skizziert der F\u00fchrer den historischen Hintergrund<br \/>\nsowie Legenden, Sagen und Geschichten. Beigef\u00fcgt sind Hinweise zur Landschaft<br \/>\nund Kulturlandschaft, zur Geologie und Botanik sowie auf weitere<br \/>\nBesonderheiten.<\/p>","protected":false},"excerpt":{"rendered":"<p>Zu Fuss durch die Kulturlandschaft Schweiz Ein Wanderf\u00fchrer f\u00fcr vielseitig interessierte Kulturwanderer Das Tun und Lassen der Menschen pr\u00e4gt die Landschaft im Laufe der Zeit vielf\u00e4ltig und l\u00e4sst sie zur Kulturlandschaft werden. Und wer mit offenen Augen und wachen Sinnen durch diese Kulturlandschaft geht, wird zum Kulturwanderer. Das Zufussgehen ist die notwendige Basis f\u00fcr das [&#8230;]\n","protected":false},"featured_media":33440,"template":"","meta":[],"product_brand":[],"product_cat":[21605],"product_tag":[],"class_list":{"0":"post-148129","1":"product","2":"type-product","3":"status-publish","4":"has-post-thumbnail","6":"product_cat-wanderfuehrer-trekking","7":"pa_autor-doerfel-specker-stromer","8":"pa_erscheinungsjahr-21842","9":"pa_region-schweiz","10":"pa_sprache-de","12":"first","13":"outofstock","14":"taxable","15":"shipping-taxable","16":"purchasable","17":"product-type-simple"},"_links":{"self":[{"href":"https:\/\/pizbube.ch\/en\/wp-json\/wp\/v2\/product\/148129","targetHints":{"allow":["GET"]}}],"collection":[{"href":"https:\/\/pizbube.ch\/en\/wp-json\/wp\/v2\/product"}],"about":[{"href":"https:\/\/pizbube.ch\/en\/wp-json\/wp\/v2\/types\/product"}],"wp:featuredmedia":[{"embeddable":true,"href":"https:\/\/pizbube.ch\/en\/wp-json\/wp\/v2\/media\/33440"}],"wp:attachment":[{"href":"https:\/\/pizbube.ch\/en\/wp-json\/wp\/v2\/media?parent=148129"}],"wp:term":[{"taxonomy":"product_brand","embeddable":true,"href":"https:\/\/pizbube.ch\/en\/wp-json\/wp\/v2\/product_brand?post=148129"},{"taxonomy":"product_cat","embeddable":true,"href":"https:\/\/pizbube.ch\/en\/wp-json\/wp\/v2\/product_cat?post=148129"},{"taxonomy":"product_tag","embeddable":true,"href":"https:\/\/pizbube.ch\/en\/wp-json\/wp\/v2\/product_tag?post=148129"}],"curies":[{"name":"wp","href":"https:\/\/api.w.org\/{rel}","templated":true}]}}