{"id":148130,"date":"2021-01-15T10:56:43","date_gmt":"2021-01-15T10:56:43","guid":{"rendered":"https:\/\/codengine3.ch\/?product=import-placeholder-for-204076"},"modified":"2025-03-04T14:50:58","modified_gmt":"2025-03-04T13:50:58","slug":"schweizer-jura","status":"publish","type":"product","link":"https:\/\/pizbube.ch\/en\/shop\/schweizer-jura\/","title":{"rendered":"Schweizer Jura"},"content":{"rendered":"<p>Die ganze Schweiz ist von schroffen Bergen besetzt. Die ganze Schweiz? Nein \u2013 im Nordwesten des Landes, zwischen Z\u00fcrich, Basel und Genfer See, liegt eine gar nicht so kleine Gegend, die zu den sch\u00f6nsten Mittelgebirgslandschaften Europas z\u00e4hlt: der Schweizer Jura. Seine langen, schmalen und meist bewaldeten Bergr\u00fccken bieten ein fantastisches Wander- und Ausflugsgebiet. Der Rother Wanderf\u00fchrer \u00bbSchweizer Jura\u00ab stellt die 50 sch\u00f6nsten Wanderungen vor.<\/p>\n<p>Das Gebiet erstreckt sich vom Lac de Neuch\u00e2tel in der franz\u00f6sischsprachigen Schweiz bis zum L\u00e4gerengrat bei Z\u00fcrich. Die Autoren Ueli Hintermeister, Silvia Fantacci und J\u00fcrg Schrammel sind hervorragende Kenner des Schweizer Jura und stellen die 50 sch\u00f6nsten Tagestouren vor \u2013 von der gem\u00fctlichen Rundwanderung bis zur anspruchsvollen \u00dcberschreitung ganzer H\u00f6henz\u00fcge. In ihrer Auswahl finden sich Tourenm\u00f6glichkeiten mit schwindelerregenden Tiefblicken und spektakul\u00e4ren Fernsichten, in tief eingeschnittene Schluchten und zu idyllischen D\u00f6rfern, deren kulinarische Traditionen jede Wanderung auf angenehmste Weise abrunden.<\/p>\n<p>Jede Tour ist dank zuverl\u00e4ssiger Wegbeschreibung, Kartenausschnitt mit eingezeichnetem Routenverlauf und aussagekr\u00e4ftigem H\u00f6henprofile bestens nachvollziehbar. Die farbige Schwierigkeitsbewertung erleichtert die Auswahl, zahlreiche Farbfotos wecken die Wanderlust. GPS-Tracks stehen zum Download von der Internetseite des Rother Bergverlag bereit. F\u00fcr die f\u00fcnfte Auflage wurde dieser Wanderf\u00fchrer sorgf\u00e4ltig aktualisiert.<\/p>\n<p>6. Auflage 2024<br \/>\n168 Seiten mit 107 Farbabbildungen<br \/>\n50 Wanderk\u00e4rtchen im Ma\u00dfstab 1:75.000, zwei \u00dcbersichtskarten im Ma\u00dfstab 1:850.000 und 1:2.000.000<br \/>\nFormat 11,5 x 16,5 cm<br \/>\nkartoniert mit Polytex-Laminierung<\/p>","protected":false},"excerpt":{"rendered":"<p>Die ganze Schweiz ist von schroffen Bergen besetzt. Die ganze Schweiz? Nein \u2013 im Nordwesten des Landes, zwischen Z\u00fcrich, Basel und Genfer See, liegt eine gar nicht so kleine Gegend, die zu den sch\u00f6nsten Mittelgebirgslandschaften Europas z\u00e4hlt: der Schweizer Jura. Seine langen, schmalen und meist bewaldeten Bergr\u00fccken bieten ein fantastisches Wander- und Ausflugsgebiet. Der Rother [&#8230;]\n","protected":false},"featured_media":157436,"template":"","meta":[],"product_brand":[],"product_cat":[21605],"product_tag":[],"class_list":{"0":"post-148130","1":"product","2":"type-product","3":"status-publish","4":"has-post-thumbnail","6":"product_cat-wanderfuehrer-trekking","7":"pa_autor-hintermeister-fantacci","8":"pa_erscheinungsjahr-27339","9":"pa_region-schweiz","10":"pa_sprache-de","12":"first","13":"instock","14":"taxable","15":"shipping-taxable","16":"purchasable","17":"product-type-simple"},"_links":{"self":[{"href":"https:\/\/pizbube.ch\/en\/wp-json\/wp\/v2\/product\/148130","targetHints":{"allow":["GET"]}}],"collection":[{"href":"https:\/\/pizbube.ch\/en\/wp-json\/wp\/v2\/product"}],"about":[{"href":"https:\/\/pizbube.ch\/en\/wp-json\/wp\/v2\/types\/product"}],"wp:featuredmedia":[{"embeddable":true,"href":"https:\/\/pizbube.ch\/en\/wp-json\/wp\/v2\/media\/157436"}],"wp:attachment":[{"href":"https:\/\/pizbube.ch\/en\/wp-json\/wp\/v2\/media?parent=148130"}],"wp:term":[{"taxonomy":"product_brand","embeddable":true,"href":"https:\/\/pizbube.ch\/en\/wp-json\/wp\/v2\/product_brand?post=148130"},{"taxonomy":"product_cat","embeddable":true,"href":"https:\/\/pizbube.ch\/en\/wp-json\/wp\/v2\/product_cat?post=148130"},{"taxonomy":"product_tag","embeddable":true,"href":"https:\/\/pizbube.ch\/en\/wp-json\/wp\/v2\/product_tag?post=148130"}],"curies":[{"name":"wp","href":"https:\/\/api.w.org\/{rel}","templated":true}]}}