{"id":148132,"date":"2021-01-15T10:56:43","date_gmt":"2021-01-15T10:56:43","guid":{"rendered":"https:\/\/codengine3.ch\/?product=import-placeholder-for-202124"},"modified":"2024-07-03T09:34:57","modified_gmt":"2024-07-03T07:34:57","slug":"dolomiten-6-rund-um-cortina-dampezzo","status":"publish","type":"product","link":"https:\/\/pizbube.ch\/en\/shop\/dolomiten-6-rund-um-cortina-dampezzo\/","title":{"rendered":"Dolomiten 6, Cortina d`Ampezzo &#8211; Cristallo \u2013 Tofanen \u2013 Nuvolau \u2013 Pelmo \u2013 Sorapiss"},"content":{"rendered":"<p><span class=\"value\">Die Dolomiten sind f\u00fcr viele das Herrlichste, was die Alpen zu bieten haben: Wuchtige Felsen, steile W\u00e4nde, dazwischen sonnendurchflutete L\u00e4rchenw\u00e4lder und gr\u00fcne Wiesen. Ein Traumziel f\u00fcr Wanderer und Bergsteiger sind die Ampezzaner Dolomiten. Die ber\u00fchmten Drei Zinnen, die spektakul\u00e4ren Fanes-Wasserf\u00e4lle und der gewaltige Monte Pelmo geh\u00f6ren in dieses Gebiet. Der Rother Wanderf\u00fchrer \u00bbDolomiten Band 6 \u2013 Cortina d\u2018Ampezzo\u00ab stellt 56 Wanderungen im Ampezzo-Tal und rund um den bekannten Olympia- und Bergsportort Cortina d\u2018Ampezzo vor.<\/span><\/p>\n<p>Der Wanderf\u00fchrer bietet f\u00fcr jeden Geschmack und f\u00fcr jedes K\u00f6nnen die passenden Wanderungen. Genussvolle Wanderungen f\u00fchren auf leicht erreichbare Gipfel. Paradiesisch ist die Wanderung zur Pl\u00e4tzwiese und auch die Drei Zinnen lassen sich auf einfachen Wegen umrunden. Auch klare Bergseen und sch\u00f6n gelegene H\u00fctten, die regionale K\u00f6stlichkeiten servieren, sind sch\u00f6ne Wanderziele. Anspruchsvoller wird es auf so manch steilem Gipfel und Klettersteig, zum Beispiel in der Fanisgruppe oder in den Tofanen, deren Gipfel leicht \u00fcber 3000 Metern H\u00f6he liegen.<\/p>\n<p>Autor Franz Hauleitner ist einer der besten Kenner der Dolomiten. Er pr\u00e4sentiert in diesem Rother Wanderf\u00fchrer die sch\u00f6nsten Touren in den Ampezzaner Dolomiten, rings um das B\u00f2itetal mit Cristallo, Tofanen, Nuvolau, Croda da Lago, Monte Pelmo und Sorapiss.<\/p>\n<p>Jeder Wanderung verf\u00fcgt \u00fcber eine zuverl\u00e4ssige Wegbeschreibung, Kartenausschnitte mit eingezeichnetem Wegverlauf und ein aussagekr\u00e4ftiges H\u00f6henprofil. Zudem stehen GPS-Tracks zum Download von der Internetseite des Rother Bergverlags zur Verf\u00fcgung.<\/p>\n<p>In acht Dolomiten-B\u00e4nden decken die Rother Wanderf\u00fchrer das gesamte Wandergebiet der Dolomiten zwischen Bruneck, Brixen, Bozen, Belluno und Sexten ab.<\/p>\n<p>160 Seiten,<br \/>\n56 H\u00f6henprofile, 56 Wanderk\u00e4rtchen im Ma\u00dfstab 1:50.000 und 1:75.000, zwei \u00dcbersichtskarten im Ma\u00dfstab 1:220.000 und 1:500.000<br \/>\n7., vollst\u00e4ndig \u00fcberarbeitete Auflage 2023<\/p>","protected":false},"excerpt":{"rendered":"<p>Die Dolomiten sind f\u00fcr viele das Herrlichste, was die Alpen zu bieten haben: Wuchtige Felsen, steile W\u00e4nde, dazwischen sonnendurchflutete L\u00e4rchenw\u00e4lder und gr\u00fcne Wiesen. Ein Traumziel f\u00fcr Wanderer und Bergsteiger sind die Ampezzaner Dolomiten. Die ber\u00fchmten Drei Zinnen, die spektakul\u00e4ren Fanes-Wasserf\u00e4lle und der gewaltige Monte Pelmo geh\u00f6ren in dieses Gebiet. Der Rother Wanderf\u00fchrer \u00bbDolomiten Band 6 [&#8230;]\n","protected":false},"featured_media":173751,"template":"","meta":[],"product_brand":[],"product_cat":[21605],"product_tag":[],"class_list":{"0":"post-148132","1":"product","2":"type-product","3":"status-publish","4":"has-post-thumbnail","6":"product_cat-wanderfuehrer-trekking","7":"pa_autor-hauleitner","8":"pa_erscheinungsjahr-27129","9":"pa_region-italien","10":"pa_sprache-de","12":"first","13":"instock","14":"taxable","15":"shipping-taxable","16":"purchasable","17":"product-type-simple"},"_links":{"self":[{"href":"https:\/\/pizbube.ch\/en\/wp-json\/wp\/v2\/product\/148132","targetHints":{"allow":["GET"]}}],"collection":[{"href":"https:\/\/pizbube.ch\/en\/wp-json\/wp\/v2\/product"}],"about":[{"href":"https:\/\/pizbube.ch\/en\/wp-json\/wp\/v2\/types\/product"}],"wp:featuredmedia":[{"embeddable":true,"href":"https:\/\/pizbube.ch\/en\/wp-json\/wp\/v2\/media\/173751"}],"wp:attachment":[{"href":"https:\/\/pizbube.ch\/en\/wp-json\/wp\/v2\/media?parent=148132"}],"wp:term":[{"taxonomy":"product_brand","embeddable":true,"href":"https:\/\/pizbube.ch\/en\/wp-json\/wp\/v2\/product_brand?post=148132"},{"taxonomy":"product_cat","embeddable":true,"href":"https:\/\/pizbube.ch\/en\/wp-json\/wp\/v2\/product_cat?post=148132"},{"taxonomy":"product_tag","embeddable":true,"href":"https:\/\/pizbube.ch\/en\/wp-json\/wp\/v2\/product_tag?post=148132"}],"curies":[{"name":"wp","href":"https:\/\/api.w.org\/{rel}","templated":true}]}}