{"id":148133,"date":"2021-01-15T10:56:43","date_gmt":"2021-01-15T10:56:43","guid":{"rendered":"https:\/\/codengine3.ch\/?product=import-placeholder-for-205773"},"modified":"2021-01-15T14:43:48","modified_gmt":"2021-01-15T14:43:48","slug":"klettern-im-rosengarten-und-umgebung","status":"publish","type":"product","link":"https:\/\/pizbube.ch\/en\/shop\/klettern-im-rosengarten-und-umgebung\/","title":{"rendered":"Klettern im Rosengarten und Umgebung"},"content":{"rendered":"<p>\nDie sch\u00f6nsten Routen in den Rosengartenmassif  <\/p>\n<p>Der bekannte Bergf\u00fchrer und Autor Mauro Bernardi, ver\u00f6ffentlicht nach den<br \/>\nErfolgen Klettern in Gr\u00f6den und Klettern in Cortina d&#8217;Ampezzo seinen dritten<br \/>\nBand f\u00fcr alle Freunde von traumhaften Dolomitenw\u00e4nden! Die im Buch<br \/>\nbeschriebenen Routen wurden alle im Jahr 2007\/08 von Mauro Bernardi erklettert<br \/>\nund mit genauer Analyse beschrieben.  <\/p>\n<p>Zahlreiche pers\u00f6nliche Anmerkungen mit vielen n\u00fctzlichen Details f\u00fchren durch<br \/>\nalle wichtigen Kletterrouten im herrlichen Rosengartenmassiv.<br \/>\n&#8211; 87 ausf\u00fchrliche alpine Kletterrouten &#8211; Unterteilung nach<br \/>\nSchwierigkeitsgraden und H\u00f6henunterschied<br \/>\n&#8211; Klare Routenbeschreibungen mit Skizzen  <\/p>\n<p>Ein Muss f\u00fcr jeden Kletterer um die einzigartigen Felsw\u00e4nde des Rosengartens<br \/>\nzu erobern!  <\/p>","protected":false},"excerpt":{"rendered":"<p>Die sch\u00f6nsten Routen in den Rosengartenmassif Der bekannte Bergf\u00fchrer und Autor Mauro Bernardi, ver\u00f6ffentlicht nach den Erfolgen Klettern in Gr\u00f6den und Klettern in Cortina d&#8217;Ampezzo seinen dritten Band f\u00fcr alle Freunde von traumhaften Dolomitenw\u00e4nden! Die im Buch beschriebenen Routen wurden alle im Jahr 2007\/08 von Mauro Bernardi erklettert und mit genauer Analyse beschrieben. Zahlreiche pers\u00f6nliche [&#8230;]\n","protected":false},"featured_media":34592,"template":"","meta":[],"product_brand":[],"product_cat":[21539],"product_tag":[],"class_list":{"0":"post-148133","1":"product","2":"type-product","3":"status-publish","4":"has-post-thumbnail","6":"product_cat-fuehrerliteratur-sportklettern-bouldern","7":"pa_autor-bernardi","8":"pa_erscheinungsjahr-21693","9":"pa_region-italien","10":"pa_sprache-de","12":"first","13":"outofstock","14":"taxable","15":"shipping-taxable","16":"purchasable","17":"product-type-simple"},"_links":{"self":[{"href":"https:\/\/pizbube.ch\/en\/wp-json\/wp\/v2\/product\/148133","targetHints":{"allow":["GET"]}}],"collection":[{"href":"https:\/\/pizbube.ch\/en\/wp-json\/wp\/v2\/product"}],"about":[{"href":"https:\/\/pizbube.ch\/en\/wp-json\/wp\/v2\/types\/product"}],"wp:featuredmedia":[{"embeddable":true,"href":"https:\/\/pizbube.ch\/en\/wp-json\/wp\/v2\/media\/34592"}],"wp:attachment":[{"href":"https:\/\/pizbube.ch\/en\/wp-json\/wp\/v2\/media?parent=148133"}],"wp:term":[{"taxonomy":"product_brand","embeddable":true,"href":"https:\/\/pizbube.ch\/en\/wp-json\/wp\/v2\/product_brand?post=148133"},{"taxonomy":"product_cat","embeddable":true,"href":"https:\/\/pizbube.ch\/en\/wp-json\/wp\/v2\/product_cat?post=148133"},{"taxonomy":"product_tag","embeddable":true,"href":"https:\/\/pizbube.ch\/en\/wp-json\/wp\/v2\/product_tag?post=148133"}],"curies":[{"name":"wp","href":"https:\/\/api.w.org\/{rel}","templated":true}]}}