{"id":148137,"date":"2021-01-15T10:56:43","date_gmt":"2021-01-15T10:56:43","guid":{"rendered":"https:\/\/codengine3.ch\/?product=import-placeholder-for-203042"},"modified":"2022-11-04T13:44:46","modified_gmt":"2022-11-04T12:44:46","slug":"klettern-in-groeden-und-umgebung-band-1","status":"publish","type":"product","link":"https:\/\/pizbube.ch\/en\/shop\/klettern-in-groeden-und-umgebung-band-1\/","title":{"rendered":"Klettern in Gr\u00f6den und Umgebung (Band 1)"},"content":{"rendered":"<p>Die sch\u00f6nsten Routen in den Dolomiten:<br \/>\nKlettern in Gr\u00f6den Band 1 &#8211; &#171;Die Klassiker&#187;<\/p>\n<p>Der Autor beschreibt 112 Routen, nach Kletterart und Schwierigkeitsgrad<br \/>\nunterteilt, sowie 6 Sportklettergebiete am Sella Pass, Pordoi und Gr\u00f6dner<br \/>\nJoch, mit \u00fcbersichtlichen und detaillierten Routenbeschreibungen und -skizzen.<\/p>\n<p>In der nun 6. Auflage, pr\u00e4sentiert sich der altbekannte und allseits geliebte<br \/>\nKletterf\u00fchrer nun in einem neuen Kleid. In diesem Buch beschreibt der<br \/>\nerfahrene Bergf\u00fchrer, alle von ihm mehrmals begangenen Routen im Gebiet, wobei<br \/>\nsowohl die klassischen, allseits bekannten, als auch die weniger begangenen<br \/>\nund unerforschten Routen ber\u00fccksichtigt werden.<\/p>\n<p>Beiliegend finden Sie eine Gebietskarte mit Positionsangabe der einzelnen<br \/>\nRouten und der Sportklettergebiete. Erleben Sie unvergessliche und genussvolle<br \/>\nDolomitenrouten.<\/p>\n<p>6. \u00fcberarbeitete Auflg. 2019<\/p>","protected":false},"excerpt":{"rendered":"<p>Die sch\u00f6nsten Routen in den Dolomiten: Klettern in Gr\u00f6den Band 1 &#8211; &#171;Die Klassiker&#187; Der Autor beschreibt 112 Routen, nach Kletterart und Schwierigkeitsgrad unterteilt, sowie 6 Sportklettergebiete am Sella Pass, Pordoi und Gr\u00f6dner Joch, mit \u00fcbersichtlichen und detaillierten Routenbeschreibungen und -skizzen. In der nun 6. Auflage, pr\u00e4sentiert sich der altbekannte und allseits geliebte Kletterf\u00fchrer nun [&#8230;]\n","protected":false},"featured_media":164310,"template":"","meta":[],"product_brand":[],"product_cat":[21539],"product_tag":[],"class_list":{"0":"post-148137","1":"product","2":"type-product","3":"status-publish","4":"has-post-thumbnail","6":"product_cat-fuehrerliteratur-sportklettern-bouldern","7":"pa_autor-bernardi","8":"pa_erscheinungsjahr-21586","9":"pa_region-italien","10":"pa_sprache-de","12":"first","13":"instock","14":"taxable","15":"shipping-taxable","16":"purchasable","17":"product-type-simple"},"_links":{"self":[{"href":"https:\/\/pizbube.ch\/en\/wp-json\/wp\/v2\/product\/148137","targetHints":{"allow":["GET"]}}],"collection":[{"href":"https:\/\/pizbube.ch\/en\/wp-json\/wp\/v2\/product"}],"about":[{"href":"https:\/\/pizbube.ch\/en\/wp-json\/wp\/v2\/types\/product"}],"wp:featuredmedia":[{"embeddable":true,"href":"https:\/\/pizbube.ch\/en\/wp-json\/wp\/v2\/media\/164310"}],"wp:attachment":[{"href":"https:\/\/pizbube.ch\/en\/wp-json\/wp\/v2\/media?parent=148137"}],"wp:term":[{"taxonomy":"product_brand","embeddable":true,"href":"https:\/\/pizbube.ch\/en\/wp-json\/wp\/v2\/product_brand?post=148137"},{"taxonomy":"product_cat","embeddable":true,"href":"https:\/\/pizbube.ch\/en\/wp-json\/wp\/v2\/product_cat?post=148137"},{"taxonomy":"product_tag","embeddable":true,"href":"https:\/\/pizbube.ch\/en\/wp-json\/wp\/v2\/product_tag?post=148137"}],"curies":[{"name":"wp","href":"https:\/\/api.w.org\/{rel}","templated":true}]}}