{"id":148138,"date":"2021-01-15T10:56:43","date_gmt":"2021-01-15T10:56:43","guid":{"rendered":"https:\/\/codengine3.ch\/?product=import-placeholder-for-207727"},"modified":"2022-11-04T13:50:39","modified_gmt":"2022-11-04T12:50:39","slug":"klettern-in-groeden-und-umgebung-band-3","status":"publish","type":"product","link":"https:\/\/pizbube.ch\/en\/shop\/klettern-in-groeden-und-umgebung-band-3\/","title":{"rendered":"Klettern in Gr\u00f6den und Umgebung (Band 3)"},"content":{"rendered":"<p>110 alpine, wieder entdeckte und abgesicherte Routen<\/p>\n<p>110 Routen in Gr\u00f6den und Umgebung nach Kletterart und Schwierigkeit<br \/>\nunterteilt, mit \u00fcbersichtlichen Routenbeschreibungen und -skizzen.<br \/>\nMit \u00fcber 60 Neuerschlie\u00dfungen sowie komplett neu sanierten Routen.<\/p>\n<p>Beschrieben sind:<br \/>\nGeisler-Puezgruppe<br \/>\nSella-, Langkofelgruppe und Umgebung<\/p>","protected":false},"excerpt":{"rendered":"<p>110 alpine, wieder entdeckte und abgesicherte Routen 110 Routen in Gr\u00f6den und Umgebung nach Kletterart und Schwierigkeit unterteilt, mit \u00fcbersichtlichen Routenbeschreibungen und -skizzen. Mit \u00fcber 60 Neuerschlie\u00dfungen sowie komplett neu sanierten Routen. Beschrieben sind: Geisler-Puezgruppe Sella-, Langkofelgruppe und Umgebung<\/p>","protected":false},"featured_media":164311,"template":"","meta":[],"product_brand":[],"product_cat":[21539],"product_tag":[],"class_list":{"0":"post-148138","1":"product","2":"type-product","3":"status-publish","4":"has-post-thumbnail","6":"product_cat-fuehrerliteratur-sportklettern-bouldern","7":"pa_autor-bernardi","8":"pa_erscheinungsjahr-21597","9":"pa_region-italien","10":"pa_sprache-de","12":"first","13":"instock","14":"taxable","15":"shipping-taxable","16":"purchasable","17":"product-type-simple"},"_links":{"self":[{"href":"https:\/\/pizbube.ch\/en\/wp-json\/wp\/v2\/product\/148138","targetHints":{"allow":["GET"]}}],"collection":[{"href":"https:\/\/pizbube.ch\/en\/wp-json\/wp\/v2\/product"}],"about":[{"href":"https:\/\/pizbube.ch\/en\/wp-json\/wp\/v2\/types\/product"}],"wp:featuredmedia":[{"embeddable":true,"href":"https:\/\/pizbube.ch\/en\/wp-json\/wp\/v2\/media\/164311"}],"wp:attachment":[{"href":"https:\/\/pizbube.ch\/en\/wp-json\/wp\/v2\/media?parent=148138"}],"wp:term":[{"taxonomy":"product_brand","embeddable":true,"href":"https:\/\/pizbube.ch\/en\/wp-json\/wp\/v2\/product_brand?post=148138"},{"taxonomy":"product_cat","embeddable":true,"href":"https:\/\/pizbube.ch\/en\/wp-json\/wp\/v2\/product_cat?post=148138"},{"taxonomy":"product_tag","embeddable":true,"href":"https:\/\/pizbube.ch\/en\/wp-json\/wp\/v2\/product_tag?post=148138"}],"curies":[{"name":"wp","href":"https:\/\/api.w.org\/{rel}","templated":true}]}}