{"id":148139,"date":"2021-01-15T10:56:43","date_gmt":"2021-01-15T10:56:43","guid":{"rendered":"https:\/\/codengine3.ch\/?product=import-placeholder-for-208125"},"modified":"2021-01-15T17:50:29","modified_gmt":"2021-01-15T17:50:29","slug":"arrampicare-nelle-dolomiti","status":"publish","type":"product","link":"https:\/\/pizbube.ch\/en\/shop\/arrampicare-nelle-dolomiti\/","title":{"rendered":"Arrampicare nelle Dolomiti"},"content":{"rendered":"<p>\n80 classiche vie d&#8217;arrampicata nelle Dolomiti, tutte nei gradi di difficolt\u00e0<br \/>\nIII e IV, affascinanti sia per i neofiti dell&#8217;arrampicata che per gli<br \/>\nappassionati di roccia, sono focalizzate sul grado di difficolt\u00e0 del tour. Il<br \/>\nlibro \u00e8 il vademecum ideale per le arrampicate alpine dei numerosi scalatori<br \/>\nche cercano il fattore &#171;piacere&#187;, ma non vogliono o non possono raggiungere<br \/>\ni loro limiti.<\/p>\n<p>80 tour d&#8217;arrampicata alpina di IIIe IV grado &#8211; ogni tour corredato da una<br \/>\ndescrizione precisa del punto d&#8217;accesso, del percorso e della discesa &#8211;<br \/>\nschizzi accurati ed esaurienti con tutti i parametri del tour<\/p>\n<p>Die sch\u00f6nsten Routen f\u00fcr Anf\u00e4nger und Fortgeschrittene<\/p>\n<p>80 klassische Kletterrouten in den Dolomiten (Cortina, Gr\u00f6den, Marmolata,<br \/>\nRosengarten, Schlern), alle im 3. und 4. Schwierigkeitsgrad gesammelt,<br \/>\nfaszinieren Kletterneulinge genauso wie Felsgenie\u00dfer und richten den Focus<br \/>\nrein auf den Schwierigkeitsgrad der Tour.<\/p>\n<p>Genaue Beschreibung von Zustieg, Route und Abstieg mit ausf\u00fchrlichen Skizzen<br \/>\nund Tourparametern.<\/p>\n<p>**NUR NOCH IN ITAL. SPRACHE LIEFERBAR!**  <\/p>","protected":false},"excerpt":{"rendered":"<p>80 classiche vie d&#8217;arrampicata nelle Dolomiti, tutte nei gradi di difficolt\u00e0 III e IV, affascinanti sia per i neofiti dell&#8217;arrampicata che per gli appassionati di roccia, sono focalizzate sul grado di difficolt\u00e0 del tour. Il libro \u00e8 il vademecum ideale per le arrampicate alpine dei numerosi scalatori che cercano il fattore &#171;piacere&#187;, ma non vogliono [&#8230;]\n","protected":false},"featured_media":27440,"template":"","meta":[],"product_brand":[],"product_cat":[21539],"product_tag":[],"class_list":{"0":"post-148139","1":"product","2":"type-product","3":"status-publish","4":"has-post-thumbnail","6":"product_cat-fuehrerliteratur-sportklettern-bouldern","7":"pa_autor-bernardi","8":"pa_erscheinungsjahr-21568","9":"pa_region-italien","10":"pa_sprache-it","12":"first","13":"outofstock","14":"taxable","15":"shipping-taxable","16":"purchasable","17":"product-type-simple"},"_links":{"self":[{"href":"https:\/\/pizbube.ch\/en\/wp-json\/wp\/v2\/product\/148139","targetHints":{"allow":["GET"]}}],"collection":[{"href":"https:\/\/pizbube.ch\/en\/wp-json\/wp\/v2\/product"}],"about":[{"href":"https:\/\/pizbube.ch\/en\/wp-json\/wp\/v2\/types\/product"}],"wp:featuredmedia":[{"embeddable":true,"href":"https:\/\/pizbube.ch\/en\/wp-json\/wp\/v2\/media\/27440"}],"wp:attachment":[{"href":"https:\/\/pizbube.ch\/en\/wp-json\/wp\/v2\/media?parent=148139"}],"wp:term":[{"taxonomy":"product_brand","embeddable":true,"href":"https:\/\/pizbube.ch\/en\/wp-json\/wp\/v2\/product_brand?post=148139"},{"taxonomy":"product_cat","embeddable":true,"href":"https:\/\/pizbube.ch\/en\/wp-json\/wp\/v2\/product_cat?post=148139"},{"taxonomy":"product_tag","embeddable":true,"href":"https:\/\/pizbube.ch\/en\/wp-json\/wp\/v2\/product_tag?post=148139"}],"curies":[{"name":"wp","href":"https:\/\/api.w.org\/{rel}","templated":true}]}}