{"id":148143,"date":"2021-01-15T10:56:43","date_gmt":"2021-01-15T10:56:43","guid":{"rendered":"https:\/\/codengine3.ch\/?product=import-placeholder-for-201568"},"modified":"2025-10-16T15:28:27","modified_gmt":"2025-10-16T13:28:27","slug":"andalucia-guia-de-escalada-deportiva","status":"publish","type":"product","link":"https:\/\/pizbube.ch\/en\/shop\/andalucia-guia-de-escalada-deportiva\/","title":{"rendered":"Andaluc\u00eda Gu\u00eda de escalada deportiva"},"content":{"rendered":"<p>Topoguidebook of Andalusia: described are 40 areas with more than 300 topos!<\/p>\n<p>Jaen, Cordoba, Sevilla, Granada, Malaga, Cadiz, El Chorro.<\/p>\n<p>This 2nd edition, fully updated and revised, including new sectors and new<br \/>\nschools, most notably the inclusion of the province of Almeria:<br \/>\n&#8211; Abdalajis (Malaga)<br \/>\n&#8211; La Muela (Cadiz)<br \/>\n&#8211; Cacin (Almeria)<br \/>\n&#8211; Rios Aguas (Almeria)<br \/>\n2nd edit. 2007<\/p>\n<p>Andaluc\u00eda es uno de los motores de la escalada de nuestro pa\u00eds, por territorio<br \/>\nescalable y por su buena climatolog\u00eda.<br \/>\nMunilla nos presenta esta complet\u00edsima gu\u00eda en la cual encontrar\u00e1s toda la<br \/>\ninformaci\u00f3n pr\u00e1ctica para que puedas hacer lo que m\u00e1s te gusta: \u00a1escalar!<br \/>\n2. Ediz.<br \/>\n&#8211; Texto biling\u00fce espa\u00f1ol\/ingl\u00e9s.<br \/>\n&#8211; Cuarenta escuelas perfectamente documentadas.<br \/>\n&#8211; Informaci\u00f3n clara y visual.<br \/>\n&#8211; M\u00e1s de 300 croquis.<br \/>\n&#8211; Mapas de acceso.<\/p>","protected":false},"excerpt":{"rendered":"<p>Topoguidebook of Andalusia: described are 40 areas with more than 300 topos! Jaen, Cordoba, Sevilla, Granada, Malaga, Cadiz, El Chorro. This 2nd edition, fully updated and revised, including new sectors and new schools, most notably the inclusion of the province of Almeria: &#8211; Abdalajis (Malaga) &#8211; La Muela (Cadiz) &#8211; Cacin (Almeria) &#8211; Rios Aguas [&#8230;]\n","protected":false},"featured_media":168917,"template":"","meta":[],"product_brand":[],"product_cat":[21539],"product_tag":[26831],"class_list":{"0":"post-148143","1":"product","2":"type-product","3":"status-publish","4":"has-post-thumbnail","6":"product_cat-fuehrerliteratur-sportklettern-bouldern","7":"product_tag-andalusien","8":"pa_autor-munilla","9":"pa_erscheinungsjahr-21842","10":"pa_region-spanien","11":"pa_sprache-e","12":"pa_sprache-sp","14":"first","15":"onbackorder","16":"taxable","17":"shipping-taxable","18":"purchasable","19":"product-type-simple"},"_links":{"self":[{"href":"https:\/\/pizbube.ch\/en\/wp-json\/wp\/v2\/product\/148143","targetHints":{"allow":["GET"]}}],"collection":[{"href":"https:\/\/pizbube.ch\/en\/wp-json\/wp\/v2\/product"}],"about":[{"href":"https:\/\/pizbube.ch\/en\/wp-json\/wp\/v2\/types\/product"}],"wp:featuredmedia":[{"embeddable":true,"href":"https:\/\/pizbube.ch\/en\/wp-json\/wp\/v2\/media\/168917"}],"wp:attachment":[{"href":"https:\/\/pizbube.ch\/en\/wp-json\/wp\/v2\/media?parent=148143"}],"wp:term":[{"taxonomy":"product_brand","embeddable":true,"href":"https:\/\/pizbube.ch\/en\/wp-json\/wp\/v2\/product_brand?post=148143"},{"taxonomy":"product_cat","embeddable":true,"href":"https:\/\/pizbube.ch\/en\/wp-json\/wp\/v2\/product_cat?post=148143"},{"taxonomy":"product_tag","embeddable":true,"href":"https:\/\/pizbube.ch\/en\/wp-json\/wp\/v2\/product_tag?post=148143"}],"curies":[{"name":"wp","href":"https:\/\/api.w.org\/{rel}","templated":true}]}}