{"id":148147,"date":"2021-01-15T10:56:43","date_gmt":"2021-01-15T10:56:43","guid":{"rendered":"https:\/\/codengine3.ch\/?product=import-placeholder-for-201768"},"modified":"2021-01-15T12:04:25","modified_gmt":"2021-01-15T12:04:25","slug":"niedere-tauern","status":"publish","type":"product","link":"https:\/\/pizbube.ch\/en\/shop\/niedere-tauern\/","title":{"rendered":"Niedere Tauern"},"content":{"rendered":"<p>Alpenvereinsf\u00fchrer inkl. Karte 1:50&#8217;000  <\/p>\n<p>Die Niederen Tauern geh\u00f6ren zu den gr\u00f6\u00dften Gebirgsgruppen der Ostalpen.<br \/>\nBegrenzt von den Hohen Tauern im Westen und dem Zusammenfluss des Liesingtales<br \/>\nmit dem Murtal im Osten umfasst dieses Gebirge die Massive der Seckauer,<br \/>\nTriebener, Rottenmanner, W\u00f6lzer, Schladminger und Radst\u00e4dter Tauern. Trotz der<br \/>\nErschlie\u00dfung vieler T\u00e4ler durch Stra\u00dfen und Busverbindungen k\u00f6nnen<br \/>\nNaturliebhaber hier auch heute noch Ruhe und Einsamkeit vorfinden &#8211;<br \/>\nparadiesische Verh\u00e4ltnisse also f\u00fcr Wanderer ebenso wie f\u00fcr Bergsteiger und<br \/>\nKletterer, wenn sie leichtere und genussvollere Touren bevorzugen.  <\/p>","protected":false},"excerpt":{"rendered":"<p>Alpenvereinsf\u00fchrer inkl. Karte 1:50&#8217;000 Die Niederen Tauern geh\u00f6ren zu den gr\u00f6\u00dften Gebirgsgruppen der Ostalpen. Begrenzt von den Hohen Tauern im Westen und dem Zusammenfluss des Liesingtales mit dem Murtal im Osten umfasst dieses Gebirge die Massive der Seckauer, Triebener, Rottenmanner, W\u00f6lzer, Schladminger und Radst\u00e4dter Tauern. Trotz der Erschlie\u00dfung vieler T\u00e4ler durch Stra\u00dfen und Busverbindungen k\u00f6nnen [&#8230;]\n","protected":false},"featured_media":29153,"template":"","meta":[],"product_brand":[],"product_cat":[21544],"product_tag":[],"class_list":{"0":"post-148147","1":"product","2":"type-product","3":"status-publish","4":"has-post-thumbnail","6":"product_cat-fuehrerliteratur-alpin-sommer","7":"pa_autor-peter-holl","8":"pa_erscheinungsjahr-22112","9":"pa_region-oesterreich","10":"pa_sprache-de","12":"first","13":"instock","14":"taxable","15":"shipping-taxable","16":"purchasable","17":"product-type-simple"},"_links":{"self":[{"href":"https:\/\/pizbube.ch\/en\/wp-json\/wp\/v2\/product\/148147","targetHints":{"allow":["GET"]}}],"collection":[{"href":"https:\/\/pizbube.ch\/en\/wp-json\/wp\/v2\/product"}],"about":[{"href":"https:\/\/pizbube.ch\/en\/wp-json\/wp\/v2\/types\/product"}],"wp:featuredmedia":[{"embeddable":true,"href":"https:\/\/pizbube.ch\/en\/wp-json\/wp\/v2\/media\/29153"}],"wp:attachment":[{"href":"https:\/\/pizbube.ch\/en\/wp-json\/wp\/v2\/media?parent=148147"}],"wp:term":[{"taxonomy":"product_brand","embeddable":true,"href":"https:\/\/pizbube.ch\/en\/wp-json\/wp\/v2\/product_brand?post=148147"},{"taxonomy":"product_cat","embeddable":true,"href":"https:\/\/pizbube.ch\/en\/wp-json\/wp\/v2\/product_cat?post=148147"},{"taxonomy":"product_tag","embeddable":true,"href":"https:\/\/pizbube.ch\/en\/wp-json\/wp\/v2\/product_tag?post=148147"}],"curies":[{"name":"wp","href":"https:\/\/api.w.org\/{rel}","templated":true}]}}