{"id":148148,"date":"2021-01-15T10:56:43","date_gmt":"2021-01-15T10:56:43","guid":{"rendered":"https:\/\/codengine3.ch\/?product=import-placeholder-for-205926"},"modified":"2021-12-21T10:37:20","modified_gmt":"2021-12-21T09:37:20","slug":"watzmann-2","status":"publish","type":"product","link":"https:\/\/pizbube.ch\/en\/shop\/watzmann-2\/","title":{"rendered":"Watzmann"},"content":{"rendered":"<p>Der sagenumwobene Watzmann ist dank seiner markanten Silhouette, seiner<br \/>\nber\u00fcchtigten Ostwand und nicht zuletzt wegen seiner Lage am fantastischen<br \/>\nK\u00f6nigssee das Wahrzeichen des Berchtesgadener Landes und gewiss einer der<br \/>\nber\u00fchmtesten Berge Deutschlands.<\/p>\n<p>Wie schafft es ein gerade einmal 2714 Meter hoher Berg zu einem solchen<br \/>\nBekanntheitsgrad, der ihn und die zu seinen F\u00fc\u00dfen liegende Marktgemeinde<br \/>\nBerchtesgaden zu einem touristischen Wallfahrtsort macht? Wie ist er<br \/>\nentstanden und zu seiner einpr\u00e4gsamen Gestalt gekommen? Welche Abenteuer<br \/>\nverbergen sich in seinen geschichtstr\u00e4chtigen W\u00e4nden und Graten? Mit gro\u00dfer<br \/>\nLeidenschaft hat Wolfgang Pusch in diesem Bildband den Mythos Watzmann mit<br \/>\npr\u00e4chtigen Aufnahmen und sachkundigen Texten in all seinen Facetten<br \/>\ndokumentiert. Wer sich nach der Lekt\u00fcre dieses Buches dem Watzmann einmal<br \/>\nselbst n\u00e4hern m\u00f6chte, findet neben vielen praktischen Hinweisen auch handfeste<br \/>\nRoutenvorschl\u00e4ge &#8211; f\u00fcr leichte Wanderungen wie auch f\u00fcr schwierige Bergtouren<br \/>\nund Kletterwege.<\/p>\n<p>1. Auflage 2010, 128 Seiten mit 100 Farbabbildungen, Format 30 x 24 cm,<br \/>\ngebunden mit Schutzumschlag<\/p>","protected":false},"excerpt":{"rendered":"<p>Der sagenumwobene Watzmann ist dank seiner markanten Silhouette, seiner ber\u00fcchtigten Ostwand und nicht zuletzt wegen seiner Lage am fantastischen K\u00f6nigssee das Wahrzeichen des Berchtesgadener Landes und gewiss einer der ber\u00fchmtesten Berge Deutschlands. Wie schafft es ein gerade einmal 2714 Meter hoher Berg zu einem solchen Bekanntheitsgrad, der ihn und die zu seinen F\u00fc\u00dfen liegende Marktgemeinde [&#8230;]\n","protected":false},"featured_media":34781,"template":"","meta":[],"product_brand":[],"product_cat":[21542],"product_tag":[],"class_list":{"0":"post-148148","1":"product","2":"type-product","3":"status-publish","4":"has-post-thumbnail","6":"product_cat-sachbuecher-dokumentationen","7":"pa_autor-pusch","8":"pa_erscheinungsjahr-21830","9":"pa_region-deutschland","10":"pa_sprache-de","12":"first","13":"outofstock","14":"taxable","15":"shipping-taxable","16":"purchasable","17":"product-type-simple"},"_links":{"self":[{"href":"https:\/\/pizbube.ch\/en\/wp-json\/wp\/v2\/product\/148148","targetHints":{"allow":["GET"]}}],"collection":[{"href":"https:\/\/pizbube.ch\/en\/wp-json\/wp\/v2\/product"}],"about":[{"href":"https:\/\/pizbube.ch\/en\/wp-json\/wp\/v2\/types\/product"}],"wp:featuredmedia":[{"embeddable":true,"href":"https:\/\/pizbube.ch\/en\/wp-json\/wp\/v2\/media\/34781"}],"wp:attachment":[{"href":"https:\/\/pizbube.ch\/en\/wp-json\/wp\/v2\/media?parent=148148"}],"wp:term":[{"taxonomy":"product_brand","embeddable":true,"href":"https:\/\/pizbube.ch\/en\/wp-json\/wp\/v2\/product_brand?post=148148"},{"taxonomy":"product_cat","embeddable":true,"href":"https:\/\/pizbube.ch\/en\/wp-json\/wp\/v2\/product_cat?post=148148"},{"taxonomy":"product_tag","embeddable":true,"href":"https:\/\/pizbube.ch\/en\/wp-json\/wp\/v2\/product_tag?post=148148"}],"curies":[{"name":"wp","href":"https:\/\/api.w.org\/{rel}","templated":true}]}}