{"id":148151,"date":"2021-01-15T10:56:43","date_gmt":"2021-01-15T10:56:43","guid":{"rendered":"https:\/\/codengine3.ch\/?product=import-placeholder-for-204676"},"modified":"2024-02-21T16:13:43","modified_gmt":"2024-02-21T15:13:43","slug":"alpinkletterfuehrer-berchtesgaden-west","status":"publish","type":"product","link":"https:\/\/pizbube.ch\/en\/shop\/alpinkletterfuehrer-berchtesgaden-west\/","title":{"rendered":"Alpinkletterf\u00fchrer Berchtesgaden West"},"content":{"rendered":"<p>Alpinklettertopo Bechtesgaden West &#8211; Lattengebirge, Reiteralm, Hochkalter,<br \/>\nWatzmann und Steinernes Meer<\/p>\n<p>Ein beeindruckendes Kompendium, das Josef Br\u00fcderl und Rudi K\u00fchberger hier<br \/>\nvorlegen. Lattengebirge, Reiteralm, Hochkalter &amp; Blaueish\u00fctte, Watzmann,<br \/>\nHohlwegen &amp; Wei\u00dfbach und das Steinerne Meer sind die Teilgebiete des<br \/>\nBerchtesgaden-West, die f\u00fcr jeden Geschmack etwas bieten: lange<br \/>\nSportklettereien in Taln\u00e4he, plaisirm\u00e4\u00dfiges Alpinklettern und klassische<br \/>\nBergabenteuer.<\/p>\n<p>472 Seiten geballte Information schlie\u00dfen die letzte L\u00fccke der Panico-<br \/>\nAlpinkletterf\u00fchrer f\u00fcr die den N\u00f6rdlichen Kalkalpen.<\/p>\n<p>1. Auflage 2020, 472 Seiten, 115 x 185 mm, Softcover, komplett 4 Farbig,<br \/>\nSchutzh\u00fclle<\/p>","protected":false},"excerpt":{"rendered":"<ul>\n<li><a href=\"https:\/\/youtu.be\/GKmjiAJiuec\" target=\"_blank\" rel=\"noopener\">Video: Routenerschlie\u00dfung: Neue Klettertouren f\u00fcr die Reiteralm | Bergauf-Bergab | Doku | BR<\/a><\/li>\n<\/ul>","protected":false},"featured_media":169805,"template":"","meta":[],"product_brand":[],"product_cat":[21539],"product_tag":[],"class_list":{"0":"post-148151","1":"product","2":"type-product","3":"status-publish","4":"has-post-thumbnail","6":"product_cat-fuehrerliteratur-sportklettern-bouldern","7":"pa_autor-bruederl-kuehberger","8":"pa_erscheinungsjahr-21558","9":"pa_region-deutschland","10":"pa_sprache-de","12":"first","13":"outofstock","14":"taxable","15":"shipping-taxable","16":"purchasable","17":"product-type-simple"},"_links":{"self":[{"href":"https:\/\/pizbube.ch\/en\/wp-json\/wp\/v2\/product\/148151","targetHints":{"allow":["GET"]}}],"collection":[{"href":"https:\/\/pizbube.ch\/en\/wp-json\/wp\/v2\/product"}],"about":[{"href":"https:\/\/pizbube.ch\/en\/wp-json\/wp\/v2\/types\/product"}],"wp:featuredmedia":[{"embeddable":true,"href":"https:\/\/pizbube.ch\/en\/wp-json\/wp\/v2\/media\/169805"}],"wp:attachment":[{"href":"https:\/\/pizbube.ch\/en\/wp-json\/wp\/v2\/media?parent=148151"}],"wp:term":[{"taxonomy":"product_brand","embeddable":true,"href":"https:\/\/pizbube.ch\/en\/wp-json\/wp\/v2\/product_brand?post=148151"},{"taxonomy":"product_cat","embeddable":true,"href":"https:\/\/pizbube.ch\/en\/wp-json\/wp\/v2\/product_cat?post=148151"},{"taxonomy":"product_tag","embeddable":true,"href":"https:\/\/pizbube.ch\/en\/wp-json\/wp\/v2\/product_tag?post=148151"}],"curies":[{"name":"wp","href":"https:\/\/api.w.org\/{rel}","templated":true}]}}