{"id":148152,"date":"2021-01-15T10:56:44","date_gmt":"2021-01-15T10:56:44","guid":{"rendered":"https:\/\/codengine3.ch\/?product=import-placeholder-for-200355"},"modified":"2025-06-17T10:25:48","modified_gmt":"2025-06-17T08:25:48","slug":"multi-pitch-climbing-in-arco","status":"publish","type":"product","link":"https:\/\/pizbube.ch\/en\/shop\/multi-pitch-climbing-in-arco\/","title":{"rendered":"Multi-pitch climbing in Arco"},"content":{"rendered":"<p>Mehrseill\u00e4ngen-Kletterf\u00fchrer Arco, inklusive Sarca Valley<\/p>\n<p>Es handelt sich um einen \u00fcbersichtlichen Auswahlf\u00fchrer mit Plaisir-Routen, der<br \/>\nein Schwierigkeitsgrad-Spektrum von 4a bis 7c auf bestem Gardaseekalk abdeckt.<br \/>\nAlle Touren wurden von den beiden Autoren Rebecca Finch und Georg Hueber<br \/>\nausgew\u00e4hlt und geklettert, ebenso wurden alle Topos von ihnen erstellt.<\/p>\n<p>Wie immer gibt es zum Kletterf\u00fchrer die digitale App-Version kostenlos dazu.<br \/>\n384 Seiten \/ 78 multi-pitch Routen Sprachen: Deutsch, Italienisch, Englisch<\/p>\n<p>&nbsp;<\/p>\n<p>It offers a clear selection of 78 plaisir-routes between the grades 4a and 7c<br \/>\non top quality Lake Garda limestone including Sarca Valley. All the routes<br \/>\nwere selected and climbed by the authors Rebecca Finch and Georg Hueber. The<br \/>\nguidebook contains detailed topos, drawn by the authors themselves.<\/p>\n<p>As always, the digital app version of the guide is included in the book.<br \/>\n384 pages, 78 multi-pitch routes Languages: German, Italian, English<\/p>\n<p>&nbsp;<\/p>\n<p>La guida offre una chiara selezione di itinerari \u201cplaisir\u201d, che coprano<br \/>\ndifficolt\u00e0 dal grado 4a al 7c su ottimo calcare. Tutte le vie sono state<br \/>\nintegralmente e personalmente percorse dagli autori Rebecca Finch e Georg<br \/>\nHueber, in modo da poter anche riportare con massima accuratezza i tracciati<br \/>\ndegli itinerari.<\/p>\n<p>Come sempre, il libro contiene un codice per sbloccare tutti i contenuti della<br \/>\nguida, topos compresi, nella Vertical-Life Climbing App.<\/p>","protected":false},"excerpt":{"rendered":"<p>Mehrseill\u00e4ngen-Kletterf\u00fchrer Arco, inklusive Sarca Valley Es handelt sich um einen \u00fcbersichtlichen Auswahlf\u00fchrer mit Plaisir-Routen, der ein Schwierigkeitsgrad-Spektrum von 4a bis 7c auf bestem Gardaseekalk abdeckt. Alle Touren wurden von den beiden Autoren Rebecca Finch und Georg Hueber ausgew\u00e4hlt und geklettert, ebenso wurden alle Topos von ihnen erstellt. Wie immer gibt es zum Kletterf\u00fchrer die digitale [&#8230;]\n","protected":false},"featured_media":177007,"template":"","meta":[],"product_brand":[],"product_cat":[21539],"product_tag":[],"class_list":{"0":"post-148152","1":"product","2":"type-product","3":"status-publish","4":"has-post-thumbnail","6":"product_cat-fuehrerliteratur-sportklettern-bouldern","7":"pa_autor-finch-hueber","8":"pa_erscheinungsjahr-21574","9":"pa_region-italien","10":"pa_sprache-de-it-en","12":"first","13":"instock","14":"taxable","15":"shipping-taxable","16":"purchasable","17":"product-type-simple"},"_links":{"self":[{"href":"https:\/\/pizbube.ch\/en\/wp-json\/wp\/v2\/product\/148152","targetHints":{"allow":["GET"]}}],"collection":[{"href":"https:\/\/pizbube.ch\/en\/wp-json\/wp\/v2\/product"}],"about":[{"href":"https:\/\/pizbube.ch\/en\/wp-json\/wp\/v2\/types\/product"}],"wp:featuredmedia":[{"embeddable":true,"href":"https:\/\/pizbube.ch\/en\/wp-json\/wp\/v2\/media\/177007"}],"wp:attachment":[{"href":"https:\/\/pizbube.ch\/en\/wp-json\/wp\/v2\/media?parent=148152"}],"wp:term":[{"taxonomy":"product_brand","embeddable":true,"href":"https:\/\/pizbube.ch\/en\/wp-json\/wp\/v2\/product_brand?post=148152"},{"taxonomy":"product_cat","embeddable":true,"href":"https:\/\/pizbube.ch\/en\/wp-json\/wp\/v2\/product_cat?post=148152"},{"taxonomy":"product_tag","embeddable":true,"href":"https:\/\/pizbube.ch\/en\/wp-json\/wp\/v2\/product_tag?post=148152"}],"curies":[{"name":"wp","href":"https:\/\/api.w.org\/{rel}","templated":true}]}}