{"id":148154,"date":"2021-01-15T10:56:44","date_gmt":"2021-01-15T10:56:44","guid":{"rendered":"https:\/\/codengine3.ch\/?product=import-placeholder-for-208362"},"modified":"2024-06-03T11:11:18","modified_gmt":"2024-06-03T09:11:18","slug":"klettern-in-arco-sarcatal","status":"publish","type":"product","link":"https:\/\/pizbube.ch\/en\/shop\/klettern-in-arco-sarcatal\/","title":{"rendered":"Klettern in Arco Sarcatal"},"content":{"rendered":"<p>Klassische und moderne Routen am Gardasee<\/p>\n<p>Das Sarcatal rund um Arco am Gardasee hat sich zu einem der Top-Klettergebiete<br \/>\nEuropas entwickelt. Neben einer Vielzahl von alpinen Klassikern gibt es eine<br \/>\nVielzahl perfekt gesicherter Plaisir und Sportkletterrouten.<\/p>\n<p>\u00dcber 100 Touren in den verschiedenen Schwierigkeitsgraden werden ausf\u00fchrlich beschrieben,<br \/>\nerg\u00e4nzt mit genauen Routenskizzen und Bildern der jeweiligen Wand und des Bergmassivs.<\/p>\n<p><span class=\"value\">Klettern in Arco bedeutet aber auch zwischen Colodri und dem Piccolo Dain auf \u00fcber 20 Kilometern in griffigen Kalkfelsw\u00e4nden<br \/>\n<\/span><span class=\"value\">oder am Monte Casale in dolomiten\u00e4hnlichem Fels unterwegs zu sein.<br \/>\nDurch die klimatische Bevorzugung kann man in Arco und Sarcatal fast das ganze Jahr \u00fcber klettern.<\/span><\/p>\n<p>208 Seiten<\/p>","protected":false},"excerpt":{"rendered":"<p>Klassische und moderne Routen am Gardasee Das Sarcatal rund um Arco am Gardasee hat sich zu einem der Top-Klettergebiete Europas entwickelt. Neben einer Vielzahl von alpinen Klassikern gibt es eine Vielzahl perfekt gesicherter Plaisir und Sportkletterrouten. \u00dcber 100 Touren in den verschiedenen Schwierigkeitsgraden werden ausf\u00fchrlich beschrieben, erg\u00e4nzt mit genauen Routenskizzen und Bildern der jeweiligen Wand [&#8230;]\n","protected":false},"featured_media":157993,"template":"","meta":[],"product_brand":[],"product_cat":[21539],"product_tag":[],"class_list":{"0":"post-148154","1":"product","2":"type-product","3":"status-publish","4":"has-post-thumbnail","6":"product_cat-fuehrerliteratur-sportklettern-bouldern","7":"pa_autor-rabanser","8":"pa_erscheinungsjahr-21568","9":"pa_region-italien","10":"pa_sprache-de","12":"first","13":"outofstock","14":"taxable","15":"shipping-taxable","16":"purchasable","17":"product-type-simple"},"_links":{"self":[{"href":"https:\/\/pizbube.ch\/en\/wp-json\/wp\/v2\/product\/148154","targetHints":{"allow":["GET"]}}],"collection":[{"href":"https:\/\/pizbube.ch\/en\/wp-json\/wp\/v2\/product"}],"about":[{"href":"https:\/\/pizbube.ch\/en\/wp-json\/wp\/v2\/types\/product"}],"wp:featuredmedia":[{"embeddable":true,"href":"https:\/\/pizbube.ch\/en\/wp-json\/wp\/v2\/media\/157993"}],"wp:attachment":[{"href":"https:\/\/pizbube.ch\/en\/wp-json\/wp\/v2\/media?parent=148154"}],"wp:term":[{"taxonomy":"product_brand","embeddable":true,"href":"https:\/\/pizbube.ch\/en\/wp-json\/wp\/v2\/product_brand?post=148154"},{"taxonomy":"product_cat","embeddable":true,"href":"https:\/\/pizbube.ch\/en\/wp-json\/wp\/v2\/product_cat?post=148154"},{"taxonomy":"product_tag","embeddable":true,"href":"https:\/\/pizbube.ch\/en\/wp-json\/wp\/v2\/product_tag?post=148154"}],"curies":[{"name":"wp","href":"https:\/\/api.w.org\/{rel}","templated":true}]}}