{"id":148155,"date":"2021-01-15T10:56:44","date_gmt":"2021-01-15T10:56:44","guid":{"rendered":"https:\/\/codengine3.ch\/?product=import-placeholder-for-206979"},"modified":"2021-01-15T14:53:56","modified_gmt":"2021-01-15T14:53:56","slug":"klettertouren-im-sarcatal","status":"publish","type":"product","link":"https:\/\/pizbube.ch\/en\/shop\/klettertouren-im-sarcatal\/","title":{"rendered":"KLETTERTOUREN IM SARCATAL"},"content":{"rendered":"<p>Das rhythmische Erleben im Klettern<br \/>\n60 Kletterrouten im Sarcatal n\u00f6rdlich des Gardasees zwischen dem 5. und 7.<br \/>\nSchwierigkeitsgrad.  <\/p>\n<p>Heinz Grill kam Mitte des Jahres 2000 in das Sarcatal.<br \/>\nMit seiner umfangreichen Erfahrung im Wiederholen und Er\u00f6ffnen anspruchsvoller<br \/>\nRouten in seinen Heimatbergen, dem Karwendel und Kaisergebirge, brachte er<br \/>\neine Welle von Neuerungen in ein Tal, das bereits von Ideen und Routen<br \/>\nausgef\u00fcllt und beinahe ersch\u00f6pft war. Mit der Er\u00f6ffnung dieser Routen wurden<br \/>\njene bislang von den Kletterern unbeachteten W\u00e4nde neu belebt. In<br \/>\nZusammenarbeit mit einigen Freunden markierte er Wege und Einstiege, befreite<br \/>\ndie Felsen von Vegetation und Erde und erkundete Linienf\u00fchrungen, die in<br \/>\nkurzer Zeit zu h\u00e4ufig wiederholten, wahren Perlen des Kletterns wurden.  <\/p>\n<p>In diesem F\u00fchrer sind die Routen nicht nur in allen Einzelheiten sorgf\u00e4ltig<br \/>\nillustriert, sondern es erh\u00e4lt jede Route ihre eigene pr\u00e4zise Identit\u00e4t. Sie<br \/>\nsind einerseits ein Ausdruck eines menschlichen Werkes und einer menschlichen<br \/>\nIdeenkraft, andererseits aber ber\u00fccksichtigen sie die Naturbedingungen und<br \/>\nihre nat\u00fcrlichen Strukturen. Es trafen sich die menschlichen Ideenkr\u00e4fte mit<br \/>\nden Bedingungen der Natur.<br \/>\nJede Linie hat einen Namen, jeder Name besitzt eine genaue Bedeutung. Das<br \/>\nLicht, die Luft, der Rhythmus der Bewegungen sind die inspirierenden Elemente,<br \/>\ndie den Autor motivierten, die Routen mit feinf\u00fchligen Tatkraft zu kreieren.  <\/p>","protected":false},"excerpt":{"rendered":"<p>Das rhythmische Erleben im Klettern 60 Kletterrouten im Sarcatal n\u00f6rdlich des Gardasees zwischen dem 5. und 7. Schwierigkeitsgrad. Heinz Grill kam Mitte des Jahres 2000 in das Sarcatal. Mit seiner umfangreichen Erfahrung im Wiederholen und Er\u00f6ffnen anspruchsvoller Routen in seinen Heimatbergen, dem Karwendel und Kaisergebirge, brachte er eine Welle von Neuerungen in ein Tal, das [&#8230;]\n","protected":false},"featured_media":124122,"template":"","meta":[],"product_brand":[],"product_cat":[21539],"product_tag":[],"class_list":{"0":"post-148155","1":"product","2":"type-product","3":"status-publish","4":"has-post-thumbnail","6":"product_cat-fuehrerliteratur-sportklettern-bouldern","7":"pa_autor-grill","8":"pa_erscheinungsjahr-21550","9":"pa_region-italien","10":"pa_sprache-de","12":"first","13":"instock","14":"taxable","15":"shipping-taxable","16":"purchasable","17":"product-type-simple"},"_links":{"self":[{"href":"https:\/\/pizbube.ch\/en\/wp-json\/wp\/v2\/product\/148155","targetHints":{"allow":["GET"]}}],"collection":[{"href":"https:\/\/pizbube.ch\/en\/wp-json\/wp\/v2\/product"}],"about":[{"href":"https:\/\/pizbube.ch\/en\/wp-json\/wp\/v2\/types\/product"}],"wp:featuredmedia":[{"embeddable":true,"href":"https:\/\/pizbube.ch\/en\/wp-json\/wp\/v2\/media\/124122"}],"wp:attachment":[{"href":"https:\/\/pizbube.ch\/en\/wp-json\/wp\/v2\/media?parent=148155"}],"wp:term":[{"taxonomy":"product_brand","embeddable":true,"href":"https:\/\/pizbube.ch\/en\/wp-json\/wp\/v2\/product_brand?post=148155"},{"taxonomy":"product_cat","embeddable":true,"href":"https:\/\/pizbube.ch\/en\/wp-json\/wp\/v2\/product_cat?post=148155"},{"taxonomy":"product_tag","embeddable":true,"href":"https:\/\/pizbube.ch\/en\/wp-json\/wp\/v2\/product_tag?post=148155"}],"curies":[{"name":"wp","href":"https:\/\/api.w.org\/{rel}","templated":true}]}}