{"id":148158,"date":"2021-01-15T10:56:44","date_gmt":"2021-01-15T10:56:44","guid":{"rendered":"https:\/\/codengine3.ch\/?product=import-placeholder-for-208000"},"modified":"2021-01-15T17:49:05","modified_gmt":"2021-01-15T17:49:05","slug":"arte-e-alpinismo-kunst-und-klettern-arrampicare-in-valle-del-sarca-dal-v-al-vii-grado-klettern-im-sarcatal-vom-v-bis-vii-grad","status":"publish","type":"product","link":"https:\/\/pizbube.ch\/en\/shop\/arte-e-alpinismo-kunst-und-klettern-arrampicare-in-valle-del-sarca-dal-v-al-vii-grado-klettern-im-sarcatal-vom-v-bis-vii-grad\/","title":{"rendered":"Arte e Alpinismo &#8211; Kunst und Klettern: Arrampicare in Valle del Sarca dal V al VII grado &#8211; Klettern im Sarcatal vom V bis VII Grad"},"content":{"rendered":"<p>Topof\u00fchrer f\u00fcr Mehrseill\u00e4ngenrouten im Sarcatal.<br \/>\nBeschrieben sind 21 Gebiete mit \u00fcber 90 Routen im Schwierigkeitsgrad 5 bis 7.  <\/p>\n<p>Le vie esposte in questa Guida alpinistica dal titolo emblematico: Arte e<br \/>\nAlpinismo, descritte con splendide immagini e un\u2019altrettanto bella<br \/>\nrappresentazione grafica, significano sicuramente una firma indelebile su<br \/>\nmolte pareti rilevanti della valle: la ricerca quasi maniacale dell\u2019estetica,<br \/>\ndella pulizia, della luce colpiscono tutti gli alpinisti che scelgono di<br \/>\ncimentarsi su queste bastionate rocciose.<\/p>\n<p>Ma c\u2019\u00e8 qualcosa di pi\u00f9\u2026 che va ben oltre: sembra quasi che Heinz e Florian,<br \/>\nnon vogliano scalare solo per loro stessi, per un mero appagamento di un<br \/>\ndesiderio interiore e fisico, ma c\u2019\u00e8 l\u2019alpinismo come passione e talento,<br \/>\ncoscienza di un qualcosa che c&#8217;invade, la ricerca di certi valori, la voglia<br \/>\ndi crescere, di trasmettere qualcosa agli altri (Trasmettere passione),<br \/>\ninsomma di regalare felicit\u00e0 (non si pu\u00f2 essere felici senza la felicit\u00e0 degli<br \/>\naltri a cominciare da chi ci sta vicino).  <\/p>","protected":false},"excerpt":{"rendered":"<p>Topof\u00fchrer f\u00fcr Mehrseill\u00e4ngenrouten im Sarcatal. Beschrieben sind 21 Gebiete mit \u00fcber 90 Routen im Schwierigkeitsgrad 5 bis 7. Le vie esposte in questa Guida alpinistica dal titolo emblematico: Arte e Alpinismo, descritte con splendide immagini e un\u2019altrettanto bella rappresentazione grafica, significano sicuramente una firma indelebile su molte pareti rilevanti della valle: la ricerca quasi maniacale [&#8230;]\n","protected":false},"featured_media":39078,"template":"","meta":[],"product_brand":[],"product_cat":[21539],"product_tag":[],"class_list":{"0":"post-148158","1":"product","2":"type-product","3":"status-publish","4":"has-post-thumbnail","6":"product_cat-fuehrerliteratur-sportklettern-bouldern","7":"pa_autor-kluckner-grill","8":"pa_erscheinungsjahr-21586","9":"pa_region-italien","10":"pa_sprache-de-it","12":"first","13":"instock","14":"taxable","15":"shipping-taxable","16":"purchasable","17":"product-type-simple"},"_links":{"self":[{"href":"https:\/\/pizbube.ch\/en\/wp-json\/wp\/v2\/product\/148158","targetHints":{"allow":["GET"]}}],"collection":[{"href":"https:\/\/pizbube.ch\/en\/wp-json\/wp\/v2\/product"}],"about":[{"href":"https:\/\/pizbube.ch\/en\/wp-json\/wp\/v2\/types\/product"}],"wp:featuredmedia":[{"embeddable":true,"href":"https:\/\/pizbube.ch\/en\/wp-json\/wp\/v2\/media\/39078"}],"wp:attachment":[{"href":"https:\/\/pizbube.ch\/en\/wp-json\/wp\/v2\/media?parent=148158"}],"wp:term":[{"taxonomy":"product_brand","embeddable":true,"href":"https:\/\/pizbube.ch\/en\/wp-json\/wp\/v2\/product_brand?post=148158"},{"taxonomy":"product_cat","embeddable":true,"href":"https:\/\/pizbube.ch\/en\/wp-json\/wp\/v2\/product_cat?post=148158"},{"taxonomy":"product_tag","embeddable":true,"href":"https:\/\/pizbube.ch\/en\/wp-json\/wp\/v2\/product_tag?post=148158"}],"curies":[{"name":"wp","href":"https:\/\/api.w.org\/{rel}","templated":true}]}}