{"id":148159,"date":"2021-01-15T10:56:44","date_gmt":"2021-01-15T10:56:44","guid":{"rendered":"https:\/\/codengine3.ch\/?product=import-placeholder-for-200356"},"modified":"2025-09-24T15:58:03","modified_gmt":"2025-09-24T13:58:03","slug":"siurana","status":"publish","type":"product","link":"https:\/\/pizbube.ch\/en\/shop\/siurana\/","title":{"rendered":"Siurana"},"content":{"rendered":"<p>A new edition 2023 of this hugely popular comprehensive guidebook to this well-<br \/>\nknown area in the Costa Daurada in northeast Spain &#8211;<br \/>\nthe guide is illustrated in colour throughout with easy-to-follow maps, hand<br \/>\ndrawn colour crag topos and loads of fantastic action shots.<\/p>\n<p>The guide also contains information on neighbouring areas and information on<br \/>\nstaying in the area (Spanish and English text).<\/p>\n<p>Nueva edici\u00f3n actualizada 2023.<\/p>\n<p>Hace unos treinta y tres a\u00f1os, coincidiendo con el &#171;boom&#187; de la escalada deportiva en Catalu\u00f1a, aparecieron en este rinc\u00f3n de la Sierra de Prades las primeras v\u00edas deportivas en Siurana. Su origen no fue consecuencia de &#171;la evoluci\u00f3n&#187; de una zona de escalada tradicional sino que, desde su inicio, fue un lugar &#171;freaky&#187; por definici\u00f3n. Aqu\u00ed se gestaron conceptos sin los cuales actualmente no entendemos un lugar moderno de escalada deportiva: se equip\u00f3 con anclajes de \u00faltima generaci\u00f3n en detrimento del buril, se releg\u00f3 la cl\u00e1sica &#171;reuni\u00f3n&#187; por el &#171;tope rope&#187;, y se introdujo el concepto de &#171;sector&#187; para facilitar la localizaci\u00f3n de las v\u00edas.<\/p>\n<p>Estas fueron algunas de las herramientas que un grupo de fan\u00e1ticos de la \u00e9poca usaron para inaugurar lo que hoy en d\u00eda es uno de los mejores lugares de escalada del mundo: 2014 v\u00edas son el resultado, principalmente de deportiva.<\/p>\n<p>350 PagesPage Size: 150 x 210 mm<br \/>\nBinding: Paperback (flapped)<br \/>\nIllustrations: Full Colour Photo-Topos + Maps<\/p>","protected":false},"excerpt":{"rendered":"<p><strong>Neuauflage geplant, Termin unbestimmt&#8230;<\/strong><\/p>","protected":false},"featured_media":168416,"template":"","meta":[],"product_brand":[],"product_cat":[21539],"product_tag":[],"class_list":{"0":"post-148159","1":"product","2":"type-product","3":"status-publish","4":"has-post-thumbnail","6":"product_cat-fuehrerliteratur-sportklettern-bouldern","7":"pa_autor-campillo-brasco","8":"pa_erscheinungsjahr-27129","9":"pa_region-spanien","10":"pa_sprache-es-en","12":"first","13":"outofstock","14":"taxable","15":"shipping-taxable","16":"purchasable","17":"product-type-simple"},"_links":{"self":[{"href":"https:\/\/pizbube.ch\/en\/wp-json\/wp\/v2\/product\/148159","targetHints":{"allow":["GET"]}}],"collection":[{"href":"https:\/\/pizbube.ch\/en\/wp-json\/wp\/v2\/product"}],"about":[{"href":"https:\/\/pizbube.ch\/en\/wp-json\/wp\/v2\/types\/product"}],"wp:featuredmedia":[{"embeddable":true,"href":"https:\/\/pizbube.ch\/en\/wp-json\/wp\/v2\/media\/168416"}],"wp:attachment":[{"href":"https:\/\/pizbube.ch\/en\/wp-json\/wp\/v2\/media?parent=148159"}],"wp:term":[{"taxonomy":"product_brand","embeddable":true,"href":"https:\/\/pizbube.ch\/en\/wp-json\/wp\/v2\/product_brand?post=148159"},{"taxonomy":"product_cat","embeddable":true,"href":"https:\/\/pizbube.ch\/en\/wp-json\/wp\/v2\/product_cat?post=148159"},{"taxonomy":"product_tag","embeddable":true,"href":"https:\/\/pizbube.ch\/en\/wp-json\/wp\/v2\/product_tag?post=148159"}],"curies":[{"name":"wp","href":"https:\/\/api.w.org\/{rel}","templated":true}]}}