{"id":148160,"date":"2021-01-15T10:56:44","date_gmt":"2021-01-15T10:56:44","guid":{"rendered":"https:\/\/codengine3.ch\/?product=import-placeholder-for-205408"},"modified":"2021-01-15T14:41:01","modified_gmt":"2021-01-15T14:41:01","slug":"montsant-vertiente-sur","status":"publish","type":"product","link":"https:\/\/pizbube.ch\/en\/shop\/montsant-vertiente-sur\/","title":{"rendered":"Montsant Vertiente sur"},"content":{"rendered":"<p>Phototopoguidebook of Montsant, west of Barcelona next to Siurana.<br \/>\nEnfin un vrai topo pour la somptueuses falaises de Montsant!  <\/p>\n<p>Gu\u00eda de escalada de la vertiente sur de Montsant. Contiene informaci\u00f3n sobre<br \/>\nhistoria de la escalada en la zona, primeros escaladores y otros datos como<br \/>\nfauna y flora y su conservaci\u00f3n. Con datos pr\u00e1cticos sobre accesos, tipo de<br \/>\nroca y de escalada, socorro, agua, compras, donde dormir, \u00e9poca aconsejable,<br \/>\n\u00e1mbito, material, equipamiento, dificultades, horarios, etc.  <\/p>\n<p>Las escuelas incluidas en este volumen son: Cabac\u00e9s, Escaladei (Enderrocada,<br \/>\nEl Trinquet&#8230;), La Morera (Barrots, Ferrata&#8230;), Cornudella (Totxos de Sant<br \/>\nJoan&#8230;), y Albarca (El Camell, Roca de les Hores&#8230;). Incluye una funda de<br \/>\npl\u00e1stico especialmente dise\u00f1ada para que la gu\u00eda se conserve intacta en<br \/>\ncondiciones extremas.  <\/p>\n<p>The first ever comprehensive guidebook to the magnificent rock walls towering<br \/>\nabove the plains of the Costa Daurada in southern Catalunya. A combination of<br \/>\nfantastic, never-ending, pitches, superb pocketed conglomerate, and wildly<br \/>\nbeautiful scenery, has made Montsant one of the premier rock destinations in<br \/>\nEurope over recent years &#8211; Spanish, French and English text throughout.  <\/p>","protected":false},"excerpt":{"rendered":"<p>Phototopoguidebook of Montsant, west of Barcelona next to Siurana. Enfin un vrai topo pour la somptueuses falaises de Montsant! Gu\u00eda de escalada de la vertiente sur de Montsant. Contiene informaci\u00f3n sobre historia de la escalada en la zona, primeros escaladores y otros datos como fauna y flora y su conservaci\u00f3n. Con datos pr\u00e1cticos sobre accesos, [&#8230;]\n","protected":false},"featured_media":34104,"template":"","meta":[],"product_brand":[],"product_cat":[21539],"product_tag":[],"class_list":{"0":"post-148160","1":"product","2":"type-product","3":"status-publish","4":"has-post-thumbnail","6":"product_cat-fuehrerliteratur-sportklettern-bouldern","7":"pa_autor-buxo-alfonso","8":"pa_erscheinungsjahr-21693","9":"pa_region-spanien","10":"pa_sprache-es-en-fr-2","12":"first","13":"instock","14":"taxable","15":"shipping-taxable","16":"purchasable","17":"product-type-simple"},"_links":{"self":[{"href":"https:\/\/pizbube.ch\/en\/wp-json\/wp\/v2\/product\/148160","targetHints":{"allow":["GET"]}}],"collection":[{"href":"https:\/\/pizbube.ch\/en\/wp-json\/wp\/v2\/product"}],"about":[{"href":"https:\/\/pizbube.ch\/en\/wp-json\/wp\/v2\/types\/product"}],"wp:featuredmedia":[{"embeddable":true,"href":"https:\/\/pizbube.ch\/en\/wp-json\/wp\/v2\/media\/34104"}],"wp:attachment":[{"href":"https:\/\/pizbube.ch\/en\/wp-json\/wp\/v2\/media?parent=148160"}],"wp:term":[{"taxonomy":"product_brand","embeddable":true,"href":"https:\/\/pizbube.ch\/en\/wp-json\/wp\/v2\/product_brand?post=148160"},{"taxonomy":"product_cat","embeddable":true,"href":"https:\/\/pizbube.ch\/en\/wp-json\/wp\/v2\/product_cat?post=148160"},{"taxonomy":"product_tag","embeddable":true,"href":"https:\/\/pizbube.ch\/en\/wp-json\/wp\/v2\/product_tag?post=148160"}],"curies":[{"name":"wp","href":"https:\/\/api.w.org\/{rel}","templated":true}]}}