{"id":148162,"date":"2021-01-15T10:56:44","date_gmt":"2021-01-15T10:56:44","guid":{"rendered":"https:\/\/codengine3.ch\/?product=import-placeholder-for-200357"},"modified":"2024-07-19T13:47:23","modified_gmt":"2024-07-19T11:47:23","slug":"besser-tiger-als-schaf-alex-macintyre-und-die-geburt-des-alpinstils-im-himalaya","status":"publish","type":"product","link":"https:\/\/pizbube.ch\/en\/shop\/besser-tiger-als-schaf-alex-macintyre-und-die-geburt-des-alpinstils-im-himalaya\/","title":{"rendered":"Besser Tiger als Schaf &#8211; Alex MacIntyre und die Geburt des Alpinstils im Himalaya"},"content":{"rendered":"<p>&#171;Rockin&#8216; the Himalayas&#187;: der schottische Berg-Punks Alex MacIntyre und seine<br \/>\nZeit<\/p>\n<p>Im Herbst 1982 l\u00f6ste sich hoch oben in der riesenhaften S\u00fcdwand der Annapurna ein einzelner, faustgro\u00dfer Stein und traf den 28 Jahre jungen Schotten Alex MacIntyre. Die Bergsteigerwelt wurde um eines ihrer gr\u00f6\u00dften Talente beraubt.<\/p>\n<p>MacIntyre war ein &#171;Enfant terrible&#187; der Kletterszene und zugleich ihr Vision\u00e4r: eine Art Punk, der &#8211; nonkonformistisch, selbstbewusst und frech &#8211; sich nicht um althergebrachte Regeln scherte und mit seinen Erstbegehungen in den Alpen, den Anden sowie an den Himalaya-Giganten bis dahin Unvorstellbares in die Tat umsetzte. Sein Tun war stilbildend und legend\u00e4r. Sein tragischer Tod in jungen Jahren trug sicher zum Mythos McIntyre bei.<\/p>\n<p>Besser Tiger als Schaf ist die vom Alpinhistoriker und Himalaya-Spezialisten Jochen Hemmleb \u00fcbersetzte deutsche Lizenzausgabe des mehrfach ausgezeichneten englischen Titels One Day as a Tiger. Alex McIntyre and the Birth of Light and Fast Alpinism, in dem John Porter seinen Seilpartner und Freund MacIntyre in seiner Zeit lebendig werden l\u00e4sst: ein aus der Masse herausragendes, authentisches Bergbuch, das mit allen emotionalen Facetten &#8211; von urkomischen, mit typisch britischem Humor erz\u00e4hlten Szenen bis hin zu Ereignissen von ersch\u00fctternder Tragik &#8211; packt und ber\u00fchrt.<\/p>\n<p>15 x 22,5 cm, gebunden mit Schutzumschlag<br \/>\n384 Seiten, 67 farb. und 10 sw. Abb.<\/p>","protected":false},"excerpt":{"rendered":"<ul>\n<li><strong><a href=\"https:\/\/pizbube.ch\/wp-content\/uploads\/attachments\/a_002\/17FDFE8CEB1318DE6469228E62DE40DC.pdf\" target=\"_blank\" rel=\"noopener\">PDF: leseprobe_besser_tiger_als_schaf<\/a><\/strong><\/li>\n<\/ul>","protected":false},"featured_media":174006,"template":"","meta":[],"product_brand":[],"product_cat":[21542],"product_tag":[],"class_list":{"0":"post-148162","1":"product","2":"type-product","3":"status-publish","4":"has-post-thumbnail","6":"product_cat-sachbuecher-dokumentationen","7":"pa_autor-porter-hemmleb","8":"pa_erscheinungsjahr-21571","9":"pa_region-oesterreich","10":"pa_sprache-de","12":"first","13":"instock","14":"taxable","15":"shipping-taxable","16":"purchasable","17":"product-type-simple"},"_links":{"self":[{"href":"https:\/\/pizbube.ch\/en\/wp-json\/wp\/v2\/product\/148162","targetHints":{"allow":["GET"]}}],"collection":[{"href":"https:\/\/pizbube.ch\/en\/wp-json\/wp\/v2\/product"}],"about":[{"href":"https:\/\/pizbube.ch\/en\/wp-json\/wp\/v2\/types\/product"}],"wp:featuredmedia":[{"embeddable":true,"href":"https:\/\/pizbube.ch\/en\/wp-json\/wp\/v2\/media\/174006"}],"wp:attachment":[{"href":"https:\/\/pizbube.ch\/en\/wp-json\/wp\/v2\/media?parent=148162"}],"wp:term":[{"taxonomy":"product_brand","embeddable":true,"href":"https:\/\/pizbube.ch\/en\/wp-json\/wp\/v2\/product_brand?post=148162"},{"taxonomy":"product_cat","embeddable":true,"href":"https:\/\/pizbube.ch\/en\/wp-json\/wp\/v2\/product_cat?post=148162"},{"taxonomy":"product_tag","embeddable":true,"href":"https:\/\/pizbube.ch\/en\/wp-json\/wp\/v2\/product_tag?post=148162"}],"curies":[{"name":"wp","href":"https:\/\/api.w.org\/{rel}","templated":true}]}}