{"id":148166,"date":"2021-01-15T10:56:44","date_gmt":"2021-01-15T10:56:44","guid":{"rendered":"https:\/\/codengine3.ch\/?product=import-placeholder-for-207974"},"modified":"2021-01-15T17:48:47","modified_gmt":"2021-01-15T17:48:47","slug":"un-jour-comme-un-tigre","status":"publish","type":"product","link":"https:\/\/pizbube.ch\/en\/shop\/un-jour-comme-un-tigre\/","title":{"rendered":"Un jour comme un tigre"},"content":{"rendered":"<p>Alex MacIntyre et la naissance de l\u2019himalayisme l\u00e9ger et rapide<\/p>\n<p>Une biographie \u00e9mouvante et \u00e9clairante. Un portrait inoubliable d\u2019un homme<br \/>\n\u00e9blouissant, complexe, visionnaire et exub\u00e9rant : le portrait d\u2019une l\u00e9gende.<\/p>\n<p>John Porter retrace la courte vie de son ami cher et compagnon de cord\u00e9e,<br \/>\nl\u2019alpiniste Alex MacIntyre, dont la vie fut brutalement interrompue en 1982,<br \/>\nalors qu\u2019il tentait d\u2019ouvrir une nouvelle voie dans la face sud de<br \/>\nl\u2019Annapurna. Des montagnes brumeuses de l\u2019\u00c9cosse aux sommets majestueux de<br \/>\nl\u2019Himalaya, en passant par les grandes voies des Alpes, l\u2019auteur dresse le<br \/>\nportrait d\u2019un homme passionn\u00e9, complexe et visionnaire, qui, \u00e0 seulement 28<br \/>\nans \u00e9tait d\u00e9j\u00e0 une figure de l\u2019alpinisme britannique.<\/p>\n<p>Plus qu\u2019une autobiographie, cette histoire qui se d\u00e9roule sur fond de guerre<br \/>\nfroide est une v\u00e9ritable chronique du monde de l\u2019alpinisme dans les ann\u00e9es<br \/>\n1970 et 1980, de ses h\u00e9ros, de son \u00e9tat d\u2019esprit et des changements qui s\u2019y<br \/>\nproduisaient, comme la mont\u00e9e en puissance du style alpin l\u00e9ger dont Alex<br \/>\n\u00e9tait l\u2019un des pr\u00e9curseurs.<\/p>","protected":false},"excerpt":{"rendered":"<ul>\n<li><a href=\"https:\/\/youtu.be\/nTVUkLGr0Jk\" target=\"_blank\" rel=\"noopener\">Video: Un jour comme un tigre Alex MacIntyre et la naissance de l&#8217;himalayisme l\u00e9ger et rapide: Quelques mots de Ren\u00e9 Ghilini sur Alex McIntyre<\/a><\/li>\n<\/ul>","protected":false},"featured_media":39021,"template":"","meta":[],"product_brand":[],"product_cat":[21542],"product_tag":[],"class_list":{"0":"post-148166","1":"product","2":"type-product","3":"status-publish","4":"has-post-thumbnail","6":"product_cat-sachbuecher-dokumentationen","7":"pa_erscheinungsjahr-21597","8":"pa_region-frankreich","10":"first","11":"instock","12":"taxable","13":"shipping-taxable","14":"purchasable","15":"product-type-simple"},"_links":{"self":[{"href":"https:\/\/pizbube.ch\/en\/wp-json\/wp\/v2\/product\/148166","targetHints":{"allow":["GET"]}}],"collection":[{"href":"https:\/\/pizbube.ch\/en\/wp-json\/wp\/v2\/product"}],"about":[{"href":"https:\/\/pizbube.ch\/en\/wp-json\/wp\/v2\/types\/product"}],"wp:featuredmedia":[{"embeddable":true,"href":"https:\/\/pizbube.ch\/en\/wp-json\/wp\/v2\/media\/39021"}],"wp:attachment":[{"href":"https:\/\/pizbube.ch\/en\/wp-json\/wp\/v2\/media?parent=148166"}],"wp:term":[{"taxonomy":"product_brand","embeddable":true,"href":"https:\/\/pizbube.ch\/en\/wp-json\/wp\/v2\/product_brand?post=148166"},{"taxonomy":"product_cat","embeddable":true,"href":"https:\/\/pizbube.ch\/en\/wp-json\/wp\/v2\/product_cat?post=148166"},{"taxonomy":"product_tag","embeddable":true,"href":"https:\/\/pizbube.ch\/en\/wp-json\/wp\/v2\/product_tag?post=148166"}],"curies":[{"name":"wp","href":"https:\/\/api.w.org\/{rel}","templated":true}]}}