{"id":148168,"date":"2021-01-15T10:56:44","date_gmt":"2021-01-15T10:56:44","guid":{"rendered":"https:\/\/codengine3.ch\/?product=import-placeholder-for-204211"},"modified":"2021-01-15T14:30:57","modified_gmt":"2021-01-15T14:30:57","slug":"mission-alpinisme","status":"publish","type":"product","link":"https:\/\/pizbube.ch\/en\/shop\/mission-alpinisme\/","title":{"rendered":"Mission Alpinisme"},"content":{"rendered":"<p>30 ans de l`histoire du GMHM<br \/>\nIl a fait la directe am\u00e9ricaine en solo int\u00e9gral, L`Everest sans oxyg\u00e8ne, les<br \/>\ndeux P\u00f4les en autonomie, ouvert des voies tr\u00e8s dures partout dans le monde. Il<br \/>\nfut l`un des premiers \u00e0 exp\u00e9rimenter le base-jump, ce truc \u00e0 la James Bond qui<br \/>\nconsiste \u00e0 se jeter d`une paroi en chute libre et \u00e0 ouvrir un parachute.<br \/>\nVous ne le connaissez peut-\u00eatre pas, mais vous les connaissez tous : Jean-<br \/>\nClaude Marmier, Christophe Profit, Jean-Christophe Lafaille&#8230; Ils ont form\u00e9<br \/>\nle Groupe Militaire de Haute Montagne qui, depuis trente ans , se tient \u00e0<br \/>\nl`avant garde de l`alpinisme.<br \/>\n250 pages, plus de 250 photos couleur<\/p>","protected":false},"excerpt":{"rendered":"<p>30 ans de l`histoire du GMHM Il a fait la directe am\u00e9ricaine en solo int\u00e9gral, L`Everest sans oxyg\u00e8ne, les deux P\u00f4les en autonomie, ouvert des voies tr\u00e8s dures partout dans le monde. Il fut l`un des premiers \u00e0 exp\u00e9rimenter le base-jump, ce truc \u00e0 la James Bond qui consiste \u00e0 se jeter d`une paroi en [&#8230;]\n","protected":false},"featured_media":32001,"template":"","meta":[],"product_brand":[],"product_cat":[21542],"product_tag":[],"class_list":{"0":"post-148168","1":"product","2":"type-product","3":"status-publish","4":"has-post-thumbnail","6":"product_cat-sachbuecher-dokumentationen","7":"pa_autor-chandellier","8":"pa_erscheinungsjahr-21763","9":"pa_region-frankreich","10":"pa_sprache-fr","12":"first","13":"instock","14":"taxable","15":"shipping-taxable","16":"purchasable","17":"product-type-simple"},"_links":{"self":[{"href":"https:\/\/pizbube.ch\/en\/wp-json\/wp\/v2\/product\/148168","targetHints":{"allow":["GET"]}}],"collection":[{"href":"https:\/\/pizbube.ch\/en\/wp-json\/wp\/v2\/product"}],"about":[{"href":"https:\/\/pizbube.ch\/en\/wp-json\/wp\/v2\/types\/product"}],"wp:featuredmedia":[{"embeddable":true,"href":"https:\/\/pizbube.ch\/en\/wp-json\/wp\/v2\/media\/32001"}],"wp:attachment":[{"href":"https:\/\/pizbube.ch\/en\/wp-json\/wp\/v2\/media?parent=148168"}],"wp:term":[{"taxonomy":"product_brand","embeddable":true,"href":"https:\/\/pizbube.ch\/en\/wp-json\/wp\/v2\/product_brand?post=148168"},{"taxonomy":"product_cat","embeddable":true,"href":"https:\/\/pizbube.ch\/en\/wp-json\/wp\/v2\/product_cat?post=148168"},{"taxonomy":"product_tag","embeddable":true,"href":"https:\/\/pizbube.ch\/en\/wp-json\/wp\/v2\/product_tag?post=148168"}],"curies":[{"name":"wp","href":"https:\/\/api.w.org\/{rel}","templated":true}]}}