{"id":148170,"date":"2021-01-15T10:56:44","date_gmt":"2021-01-15T10:56:44","guid":{"rendered":"https:\/\/codengine3.ch\/?product=import-placeholder-for-207477"},"modified":"2021-01-15T16:03:44","modified_gmt":"2021-01-15T16:03:44","slug":"berg-2015-alpenvereinsjahrbuch","status":"publish","type":"product","link":"https:\/\/pizbube.ch\/en\/shop\/berg-2015-alpenvereinsjahrbuch\/","title":{"rendered":"BERG 2015 &#8211; Alpenvereinsjahrbuch"},"content":{"rendered":"<p>Alpenvereinsjahrbuch BERG 2015<\/p>\n<p>Ein Evergreen, der Standards setzt: Das Alpenvereinsjahrbuch BERG 2015<br \/>\n\u00fcberzeugt erneut mit inhaltlicher und optischer Qualit\u00e4t und einzigartiger<br \/>\nThemenvielfalt<\/p>\n<p>Der BergWelten-Schwerpunkt gilt diesmal der gro\u00dfartigen Bergwelt der<br \/>\nZillertaler Alpen. Die Gebietskennerin Gudrun Steger f\u00fchrt auf<br \/>\naussichtsreichen H\u00f6henwegen zu geschichtstr\u00e4chtigen H\u00fctten und hochalpinen<br \/>\nGipfeln und dabei tief hinein in ein faszinierendes St\u00fcck Alpingeschichte. Die<br \/>\nRubrik BergFokus widmet sich dem spannenden Thema Auslandsbergfahrten \u2013<br \/>\nExpeditionen \u2013 Fernreisen.<\/p>\n<p>Dieses Thema spinnt sich wie ein roter Faden weiter durch die Rubrik<br \/>\nBergSteigen. Dort wird von Lust und Frust des Expeditionsbergsteigens in<br \/>\nAlaska berichtet, \u00fcber den Great Himalaya Trail in Nepal und \u00fcber die besten<br \/>\nBergsteiger aus den Anden. Neue Wege in der BergKultur beschreitet der<br \/>\nKulturgeograf Werner B\u00e4tzing mit der Nieder\u00f6sterreichischen Landesausstellung<br \/>\n2015.<\/p>\n<p>In der Rubrik BergMenschen erleben Sie das pralle Leben in Gr\u00fcn: sieben<br \/>\nBauernh\u00f6fe am Ende des kleinen Tiroler Navistals und begegnen bemerkenswerten<br \/>\nPers\u00f6nlichkeiten. BergWissen bringt die Fakten zu aktuellen Sachthemen auf den<br \/>\nTisch: Wie ist es um die Gletschersituation im Himalaya und Karakorum<br \/>\nbestellt? Was macht die neue makroregionale Strategie mit unseren Alpen? Wie<br \/>\nwirken sich Bewegung und Sport neurologisch aus? Und ganz praktisch: Wie ist<br \/>\nes um die perfekte Tourenplanung im digitalen Zeitalter bestellt?  <\/p>\n<p>Herausgeber: Deutscher Alpenverein (DAV), \u00d6sterreichischer Alpenverein (OeAV),<br \/>\nAlpenverein S\u00fcdtirol (AVS)<\/p>","protected":false},"excerpt":{"rendered":"<p>Alpenvereinsjahrbuch BERG 2015 Ein Evergreen, der Standards setzt: Das Alpenvereinsjahrbuch BERG 2015 \u00fcberzeugt erneut mit inhaltlicher und optischer Qualit\u00e4t und einzigartiger Themenvielfalt Der BergWelten-Schwerpunkt gilt diesmal der gro\u00dfartigen Bergwelt der Zillertaler Alpen. Die Gebietskennerin Gudrun Steger f\u00fchrt auf aussichtsreichen H\u00f6henwegen zu geschichtstr\u00e4chtigen H\u00fctten und hochalpinen Gipfeln und dabei tief hinein in ein faszinierendes St\u00fcck Alpingeschichte. [&#8230;]\n","protected":false},"featured_media":37583,"template":"","meta":[],"product_brand":[],"product_cat":[21542],"product_tag":[],"class_list":{"0":"post-148170","1":"product","2":"type-product","3":"status-publish","4":"has-post-thumbnail","6":"product_cat-sachbuecher-dokumentationen","7":"pa_autor-kohler","8":"pa_erscheinungsjahr-21550","9":"pa_region-oesterreich","10":"pa_sprache-de","12":"first","13":"instock","14":"taxable","15":"shipping-taxable","16":"purchasable","17":"product-type-simple"},"_links":{"self":[{"href":"https:\/\/pizbube.ch\/en\/wp-json\/wp\/v2\/product\/148170","targetHints":{"allow":["GET"]}}],"collection":[{"href":"https:\/\/pizbube.ch\/en\/wp-json\/wp\/v2\/product"}],"about":[{"href":"https:\/\/pizbube.ch\/en\/wp-json\/wp\/v2\/types\/product"}],"wp:featuredmedia":[{"embeddable":true,"href":"https:\/\/pizbube.ch\/en\/wp-json\/wp\/v2\/media\/37583"}],"wp:attachment":[{"href":"https:\/\/pizbube.ch\/en\/wp-json\/wp\/v2\/media?parent=148170"}],"wp:term":[{"taxonomy":"product_brand","embeddable":true,"href":"https:\/\/pizbube.ch\/en\/wp-json\/wp\/v2\/product_brand?post=148170"},{"taxonomy":"product_cat","embeddable":true,"href":"https:\/\/pizbube.ch\/en\/wp-json\/wp\/v2\/product_cat?post=148170"},{"taxonomy":"product_tag","embeddable":true,"href":"https:\/\/pizbube.ch\/en\/wp-json\/wp\/v2\/product_tag?post=148170"}],"curies":[{"name":"wp","href":"https:\/\/api.w.org\/{rel}","templated":true}]}}