{"id":148172,"date":"2021-01-15T10:56:50","date_gmt":"2021-01-15T10:56:50","guid":{"rendered":"https:\/\/codengine3.ch\/?product=import-placeholder-for-200361"},"modified":"2023-11-02T10:07:21","modified_gmt":"2023-11-02T09:07:21","slug":"marmolada-parete-sud","status":"publish","type":"product","link":"https:\/\/pizbube.ch\/en\/shop\/marmolada-parete-sud\/","title":{"rendered":"Marmolada Parete Sud"},"content":{"rendered":"<p>Marmolada Parete Sud<\/p>\n<p>Sono circa 200 gli itinerari di salita oggi presenti sulla parete Sud della<br \/>\nMarmolada e la maggior parte sono dei veri capolavori, opere d\u2019arte che<br \/>\nsimboleggiano l\u2019evoluzione in alpinismo, massima espressione di difficolt\u00e0,<br \/>\nimpegno, bellezza.<\/p>\n<p>Un immenso lavoro di ricerca, di aggiornamento, per catalogare con precisione<br \/>\ni dettagli di oltre 5000 tiri di corda, con lo scopo di indicare, di<br \/>\naccompagnare, di spiegare anche con qualche parola in pi\u00f9 del necessario,<br \/>\nperch\u00e9 la roccia non \u00e8 solo roccia, la parete non \u00e8 solo parete.<\/p>","protected":false},"excerpt":{"rendered":"<p>Marmolada Parete Sud Sono circa 200 gli itinerari di salita oggi presenti sulla parete Sud della Marmolada e la maggior parte sono dei veri capolavori, opere d\u2019arte che simboleggiano l\u2019evoluzione in alpinismo, massima espressione di difficolt\u00e0, impegno, bellezza. Un immenso lavoro di ricerca, di aggiornamento, per catalogare con precisione i dettagli di oltre 5000 tiri [&#8230;]\n","protected":false},"featured_media":26681,"template":"","meta":[],"product_brand":[],"product_cat":[21539],"product_tag":[],"class_list":{"0":"post-148172","1":"product","2":"type-product","3":"status-publish","4":"has-post-thumbnail","6":"product_cat-fuehrerliteratur-sportklettern-bouldern","7":"pa_autor-giordani","8":"pa_erscheinungsjahr-21574","9":"pa_region-italien","10":"pa_sprache-it","12":"first","13":"onbackorder","14":"taxable","15":"shipping-taxable","16":"purchasable","17":"product-type-simple"},"_links":{"self":[{"href":"https:\/\/pizbube.ch\/en\/wp-json\/wp\/v2\/product\/148172","targetHints":{"allow":["GET"]}}],"collection":[{"href":"https:\/\/pizbube.ch\/en\/wp-json\/wp\/v2\/product"}],"about":[{"href":"https:\/\/pizbube.ch\/en\/wp-json\/wp\/v2\/types\/product"}],"wp:featuredmedia":[{"embeddable":true,"href":"https:\/\/pizbube.ch\/en\/wp-json\/wp\/v2\/media\/26681"}],"wp:attachment":[{"href":"https:\/\/pizbube.ch\/en\/wp-json\/wp\/v2\/media?parent=148172"}],"wp:term":[{"taxonomy":"product_brand","embeddable":true,"href":"https:\/\/pizbube.ch\/en\/wp-json\/wp\/v2\/product_brand?post=148172"},{"taxonomy":"product_cat","embeddable":true,"href":"https:\/\/pizbube.ch\/en\/wp-json\/wp\/v2\/product_cat?post=148172"},{"taxonomy":"product_tag","embeddable":true,"href":"https:\/\/pizbube.ch\/en\/wp-json\/wp\/v2\/product_tag?post=148172"}],"curies":[{"name":"wp","href":"https:\/\/api.w.org\/{rel}","templated":true}]}}