{"id":148186,"date":"2021-01-15T10:56:51","date_gmt":"2021-01-15T10:56:51","guid":{"rendered":"https:\/\/codengine3.ch\/?product=import-placeholder-for-208578"},"modified":"2021-01-15T17:55:32","modified_gmt":"2021-01-15T17:55:32","slug":"tsum-glueck-ein-entlegenes-tal-im-himalaya","status":"publish","type":"product","link":"https:\/\/pizbube.ch\/en\/shop\/tsum-glueck-ein-entlegenes-tal-im-himalaya\/","title":{"rendered":"Tsum Gl\u00fcck &#8211; Ein entlegenes Tal im Himalaya"},"content":{"rendered":"<p>Alle wollen es: gl\u00fccklich sein! Das gro\u00dfe Gl\u00fcck und innere Zufriedenheit zu<br \/>\nfinden ist ein generations- und l\u00e4nder\u00fcbergreifendes Streben &#8211; egal ob Christ,<br \/>\nMoslem, Jude, Buddhist oder Atheist. Aber was ist Gl\u00fcck? Nur eine Frage der<br \/>\nWahrnehmung? Wie und wo kann man es finden? Gibt es Gl\u00fcck? Wer ist heute denn<br \/>\n\u00fcberhaupt noch gl\u00fccklich? Wieso gibt es so etwas wie den &#171;Welttag des<br \/>\nGl\u00fccks&#187; oder gar einen &#171;Gl\u00fccksatlas&#187;?<\/p>\n<p>Bei der Suche nach Antworten sind Titus Arnu und Enno Kapitza auf das Tsum Tal<br \/>\ngesto\u00dfen, das Tal des Gl\u00fccks. Ein heiliger buddhistischer Ort, an dem Gewalt<br \/>\njeglicher Art gegen\u00fcber Mensch und Tier verboten ist. Erst seit 2007 darf<br \/>\ndieses abgelegene Hochtal im Norden Nepals an der Grenze zu Tibet von<br \/>\nTouristen besucht werden. Der Fotograf Enno Kapitza hat sich zusammen mit<br \/>\nTitus Arnu auf die Reise gemacht. Eine Reise in eine andere Welt und Zeit, in<br \/>\nder die urspr\u00fcnglichste Lebensweise des tibetischen Buddhismus noch gelebt<br \/>\nwird.<\/p>\n<p>Das Leben ist einfach und entbehrungsreich, doch strahlen die Menschen eine<br \/>\ntiefe Zufriedenheit aus. Mit ausdrucksstarken Portr\u00e4tfotografien der<br \/>\nEinheimischen &#8211; den Gesichtern des Gl\u00fccks &#8211; und mit spektakul\u00e4ren<br \/>\nLandschaftsaufnahmen der wilden, unber\u00fchrten Natur erz\u00e4hlt dieser aufwendig<br \/>\ngestaltete Bildband von einem einzigartigen Tal und seiner Religion. Ein Blick<br \/>\naus unserer westlichen Sicht auf diese faszinierende andere Welt.  <\/p>","protected":false},"excerpt":{"rendered":"<ul>\n<li><a href=\"https:\/\/youtu.be\/grWFOtkqO_4\" target=\"_blank\" rel=\"noopener\">Video: Trailer Tsum-Gl\u00fcck<\/a><\/li>\n<\/ul>","protected":false},"featured_media":40602,"template":"","meta":[],"product_brand":[],"product_cat":[21542],"product_tag":[],"class_list":{"0":"post-148186","1":"product","2":"type-product","3":"status-publish","4":"has-post-thumbnail","6":"product_cat-sachbuecher-dokumentationen","7":"pa_autor-arnu","8":"pa_erscheinungsjahr-21546","9":"pa_region-asien","10":"pa_sprache-de","12":"first","13":"instock","14":"taxable","15":"shipping-taxable","16":"purchasable","17":"product-type-simple"},"_links":{"self":[{"href":"https:\/\/pizbube.ch\/en\/wp-json\/wp\/v2\/product\/148186","targetHints":{"allow":["GET"]}}],"collection":[{"href":"https:\/\/pizbube.ch\/en\/wp-json\/wp\/v2\/product"}],"about":[{"href":"https:\/\/pizbube.ch\/en\/wp-json\/wp\/v2\/types\/product"}],"wp:featuredmedia":[{"embeddable":true,"href":"https:\/\/pizbube.ch\/en\/wp-json\/wp\/v2\/media\/40602"}],"wp:attachment":[{"href":"https:\/\/pizbube.ch\/en\/wp-json\/wp\/v2\/media?parent=148186"}],"wp:term":[{"taxonomy":"product_brand","embeddable":true,"href":"https:\/\/pizbube.ch\/en\/wp-json\/wp\/v2\/product_brand?post=148186"},{"taxonomy":"product_cat","embeddable":true,"href":"https:\/\/pizbube.ch\/en\/wp-json\/wp\/v2\/product_cat?post=148186"},{"taxonomy":"product_tag","embeddable":true,"href":"https:\/\/pizbube.ch\/en\/wp-json\/wp\/v2\/product_tag?post=148186"}],"curies":[{"name":"wp","href":"https:\/\/api.w.org\/{rel}","templated":true}]}}