{"id":148187,"date":"2021-01-15T10:56:51","date_gmt":"2021-01-15T10:56:51","guid":{"rendered":"https:\/\/codengine3.ch\/?product=import-placeholder-for-207789"},"modified":"2024-08-24T09:05:16","modified_gmt":"2024-08-24T07:05:16","slug":"die-alpenfront-einst-und-jetzt","status":"publish","type":"product","link":"https:\/\/pizbube.ch\/en\/shop\/die-alpenfront-einst-und-jetzt\/","title":{"rendered":"Die Alpenfront einst und jetzt"},"content":{"rendered":"<p>Auf den Spuren des Gebirgskrieges 1915-1918<\/p>\n<p>Ein Schauplatz des Ersten Weltkrieges ist die Gebirgsfront zwischen \u00d6sterreich und Italien. Dieser Krieg, der unz\u00e4hlige Todesopfer forderte, hinterlie\u00df auch in den Bergen seine Spuren. F\u00fcr die Recherche zu diesem Buch kletterten der Autor Hans-Joachim L\u00f6wer und der Fotograf Udo Bernhart hinauf zu alten Kanonen, stapften durch Minentunnel und entdeckten Waffen und Leichenteile, die aus Gletschern aufgetaut sind. Histoirsches Fotomaterial und aktuelle Bilder stellen das Damals dem Heute gegen\u00fcber.<\/p>\n<p>Der Krieg, der vor 100 Jahren zwischen \u00d6sterreich und Italien tobte, hat in den Bergen bis heute seine Spuren hinterlassen. Autor Hans-Joachim L\u00f6wer und Fotograf Udo Bernhart kletterten zu einstigen Stellungen, die wie Adlerhorste wirken. Sie tasteten sich durch Tunnel tief im Fels, von denen aus der Feind durch Minen in die Luft gejagt worden war. Sie erlebten, wie aus schmelzenden Gletschern Waffen- und Leichenteile auftauchten. Bei ihren monatelangen Recherchen suchten die Autoren 24 Stellen der alten Front auf, die sich von Sexten \u00fcber die Marmolata und den Pasubio bis zum Ortler zog jede steht f\u00fcr einen dramatischen Aspekt dieses Krieges. L\u00f6wer und Bernhart erz\u00e4hlen, was damals geschah, und wie sie diesen Ort heute erlebten. So l\u00f6sen sie den Krieg in Einzelschicksale auf und holen sie f\u00fcr den Leser wie mit einem Zoom ganz nahe heran.<\/p>\n<p>271 Seiten;<br \/>\n<span class=\"value\">300 Abb<\/span>.<\/p>","protected":false},"excerpt":{"rendered":"<p>Auf den Spuren des Gebirgskrieges 1915-1918 Ein Schauplatz des Ersten Weltkrieges ist die Gebirgsfront zwischen \u00d6sterreich und Italien. Dieser Krieg, der unz\u00e4hlige Todesopfer forderte, hinterlie\u00df auch in den Bergen seine Spuren. F\u00fcr die Recherche zu diesem Buch kletterten der Autor Hans-Joachim L\u00f6wer und der Fotograf Udo Bernhart hinauf zu alten Kanonen, stapften durch Minentunnel und [&#8230;]\n","protected":false},"featured_media":174351,"template":"","meta":[],"product_brand":[],"product_cat":[21542],"product_tag":[],"class_list":{"0":"post-148187","1":"product","2":"type-product","3":"status-publish","4":"has-post-thumbnail","6":"product_cat-sachbuecher-dokumentationen","7":"pa_autor-loewer-bernhart","8":"pa_erscheinungsjahr-21568","9":"pa_region-italien","10":"pa_sprache-de","12":"first","13":"instock","14":"taxable","15":"shipping-taxable","16":"purchasable","17":"product-type-simple"},"_links":{"self":[{"href":"https:\/\/pizbube.ch\/en\/wp-json\/wp\/v2\/product\/148187","targetHints":{"allow":["GET"]}}],"collection":[{"href":"https:\/\/pizbube.ch\/en\/wp-json\/wp\/v2\/product"}],"about":[{"href":"https:\/\/pizbube.ch\/en\/wp-json\/wp\/v2\/types\/product"}],"wp:featuredmedia":[{"embeddable":true,"href":"https:\/\/pizbube.ch\/en\/wp-json\/wp\/v2\/media\/174351"}],"wp:attachment":[{"href":"https:\/\/pizbube.ch\/en\/wp-json\/wp\/v2\/media?parent=148187"}],"wp:term":[{"taxonomy":"product_brand","embeddable":true,"href":"https:\/\/pizbube.ch\/en\/wp-json\/wp\/v2\/product_brand?post=148187"},{"taxonomy":"product_cat","embeddable":true,"href":"https:\/\/pizbube.ch\/en\/wp-json\/wp\/v2\/product_cat?post=148187"},{"taxonomy":"product_tag","embeddable":true,"href":"https:\/\/pizbube.ch\/en\/wp-json\/wp\/v2\/product_tag?post=148187"}],"curies":[{"name":"wp","href":"https:\/\/api.w.org\/{rel}","templated":true}]}}