{"id":148189,"date":"2021-01-15T10:56:51","date_gmt":"2021-01-15T10:56:51","guid":{"rendered":"https:\/\/codengine3.ch\/?product=import-placeholder-for-204429"},"modified":"2023-11-02T10:10:06","modified_gmt":"2023-11-02T09:10:06","slug":"marmolada-suedwand","status":"publish","type":"product","link":"https:\/\/pizbube.ch\/en\/shop\/marmolada-suedwand\/","title":{"rendered":"Marmolada S\u00fcdwand"},"content":{"rendered":"<p>Marmolada S\u00fcdwand<\/p>\n<p>Heute verlaufen in der S\u00fcdwand der Marmolada ca. 200 Routen, die meisten davon<br \/>\nsind wahrhafte Meisterwerke, Kunstwerke, die die Entwicklung des Alpinismus<br \/>\nsymbolisieren und der maximale Ausdruck von Schwierigkeit, Anstrengung und<br \/>\nSch\u00f6nheit sind.<\/p>\n<p>Ein enormes Projekt, bei dem die mehr als 5000 Seill\u00e4ngen der S\u00fcdwand mit<br \/>\nallen Details und auf den neusten Stand gebracht und katalogisiert worden<br \/>\nsind. Mit dem Ziel, zu zeigen, zu begleiten und zu erkl\u00e4ren, und das auch mit<br \/>\nein paar W\u00f6rtern mehr als n\u00f6tig, denn Fels ist nicht nur Fels und Wand ist<br \/>\nnicht nur Wand.<\/p>\n<p>Maurizio Giordani: Alpinist seit 1979, seine Erfahrungen reichen von hohen<br \/>\nSchwierigkeitsgraden in Eis und Fels in den Dolomiten, den Alpen bis hin zum<br \/>\nHimalaya, mit tausenden Begehungen oft jenseits des sechsten Grades.<br \/>\nDie S\u00fcdwand der Marmolada ist \u201eseine\u201c Wand, in der er mehr als 50 neue Routen<br \/>\nerschlossen hat, die zu den sch\u00f6nsten und schwierigsten \u00fcberhaupt geh\u00f6ren.<\/p>","protected":false},"excerpt":{"rendered":"<p>Marmolada S\u00fcdwand Heute verlaufen in der S\u00fcdwand der Marmolada ca. 200 Routen, die meisten davon sind wahrhafte Meisterwerke, Kunstwerke, die die Entwicklung des Alpinismus symbolisieren und der maximale Ausdruck von Schwierigkeit, Anstrengung und Sch\u00f6nheit sind. Ein enormes Projekt, bei dem die mehr als 5000 Seill\u00e4ngen der S\u00fcdwand mit allen Details und auf den neusten Stand [&#8230;]\n","protected":false},"featured_media":170176,"template":"","meta":[],"product_brand":[],"product_cat":[21539],"product_tag":[27357],"class_list":{"0":"post-148189","1":"product","2":"type-product","3":"status-publish","4":"has-post-thumbnail","6":"product_cat-fuehrerliteratur-sportklettern-bouldern","7":"product_tag-marmolata","8":"pa_autor-giordani","9":"pa_erscheinungsjahr-21574","10":"pa_region-italien","11":"pa_sprache-de","13":"first","14":"instock","15":"taxable","16":"shipping-taxable","17":"purchasable","18":"product-type-simple"},"_links":{"self":[{"href":"https:\/\/pizbube.ch\/en\/wp-json\/wp\/v2\/product\/148189","targetHints":{"allow":["GET"]}}],"collection":[{"href":"https:\/\/pizbube.ch\/en\/wp-json\/wp\/v2\/product"}],"about":[{"href":"https:\/\/pizbube.ch\/en\/wp-json\/wp\/v2\/types\/product"}],"wp:featuredmedia":[{"embeddable":true,"href":"https:\/\/pizbube.ch\/en\/wp-json\/wp\/v2\/media\/170176"}],"wp:attachment":[{"href":"https:\/\/pizbube.ch\/en\/wp-json\/wp\/v2\/media?parent=148189"}],"wp:term":[{"taxonomy":"product_brand","embeddable":true,"href":"https:\/\/pizbube.ch\/en\/wp-json\/wp\/v2\/product_brand?post=148189"},{"taxonomy":"product_cat","embeddable":true,"href":"https:\/\/pizbube.ch\/en\/wp-json\/wp\/v2\/product_cat?post=148189"},{"taxonomy":"product_tag","embeddable":true,"href":"https:\/\/pizbube.ch\/en\/wp-json\/wp\/v2\/product_tag?post=148189"}],"curies":[{"name":"wp","href":"https:\/\/api.w.org\/{rel}","templated":true}]}}