{"id":148191,"date":"2021-01-15T10:56:51","date_gmt":"2021-01-15T10:56:51","guid":{"rendered":"https:\/\/codengine3.ch\/?product=import-placeholder-for-205066"},"modified":"2021-01-15T14:38:26","modified_gmt":"2021-01-15T14:38:26","slug":"die-schoensten-skitourenhuetten","status":"publish","type":"product","link":"https:\/\/pizbube.ch\/en\/shop\/die-schoensten-skitourenhuetten\/","title":{"rendered":"Die sch\u00f6nsten Skitourenh\u00fctten"},"content":{"rendered":"<p>\n68 Touren von 15 ausgew\u00e4hlten H\u00fctten in den Ostalpen; von der Albulagruppe<br \/>\n\u00fcber das Berninagebiet, \u00d6tztaler- Stubaieralpen, Zillertal, Kitzb\u00fcheler Alpen<br \/>\nbis in die Chiemgauer Alpen.  <\/p>\n<p>Das \u00fcppigste Tourenspektrum, die sch\u00f6nste Lage, das urigste Ambiente und der<br \/>\nbeste Service &#8211; Michael Pr\u00f6ttel stellt 15 Skitourenh\u00fctten in den Ostalpen vor,<br \/>\ndie sich mit diesen Pr\u00e4dikaten schm\u00fccken k\u00f6nnen.<\/p>\n<p>Dar\u00fcber hinaus finden Sie: genaue Beschreibung des Aufstiegs, Kartenskizzen<br \/>\nf\u00fcr die rasche \u00dcbersicht, Hinweise und Tipps zu Karten und Anreise, Angaben zu<br \/>\nSchwierigkeit, Gehzeit, H\u00f6hendifferenz und Lawinengef\u00e4hrdung  <\/p>","protected":false},"excerpt":{"rendered":"<p>68 Touren von 15 ausgew\u00e4hlten H\u00fctten in den Ostalpen; von der Albulagruppe \u00fcber das Berninagebiet, \u00d6tztaler- Stubaieralpen, Zillertal, Kitzb\u00fcheler Alpen bis in die Chiemgauer Alpen. Das \u00fcppigste Tourenspektrum, die sch\u00f6nste Lage, das urigste Ambiente und der beste Service &#8211; Michael Pr\u00f6ttel stellt 15 Skitourenh\u00fctten in den Ostalpen vor, die sich mit diesen Pr\u00e4dikaten schm\u00fccken k\u00f6nnen. [&#8230;]\n","protected":false},"featured_media":33662,"template":"","meta":[],"product_brand":[],"product_cat":[21540],"product_tag":[],"class_list":{"0":"post-148191","1":"product","2":"type-product","3":"status-publish","4":"has-post-thumbnail","6":"product_cat-fuehrerliteratur-alpin-winter","7":"pa_autor-proettel","8":"pa_erscheinungsjahr-21842","9":"pa_region-oesterreich","10":"pa_sprache-de","12":"first","13":"outofstock","14":"taxable","15":"shipping-taxable","16":"purchasable","17":"product-type-simple"},"_links":{"self":[{"href":"https:\/\/pizbube.ch\/en\/wp-json\/wp\/v2\/product\/148191","targetHints":{"allow":["GET"]}}],"collection":[{"href":"https:\/\/pizbube.ch\/en\/wp-json\/wp\/v2\/product"}],"about":[{"href":"https:\/\/pizbube.ch\/en\/wp-json\/wp\/v2\/types\/product"}],"wp:featuredmedia":[{"embeddable":true,"href":"https:\/\/pizbube.ch\/en\/wp-json\/wp\/v2\/media\/33662"}],"wp:attachment":[{"href":"https:\/\/pizbube.ch\/en\/wp-json\/wp\/v2\/media?parent=148191"}],"wp:term":[{"taxonomy":"product_brand","embeddable":true,"href":"https:\/\/pizbube.ch\/en\/wp-json\/wp\/v2\/product_brand?post=148191"},{"taxonomy":"product_cat","embeddable":true,"href":"https:\/\/pizbube.ch\/en\/wp-json\/wp\/v2\/product_cat?post=148191"},{"taxonomy":"product_tag","embeddable":true,"href":"https:\/\/pizbube.ch\/en\/wp-json\/wp\/v2\/product_tag?post=148191"}],"curies":[{"name":"wp","href":"https:\/\/api.w.org\/{rel}","templated":true}]}}