{"id":148192,"date":"2021-01-15T10:56:51","date_gmt":"2021-01-15T10:56:51","guid":{"rendered":"https:\/\/codengine3.ch\/?product=import-placeholder-for-208130"},"modified":"2021-01-15T17:50:32","modified_gmt":"2021-01-15T17:50:32","slug":"60-grosse-skitouren-ostalpen","status":"publish","type":"product","link":"https:\/\/pizbube.ch\/en\/shop\/60-grosse-skitouren-ostalpen\/","title":{"rendered":"60 Grosse Skitouren Ostalpen"},"content":{"rendered":"<p>60 erstklassige Touren zwischen R\u00e4tikon und Dachstein sind in diesem F\u00fchrer<br \/>\nvereint \u2013 allesamt Touren, die ein ambitionierter Skitourengeher mal \u00bbgemacht\u00ab<br \/>\nhaben sollte, jede f\u00fcr sich ein H\u00f6hepunkt in der Tourensaison! Mancher gro\u00dfe<br \/>\nRenommiergipfel befindet sich darunter \u2013 Gro\u00dfvenediger, Gro\u00dfglockner,<br \/>\nWei\u00dfkugel und Cevedale \u2013, aber auch eine Reihe von modernen Touren, die erst<br \/>\nmit dem gestiegenen technischen K\u00f6nnen und der besseren Skitourenausr\u00fcstung<br \/>\neinem gr\u00f6\u00dferen Publikum m\u00f6glich geworden sind: Im Birgkar oder an der<br \/>\nRuderhofspitze musste man vor wenigen Jahren meist selbst spuren, heute stehen<br \/>\ndiese Touren weit oben auf dem Wunschzettel engagierter Tourengeher.<\/p>\n<p>Gemeinsam ist der Auswahl, dass man f\u00fcr die enthaltenen Touren eine solide<br \/>\nKondition und gute Technik mitbringen sollte. Touren mit weniger als 1500<br \/>\nH\u00f6henmetern sind die Ausnahme und wurden nur dann aufgenommen, wenn sie beim<br \/>\nRenommee und den Landschaftseindr\u00fccken so punkten konnten, dass sie dennoch zu<br \/>\nden \u00bbganz Gro\u00dfen\u00ab z\u00e4hlen. Teils erleichtern im Winter ge\u00f6ffnete H\u00fctten die<br \/>\nBesteigung eines Gipfels, grunds\u00e4tzlich wird aber jede der Skitouren als<br \/>\nTagestour unternommen \u2013 wenn auch nicht von jedem. Das Gros der Vorschl\u00e4ge<br \/>\nliegt im Bereich der anspruchsvollen, aber durchaus machbaren Tagestour mit<br \/>\nhohem Erinnerungswert, kurz: Touren, f\u00fcr die sich das Aufstehen lohnt.<\/p>\n<p>Ein kompaktes Infoangebot, GPS-Daten zum Download, Kartenausschnitte im<br \/>\nMa\u00dfstab 1:50.000 mit den eingetragenen Routen, Fotos mit Routeneintr\u00e4gen,<br \/>\nklare Wegbeschreibungen und die praktische Umschlagklappe mit allen Touren im<br \/>\n\u00dcberblick machen den F\u00fchrer \u00e4u\u00dferst benutzerfreundlich und erlauben effektive<br \/>\nPlanung und genussvolle Durchf\u00fchrung der Skitouren. Exzellente Farbbilder<br \/>\nmachen Lust aufs Schm\u00f6kern und noch viel mehr aufs Losgehen.<\/p>","protected":false},"excerpt":{"rendered":"<ul>\n<li><a href=\"https:\/\/pizbube.ch\/wp-content\/uploads\/attachments\/a_028\/C6F357D59221A5C68F195E3225E04E6A.pdf\" target=\"_blank\" rel=\"noopener\">PDF: 60 grosse skitouren ostalpen_inhalt<\/a><\/li>\n<\/ul>","protected":false},"featured_media":39430,"template":"","meta":[],"product_brand":[],"product_cat":[21540],"product_tag":[],"class_list":{"0":"post-148192","1":"product","2":"type-product","3":"status-publish","4":"has-post-thumbnail","6":"product_cat-fuehrerliteratur-alpin-winter","7":"pa_autor-strauss","8":"pa_erscheinungsjahr-21597","9":"pa_region-oesterreich","10":"pa_sprache-de","12":"first","13":"instock","14":"taxable","15":"shipping-taxable","16":"purchasable","17":"product-type-simple"},"_links":{"self":[{"href":"https:\/\/pizbube.ch\/en\/wp-json\/wp\/v2\/product\/148192","targetHints":{"allow":["GET"]}}],"collection":[{"href":"https:\/\/pizbube.ch\/en\/wp-json\/wp\/v2\/product"}],"about":[{"href":"https:\/\/pizbube.ch\/en\/wp-json\/wp\/v2\/types\/product"}],"wp:featuredmedia":[{"embeddable":true,"href":"https:\/\/pizbube.ch\/en\/wp-json\/wp\/v2\/media\/39430"}],"wp:attachment":[{"href":"https:\/\/pizbube.ch\/en\/wp-json\/wp\/v2\/media?parent=148192"}],"wp:term":[{"taxonomy":"product_brand","embeddable":true,"href":"https:\/\/pizbube.ch\/en\/wp-json\/wp\/v2\/product_brand?post=148192"},{"taxonomy":"product_cat","embeddable":true,"href":"https:\/\/pizbube.ch\/en\/wp-json\/wp\/v2\/product_cat?post=148192"},{"taxonomy":"product_tag","embeddable":true,"href":"https:\/\/pizbube.ch\/en\/wp-json\/wp\/v2\/product_tag?post=148192"}],"curies":[{"name":"wp","href":"https:\/\/api.w.org\/{rel}","templated":true}]}}