{"id":148197,"date":"2021-01-15T10:56:51","date_gmt":"2021-01-15T10:56:51","guid":{"rendered":"https:\/\/codengine3.ch\/?product=import-placeholder-for-200486"},"modified":"2021-01-15T10:58:04","modified_gmt":"2021-01-15T10:58:04","slug":"irk-4-nordurland-nord-island-regionalkarte-1200000","status":"publish","type":"product","link":"https:\/\/pizbube.ch\/en\/shop\/irk-4-nordurland-nord-island-regionalkarte-1200000\/","title":{"rendered":"IRK 4: Nordurland \/ Nord-Island Regionalkarte 1:200&#8217;000"},"content":{"rendered":"<p>IRK 4: Nordurland \/ Nord-Island Regionalkarte 1:200.000<br \/>\nDie Regionalkarten unterteilen Island in acht Regionen. Auf jeder Karte<br \/>\nbefinden sich die aktuellsten Informationen zum Stra\u00dfensystem des Landes. Die<br \/>\nlandschaflichen Begebenheiten sind auf diesen Karten sehr gut zu erkennen. So<br \/>\nwerden z.b. Gletscher, Sandfl\u00e4chen, geschlossene Vegetationen oder Fl\u00fcsse<br \/>\nausgewiesen. Auf der R\u00fcckseite der Karten befinden sich Erl\u00e4uterungen und<br \/>\nIllustrationen zu den sch\u00f6nsten Naturschaupl\u00e4tzen der jeweiligen Region und<br \/>\nZeichnungen der wichtigsten V\u00f6gel und Pflanzen. Die Regionalkarten leisten<br \/>\nihnen hervorragende Dienste auf ihrer Island Reise.<\/p>\n<p>Sehensw\u00fcrdigkeiten:<br \/>\nHvitserkur, Borgarviki, Vatnsdalsholar, Kalfshamarsvik, Drangey, Pordarh\u00f6fdi,<br \/>\nGrimsey, Hedinsfj\u00f6rdur, Bolugil, Flateyjarskagi, Hraundrangi, Vaglaskogur,<br \/>\nTj\u00f6rnes, Godafoss, Myvatn<\/p>\n<p>Legende enth\u00e4lt:<br \/>\nBauernhof, verlassener Hof, Ruine, Hauptstra\u00dfe asphaltiert, Landstra\u00dfe<br \/>\nasphaltiert, Haupstra\u00dfe Kies, Landstra\u00dfe Kies, Piste, Tunnel, F\u00e4hre, Kirche,<br \/>\nSchule, Sommerhaus, Noth\u00fctte, Schutzh\u00fctte, H\u00fctte, Wasserkraftwerk,<br \/>\nGeothermalkraftwerk, H\u00f6henlinie 100m, H\u00f6henlinien auf Gletschern,<br \/>\nCampingplatz, Schwimmbad, Golfplatz, Flugplatz, Leuchtturm, Stromleitung,<br \/>\nH\u00f6hen in Metern, Furt, Orte, geschlossene Vegetation, sp\u00e4rliche Vegetation,<br \/>\nLava, Sandfl\u00e4che, Flu\u00df, Bach, See, Teich, Stausee, zeitweiliger See,<br \/>\nStrandlinie, Meer, Gletscher<\/p>\n<p>Sprachen: Isl\u00e4ndlisch, Englisch, Deutsch, Franz\u00f6sisch<\/p>","protected":false},"excerpt":{"rendered":"<p>IRK 4: Nordurland \/ Nord-Island Regionalkarte 1:200.000 Die Regionalkarten unterteilen Island in acht Regionen. Auf jeder Karte befinden sich die aktuellsten Informationen zum Stra\u00dfensystem des Landes. Die landschaflichen Begebenheiten sind auf diesen Karten sehr gut zu erkennen. So werden z.b. Gletscher, Sandfl\u00e4chen, geschlossene Vegetationen oder Fl\u00fcsse ausgewiesen. Auf der R\u00fcckseite der Karten befinden sich Erl\u00e4uterungen [&#8230;]\n","protected":false},"featured_media":27032,"template":"","meta":[],"product_brand":[],"product_cat":[21543],"product_tag":[],"class_list":{"0":"post-148197","1":"product","2":"type-product","3":"status-publish","4":"has-post-thumbnail","6":"product_cat-landkarten","7":"pa_autor-forlagid","8":"pa_erscheinungsjahr-21568","9":"pa_region-arktis-antarktis-groenland-island","10":"pa_sprache-de","12":"first","13":"instock","14":"taxable","15":"shipping-taxable","16":"purchasable","17":"product-type-simple"},"_links":{"self":[{"href":"https:\/\/pizbube.ch\/en\/wp-json\/wp\/v2\/product\/148197","targetHints":{"allow":["GET"]}}],"collection":[{"href":"https:\/\/pizbube.ch\/en\/wp-json\/wp\/v2\/product"}],"about":[{"href":"https:\/\/pizbube.ch\/en\/wp-json\/wp\/v2\/types\/product"}],"wp:featuredmedia":[{"embeddable":true,"href":"https:\/\/pizbube.ch\/en\/wp-json\/wp\/v2\/media\/27032"}],"wp:attachment":[{"href":"https:\/\/pizbube.ch\/en\/wp-json\/wp\/v2\/media?parent=148197"}],"wp:term":[{"taxonomy":"product_brand","embeddable":true,"href":"https:\/\/pizbube.ch\/en\/wp-json\/wp\/v2\/product_brand?post=148197"},{"taxonomy":"product_cat","embeddable":true,"href":"https:\/\/pizbube.ch\/en\/wp-json\/wp\/v2\/product_cat?post=148197"},{"taxonomy":"product_tag","embeddable":true,"href":"https:\/\/pizbube.ch\/en\/wp-json\/wp\/v2\/product_tag?post=148197"}],"curies":[{"name":"wp","href":"https:\/\/api.w.org\/{rel}","templated":true}]}}