{"id":148198,"date":"2021-01-15T10:56:51","date_gmt":"2021-01-15T10:56:51","guid":{"rendered":"https:\/\/codengine3.ch\/?product=import-placeholder-for-200474"},"modified":"2021-01-15T10:57:58","modified_gmt":"2021-01-15T10:57:58","slug":"akureyri-myvatn-dettifoss-1120000-150000-serkort-8","status":"publish","type":"product","link":"https:\/\/pizbube.ch\/en\/shop\/akureyri-myvatn-dettifoss-1120000-150000-serkort-8\/","title":{"rendered":"Akureyri \u2013 M\u00fdvatn \u2013 Dettifoss 1:120&#8217;000 \/ 1:50&#8217;000 S\u00e9rkort 8"},"content":{"rendered":"<p>IWK 8: Akureyri &#8211; Myvatn &#8211; Dettifoss 1:120.000 + Spezialkarten 1:50.000<br \/>\nDie Karte bietet ihnen einen umfassenden, detaillierten \u00dcberblick \u00fcber<br \/>\nWanderm\u00f6glichkeiten in den Gebieten um Akureyri, Myvaten und Dettifoss. Diese<br \/>\nAusflusziele liegen im Norden von Island. Der Dettifoss ist einer der<br \/>\nbeeindruckensten Wasserf\u00e4lle Islands. Der Binnensee Myvaten ist Islands<br \/>\ngr\u00f6\u00dfter uns ist ber\u00fchmt f\u00fcr seine einzigartige Tierwelt. Auf der R\u00fcckseite der<br \/>\nKarte sind verschiedene Sehensw\u00fcrdigkeiten mit Bild und kurzer Erkl\u00e4rung<br \/>\naufgef\u00fchrt, sowie die wichtigsten V\u00f6gel in dieser Region. Zudem befindet sich<br \/>\nein Kartenausschnitt von Myvaten und der Gegend zum Dettifoss und Selfoss im<br \/>\nMa\u00dfstab 1:50.000 auf der R\u00fcckseite.<\/p>\n<p>Legende enth\u00e4lt:<br \/>\nBauernhof, Ruine, verlassener Hof, asphaltierte Stra\u00dfe, Schotterstra\u00dfe, Piste,<br \/>\nTunnel, F\u00e4hre Wanderweg, Reitweg, Kirche, Schule, Sommerhaus, Noth\u00fctte,<br \/>\nSchutzh\u00fctte, H\u00fctte, Wasserkraftwerk, Geothermalkraftwerk, H\u00f6henlinien 100m und<br \/>\n20m, H\u00f6henlinien auf Gletschern, Campingplatz, Schwimmbad, Golfplatz,<br \/>\nLeuchtturm, Schafscheideplatz, H\u00f6hen in Meter, Furt, Orte, geschlossene<br \/>\nVegetaion, sp\u00e4rliche Vegetation, Lava, Sandfl\u00e4che, Fluss, Bach, See, Teich,<br \/>\nStausee, zeitweiliger See, Gletscher, &#8230;<\/p>\n<p>Sprachen: Isl\u00e4ndisch, Englisch, Deutsch, Franz\u00f6sisch<\/p>","protected":false},"excerpt":{"rendered":"<p>IWK 8: Akureyri &#8211; Myvatn &#8211; Dettifoss 1:120.000 + Spezialkarten 1:50.000 Die Karte bietet ihnen einen umfassenden, detaillierten \u00dcberblick \u00fcber Wanderm\u00f6glichkeiten in den Gebieten um Akureyri, Myvaten und Dettifoss. Diese Ausflusziele liegen im Norden von Island. Der Dettifoss ist einer der beeindruckensten Wasserf\u00e4lle Islands. Der Binnensee Myvaten ist Islands gr\u00f6\u00dfter uns ist ber\u00fchmt f\u00fcr seine [&#8230;]\n","protected":false},"featured_media":26987,"template":"","meta":[],"product_brand":[],"product_cat":[21543],"product_tag":[],"class_list":{"0":"post-148198","1":"product","2":"type-product","3":"status-publish","4":"has-post-thumbnail","6":"product_cat-landkarten","7":"pa_autor-forlagid","8":"pa_erscheinungsjahr-21568","9":"pa_region-arktis-antarktis-groenland-island","10":"pa_sprache-de","12":"first","13":"instock","14":"taxable","15":"shipping-taxable","16":"purchasable","17":"product-type-simple"},"_links":{"self":[{"href":"https:\/\/pizbube.ch\/en\/wp-json\/wp\/v2\/product\/148198","targetHints":{"allow":["GET"]}}],"collection":[{"href":"https:\/\/pizbube.ch\/en\/wp-json\/wp\/v2\/product"}],"about":[{"href":"https:\/\/pizbube.ch\/en\/wp-json\/wp\/v2\/types\/product"}],"wp:featuredmedia":[{"embeddable":true,"href":"https:\/\/pizbube.ch\/en\/wp-json\/wp\/v2\/media\/26987"}],"wp:attachment":[{"href":"https:\/\/pizbube.ch\/en\/wp-json\/wp\/v2\/media?parent=148198"}],"wp:term":[{"taxonomy":"product_brand","embeddable":true,"href":"https:\/\/pizbube.ch\/en\/wp-json\/wp\/v2\/product_brand?post=148198"},{"taxonomy":"product_cat","embeddable":true,"href":"https:\/\/pizbube.ch\/en\/wp-json\/wp\/v2\/product_cat?post=148198"},{"taxonomy":"product_tag","embeddable":true,"href":"https:\/\/pizbube.ch\/en\/wp-json\/wp\/v2\/product_tag?post=148198"}],"curies":[{"name":"wp","href":"https:\/\/api.w.org\/{rel}","templated":true}]}}