{"id":148199,"date":"2021-01-15T10:56:51","date_gmt":"2021-01-15T10:56:51","guid":{"rendered":"https:\/\/codengine3.ch\/?product=import-placeholder-for-206131"},"modified":"2022-02-16T12:03:40","modified_gmt":"2022-02-16T11:03:40","slug":"island-iceland-islande-1600000","status":"publish","type":"product","link":"https:\/\/pizbube.ch\/en\/shop\/island-iceland-islande-1600000\/","title":{"rendered":"Island Iceland Islande 1:600&#8217;000"},"content":{"rendered":"<p>Islandkarte 1:600&#8217;000<\/p>\n<p>Hochwertige Islandkarte mit H\u00f6hendarstellung. Sie finden dort aktuellste<br \/>\nStra\u00dfeninformationen, Entfernungen und Stra\u00dfennummern sowie praktische<br \/>\ntouristische Informationen \u00fcber Tankstellen, \u00dcbernachtungsm\u00f6glichkeiten,<br \/>\nSchwimmb\u00e4der, Museen, Golfpl\u00e4tze, Rettungsh\u00fctten, Wanderh\u00fctten, Hotels,<br \/>\nPensionen (ganzj\u00e4hrig und nur im Sommer ge\u00f6ffnet), Zeltpl\u00e4tze,<br \/>\nInformationszentren, Ausstellungen, Kulturzentren, Skigebiete, befestigte und<br \/>\nunbefestigte Stra\u00dfen, \u00f6ffentliche unbefestigte Stra\u00dfen oder Feldwege, andere<br \/>\nunbefestigte Stra\u00dfen oder Feldwege, Tunnel, Stra\u00dfennummern, Entfernungen in<br \/>\nkm, Furten, internationaler Flughafen, Flugplatz oder Rollfeld, F\u00e4hrllinien,<br \/>\nLeuchtt\u00fcrme, Wasserkraftwerke, Geothermalkraftwerke, Ortschaften, Bauernh\u00f6fe,<br \/>\nKirchen, Bezirksgrenzen, Erholungs- und Naturschutzgebiete, Fl\u00fcsse, B\u00e4cher,<br \/>\nThermalgebiete usw.<br \/>\nMit dabei ist ein Orts- und Namensregister mit \u00fcber 3000 Ortsnamen.<\/p>\n<p>F\u00fcr jeden Islandplaner und Islandfahrer eine ausgezeichnete \u00dcbersichtskarte.<\/p>\n<p>Viersprachige Legende in Isl\u00e4ndisch, Englisch, Deutsch und Franz\u00f6sisch<br \/>\n16. Auflage, erschienen 2014<br \/>\nGefaltete Karte in Plastikmappe, Gr\u00f6\u00dfe der Karte offen: 109,7 cm x 78,2 cm<\/p>","protected":false},"excerpt":{"rendered":"<p>Islandkarte 1:600&#8217;000 Hochwertige Islandkarte mit H\u00f6hendarstellung. Sie finden dort aktuellste Stra\u00dfeninformationen, Entfernungen und Stra\u00dfennummern sowie praktische touristische Informationen \u00fcber Tankstellen, \u00dcbernachtungsm\u00f6glichkeiten, Schwimmb\u00e4der, Museen, Golfpl\u00e4tze, Rettungsh\u00fctten, Wanderh\u00fctten, Hotels, Pensionen (ganzj\u00e4hrig und nur im Sommer ge\u00f6ffnet), Zeltpl\u00e4tze, Informationszentren, Ausstellungen, Kulturzentren, Skigebiete, befestigte und unbefestigte Stra\u00dfen, \u00f6ffentliche unbefestigte Stra\u00dfen oder Feldwege, andere unbefestigte Stra\u00dfen oder Feldwege, Tunnel, Stra\u00dfennummern, [&#8230;]\n","protected":false},"featured_media":160718,"template":"","meta":[],"product_brand":[],"product_cat":[21543],"product_tag":[],"class_list":{"0":"post-148199","1":"product","2":"type-product","3":"status-publish","4":"has-post-thumbnail","6":"product_cat-landkarten","7":"pa_autor-ferdakort","8":"pa_erscheinungsjahr-21586","9":"pa_region-uebrigers-europa","10":"pa_sprache-d","11":"pa_sprache-e","12":"pa_sprache-f","14":"first","15":"instock","16":"taxable","17":"shipping-taxable","18":"purchasable","19":"product-type-simple"},"_links":{"self":[{"href":"https:\/\/pizbube.ch\/en\/wp-json\/wp\/v2\/product\/148199","targetHints":{"allow":["GET"]}}],"collection":[{"href":"https:\/\/pizbube.ch\/en\/wp-json\/wp\/v2\/product"}],"about":[{"href":"https:\/\/pizbube.ch\/en\/wp-json\/wp\/v2\/types\/product"}],"wp:featuredmedia":[{"embeddable":true,"href":"https:\/\/pizbube.ch\/en\/wp-json\/wp\/v2\/media\/160718"}],"wp:attachment":[{"href":"https:\/\/pizbube.ch\/en\/wp-json\/wp\/v2\/media?parent=148199"}],"wp:term":[{"taxonomy":"product_brand","embeddable":true,"href":"https:\/\/pizbube.ch\/en\/wp-json\/wp\/v2\/product_brand?post=148199"},{"taxonomy":"product_cat","embeddable":true,"href":"https:\/\/pizbube.ch\/en\/wp-json\/wp\/v2\/product_cat?post=148199"},{"taxonomy":"product_tag","embeddable":true,"href":"https:\/\/pizbube.ch\/en\/wp-json\/wp\/v2\/product_tag?post=148199"}],"curies":[{"name":"wp","href":"https:\/\/api.w.org\/{rel}","templated":true}]}}